{"id":2159,"date":"2022-12-13T14:45:44","date_gmt":"2022-12-13T14:45:44","guid":{"rendered":"https:\/\/innosenta.com\/?page_id=2159"},"modified":"2023-05-26T11:31:38","modified_gmt":"2023-05-26T11:31:38","slug":"ladenregeln","status":"publish","type":"page","link":"https:\/\/innosenta.com\/de\/ladenregeln\/","title":{"rendered":"Shop-Regeln"},"content":{"rendered":"<div data-elementor-type=\"wp-page\" data-elementor-id=\"2159\" class=\"elementor elementor-2159\" data-elementor-post-type=\"page\">\n\t\t\t\t\t\t<section class=\"elementor-section elementor-top-section elementor-element elementor-element-4f101bc7 elementor-section-boxed elementor-section-height-default elementor-section-height-default\" data-id=\"4f101bc7\" data-element_type=\"section\" data-settings=\"{&quot;background_background&quot;:&quot;classic&quot;}\">\n\t\t\t\t\t\t<div class=\"elementor-container elementor-column-gap-default\">\n\t\t\t\t\t<div class=\"elementor-column elementor-col-100 elementor-top-column elementor-element elementor-element-7bd3d632\" data-id=\"7bd3d632\" data-element_type=\"column\">\n\t\t\t<div class=\"elementor-widget-wrap elementor-element-populated\">\n\t\t\t\t\t\t<div class=\"elementor-element elementor-element-489d5ae9 elementor-widget elementor-widget-heading\" data-id=\"489d5ae9\" data-element_type=\"widget\" data-widget_type=\"heading.default\">\n\t\t\t\t<div class=\"elementor-widget-container\">\n\t\t\t\t\t<h2 class=\"elementor-heading-title elementor-size-default\">Bedingungen f\u00fcr die Nutzung<\/h2>\t\t\t\t<\/div>\n\t\t\t\t<\/div>\n\t\t\t\t\t<\/div>\n\t\t<\/div>\n\t\t\t\t\t<\/div>\n\t\t<\/section>\n\t\t\t\t<section class=\"elementor-section elementor-top-section elementor-element elementor-element-133d72b9 elementor-section-boxed elementor-section-height-default elementor-section-height-default\" data-id=\"133d72b9\" data-element_type=\"section\" data-settings=\"{&quot;background_background&quot;:&quot;classic&quot;}\">\n\t\t\t\t\t\t<div class=\"elementor-container elementor-column-gap-default\">\n\t\t\t\t\t<div class=\"elementor-column elementor-col-100 elementor-top-column elementor-element elementor-element-2aa18834\" data-id=\"2aa18834\" data-element_type=\"column\">\n\t\t\t<div class=\"elementor-widget-wrap elementor-element-populated\">\n\t\t\t\t\t\t<div class=\"elementor-element elementor-element-38db0d48 elementor-widget elementor-widget-text-editor\" data-id=\"38db0d48\" data-element_type=\"widget\" data-widget_type=\"text-editor.default\">\n\t\t\t\t<div class=\"elementor-widget-container\">\n\t\t\t\t\t\t\t\t\t<p><strong>1. allgemeine Regeln<\/strong><\/p><p>1.1 Diese Nutzungsbedingungen legen die Bedingungen f\u00fcr den Abschluss und die Erf\u00fcllung eines Vertrages im Online-Shop fest\u00a0<em>www.innosenta.com<\/em> f\u00fcr die gekauften Waren zwischen dem Verk\u00e4ufer SIA \"spring breath\", reg.no.40203384113 , und dem K\u00e4ufer - online shop <em>www.innosenta.com<\/em>\u00a0 Kunden.<\/p><p>1.2 Der K\u00e4ufer akzeptiert diese Bedingungen und stimmt ihnen zu, wenn er sie gelesen hat, indem er das K\u00e4stchen zum Zeitpunkt des Kaufs ankreuzt.<\/p><p>1.3 Der Vertrag zwischen dem K\u00e4ufer und dem Kunden kommt zu dem Zeitpunkt zustande, an dem der K\u00e4ufer die Waren bestellt und bezahlt hat, indem er die f\u00fcr die Bestellung erforderlichen Angaben korrekt ausgef\u00fcllt hat.<\/p><p><strong>2. bestellen und bezahlen<\/strong><\/p><p>2.1 Der K\u00e4ufer bestellt die Waren im Online-Shop unter Verwendung der eingebauten technischen M\u00f6glichkeiten.<\/p><p>2.2 Der K\u00e4ufer muss seine Kontaktpersonen und die Art der Lieferung angeben. F\u00fcr alle vom K\u00e4ufer \u00fcbermittelten personenbezogenen Daten gelten die Bestimmungen der Datenschutzrichtlinie.<\/p><p>2.3 Jede Bestellung des K\u00e4ufers wird in der Datenbank des Verk\u00e4ufers gespeichert.<\/p><p>2.4 Die Auftragsbest\u00e4tigung wird dem K\u00e4ufer durch Zusendung einer Mitteilung an die vom K\u00e4ufer angegebene E-Mail-Adresse mitgeteilt.<\/p><p>2.5 Die Preise der Waren im Online-Shop sind in Euro inklusive Mehrwertsteuer (falls zutreffend) angegeben.<\/p><p>2.6 Der K\u00e4ufer kann die bestellten Waren per Internetbanking (Bankverbindung) oder per Zahlungskarte bezahlen.<\/p><p>2.7 Der Kunde muss seine bevorzugte Online-Bank ausw\u00e4hlen oder seine Zahlungskartendaten in die Zahlungsvorlage eingeben und die Schritte auf dem Bildschirm befolgen, um die Zahlung durchzuf\u00fchren.<\/p><p>2.8 Wenn der Verk\u00e4ufer die Zahlung f\u00fcr die Waren erh\u00e4lt, erh\u00e4lt der K\u00e4ufer eine E-Mail, dass die Bestellung best\u00e4tigt wurde.<\/p><p>2.9 Das Konnossement wird ausschlie\u00dflich an die E-Mail-Adresse des K\u00e4ufers gesendet, wird elektronisch erstellt und ist ohne Unterschrift g\u00fcltig.<\/p><p><strong>3. die Lieferung<\/strong><\/p><p>3.1 Die Waren werden an Omniva- oder DPD-Paketautomaten in Lettland zu den zum Zeitpunkt der Zahlung angegebenen Preisen geliefert. Bestellungen \u00fcber 35 EUR werden ohne zus\u00e4tzliche Lieferkosten (innerhalb Lettlands) geliefert.<\/p><p>3.2 Vor der Zahlung w\u00e4hlt der K\u00e4ufer aus der Liste der verf\u00fcgbaren Paketautomaten die f\u00fcr ihn g\u00fcnstigste Versandart und den konkreten Paketautomaten aus.<\/p><p>3.3 Die Lieferung ist auch in andere europ\u00e4ische L\u00e4nder zu den folgenden Preisen (ohne Mehrwertsteuer) m\u00f6glich, <u>Die Lieferpreise k\u00f6nnen je nach den von den Lieferanten verlangten Preisen variieren:<\/u><\/p><table><tbody><tr><td width=\"156\"><p>Ort der Lieferung<\/p><\/td><td width=\"156\"><p>Lieferung nach Estland, Litauen<\/p><\/td><td width=\"156\"><p>Lieferung in andere europ\u00e4ische L\u00e4nder<\/p><\/td><\/tr><tr><td width=\"156\"><p>Omniva-Pakete<\/p><\/td><td width=\"156\"><p>5,00<\/p><\/td><td width=\"156\"><p>Von 15,00<\/p><\/td><\/tr><tr><td width=\"156\"><p>DPD-Pakete<\/p><\/td><td width=\"156\"><p>5,00<\/p><\/td><td width=\"156\"><p>Von 10,00<\/p><\/td><\/tr><\/tbody><\/table><p>3.4 Die spezifischen Preise f\u00fcr die Lieferung in europ\u00e4ische L\u00e4nder werden zum Zeitpunkt der Bestellung und der Angabe der gew\u00e4hlten Lieferadresse gem\u00e4\u00df den von den Lieferanten angegebenen Preisen berechnet.<\/p><p>\u00a0<span style=\"color: var( --e-global-color-text ); letter-spacing: 0px;\">Wenn der K\u00e4ufer eine Lieferung in europ\u00e4ische L\u00e4nder w\u00fcnscht, kann er die Waren auch per E-Mail beim Verk\u00e4ufer bestellen: <\/span><em style=\"color: var( --e-global-color-text ); letter-spacing: 0px;\">info@innosenta.lv<\/em><\/p><p>3.5 Wenn der K\u00e4ufer die Ware nicht innerhalb der angegebenen Frist, die dem K\u00e4ufer per SMS und\/oder E-Mail mitgeteilt wird, im Paketb\u00fcro abholt, wird die Ware an den Verk\u00e4ufer zur\u00fcckgeschickt, die Bestellung wird storniert.  Dem K\u00e4ufer wird das f\u00fcr die Ware bezahlte Geld in H\u00f6he von 50 % des Kaufpreises zur\u00fcckerstattet. Wenn die Ware nicht besch\u00e4digt ist, kann dem K\u00e4ufer nach Ermessen des Verk\u00e4ufers der volle Kaufpreis abz\u00fcglich der Versandkosten und 10 \u20ac f\u00fcr die Bearbeitung der zur\u00fcckgesandten Bestellung gutgeschrieben werden.<\/p><p>3.6 Die Lieferung ist auch per Kurierdienst an eine vom K\u00e4ufer angegebene Adresse m\u00f6glich, sowohl in Lettland als auch in anderen europ\u00e4ischen L\u00e4ndern; es handelt sich um Richtpreise (ohne MwSt.), <span style=\"text-decoration: underline;\">Die Lieferpreise sind freibleibend und richten sich nach den Preisen der Lieferanten.<\/span>:<\/p><table><tbody><tr><td width=\"124\"><p>Anbieter<\/p><\/td><td width=\"106\"><p>Lieferung in Lettland<\/p><\/td><td width=\"119\"><p>Lieferung nach Estland, Litauen<\/p><\/td><td width=\"118\"><p>Lieferung in andere europ\u00e4ische L\u00e4nder<\/p><\/td><\/tr><tr><td width=\"124\"><p>Omniva<\/p><\/td><td width=\"106\"><p>5,00<\/p><\/td><td width=\"119\"><p>8,00<\/p><\/td><td width=\"118\"><p>Von 15,00<\/p><\/td><\/tr><tr><td width=\"124\"><p>DPD<\/p><\/td><td width=\"106\"><p>5,00<\/p><\/td><td width=\"119\"><p>7,00<\/p><\/td><td width=\"118\"><p>Von 10,00<\/p><\/td><\/tr><\/tbody><\/table><p>3.7 Spezifische Lieferpreise werden auf Anfrage berechnet. Wenn der K\u00e4ufer eine Lieferung per Kurier an eine bestimmte Adresse w\u00fcnscht, muss er die Waren per E-Mail beim Verk\u00e4ufer bestellen: <em>info@innosenta.lv<\/em><\/p><p><span style=\"color: var( --e-global-color-text ); letter-spacing: 0px;\">3.8 Der K\u00e4ufer ist daf\u00fcr verantwortlich, eine vollst\u00e4ndig genaue und korrekte Adresse anzugeben und die Waren an dieser Adresse abzuholen. Ist der K\u00e4ufer zum Zeitpunkt der Lieferung nicht an der Adresse und holt er die Waren nicht an der Adresse ab, \u00fcbergibt der Verk\u00e4ufer die Waren an eine andere Person an der Adresse, die Waren gelten als geliefert und der K\u00e4ufer ist nicht berechtigt, diesbez\u00fcgliche Anspr\u00fcche gegen den Verk\u00e4ufer geltend zu machen.<\/span><\/p><p>3.9 Die Lieferbedingungen sind vorl\u00e4ufig und k\u00f6nnen sich aufgrund von \u00c4nderungen in der Leistungserbringung durch die Warenlieferanten oder anderer objektiver Umst\u00e4nde \u00e4ndern.<\/p><p>3.10 Die Lieferung der Waren kann sich durch unvorhergesehene Umst\u00e4nde, die der Verk\u00e4ufer nicht zu vertreten hat, verz\u00f6gern. Der Verk\u00e4ufer muss den K\u00e4ufer benachrichtigen, wenn die Verz\u00f6gerung durch den Verk\u00e4ufer verursacht wurde. Der K\u00e4ufer kann das Recht aus\u00fcben, vom Vertrag \u00fcber den Kauf der Waren zur\u00fcckzutreten.<\/p><p>3.11 Der Verk\u00e4ufer haftet nicht f\u00fcr Verz\u00f6gerungen bei der Lieferung der Waren aus objektiven Gr\u00fcnden, einschlie\u00dflich des Verschuldens von Dritten oder des K\u00e4ufers.<\/p><p>3.12 Mit der \u00dcbergabe der Waren an den K\u00e4ufer geht die Haftung f\u00fcr die Waren auf den K\u00e4ufer \u00fcber.<\/p><p><strong>4. die R\u00fcckgabe von Waren<\/strong><\/p><p>4.1 Handelt es sich bei dem K\u00e4ufer um einen Verbraucher (nat\u00fcrliche Person), so hat der K\u00e4ufer gem\u00e4\u00df dem Gesetz zum Schutz der Verbraucherrechte das Recht, innerhalb von 14 Tagen ohne Angabe von Gr\u00fcnden vom Kaufvertrag zur\u00fcckzutreten. Das R\u00fccktrittsrecht erlischt nach 14 Tagen ab dem Tag des Erhalts der Ware. F\u00e4llt das Verfallsdatum auf einen \"offiziellen\" Feiertag, muss das R\u00fccktrittsrecht bis einschlie\u00dflich des auf das Verfallsdatum folgenden Werktages ausge\u00fcbt werden.<\/p><p>4.2 Der K\u00e4ufer muss dem Verk\u00e4ufer die Stornierung schriftlich per E-Mail mitteilen an <i>info@innosenta.lv.<\/i> Der Widerruf kann in freier Form oder mit diesem Widerrufsformular erfolgen.<\/p><p>4.3 Innerhalb der Widerrufsfrist hat der K\u00e4ufer die Ware an den Verk\u00e4ufer im Omniva-Kiosk in Sigulda, Vidus iela 1, (ELVI-Supermarkt-Kiosk) zur\u00fcckzugeben. Die Frist ist gewahrt, wenn der K\u00e4ufer die Ware vor Ablauf der 14-t\u00e4gigen Frist zur\u00fccksendet.<\/p><p>4.4 Die zur\u00fcckgesandten Waren m\u00fcssen unbenutzt sein und sich in demselben Zustand befinden, in dem sie versandt wurden.\u00a0<\/p><p>4.5 Nach Erhalt der berechtigten zur\u00fcckgegebenen Waren erstattet der Verk\u00e4ufer den an den K\u00e4ufer gezahlten Betrag auf das Konto des K\u00e4ufers zur\u00fcck, von dem aus die Zahlung geleistet wurde, einschlie\u00dflich der R\u00fcckerstattung der Lieferkosten (mit Ausnahme der zus\u00e4tzlichen Kosten, die dadurch entstehen, dass der K\u00e4ufer eine andere als die vom Verk\u00e4ufer angebotene g\u00fcnstigste Standardliefermethode gew\u00e4hlt hat).<\/p><p>Hat der K\u00e4ufer bereits fr\u00fcher von seinem R\u00fccktrittsrecht von den Innosenta-Produkten Gebrauch gemacht, beh\u00e4lt sich der Verk\u00e4ufer das Recht vor, die mit der Aus\u00fcbung des R\u00fccktritts verbundenen Liefer- und Rechnungskosten f\u00fcr sp\u00e4tere R\u00fccktritte in Rechnung zu stellen.<\/p><p>4.6 Wenn der K\u00e4ufer vom Kaufvertrag zur\u00fccktritt, bevor die Waren an den K\u00e4ufer versandt wurden, muss der K\u00e4ufer den Verk\u00e4ufer schriftlich per E-Mail informieren: <em>info@innosenta.lv<\/em>. Der Auftrag wird storniert.<\/p><p>4.7 Der Verk\u00e4ufer tauscht Waren um oder akzeptiert die R\u00fcckgabe von Waren mangelhafter Qualit\u00e4t gegen Erstattung des Kaufpreises an den K\u00e4ufer gem\u00e4\u00df den Bestimmungen des Gesetzes zum Schutz der Verbraucherrechte. Der Umtausch und die R\u00fcckerstattung gelten nicht f\u00fcr Waren, die vors\u00e4tzlich oder fahrl\u00e4ssig besch\u00e4digt wurden, wenn die Bedingungen f\u00fcr die Verwendung oder Lagerung der Waren verletzt wurden oder wenn die Waren unsachgem\u00e4\u00df oder nicht f\u00fcr den vorgesehenen Zweck verwendet wurden.<\/p><p><strong>5 Rechte und Pflichten des K\u00e4ufers<\/strong><\/p><p>5.1 Bei der Bestellung von Waren muss der K\u00e4ufer genaue und korrekte pers\u00f6nliche Daten angeben.<\/p><p>5.2 Der K\u00e4ufer hat das Recht, die Bestellung zu stornieren und vom Vertrag zur\u00fcckzutreten, die gekaufte Ware umzutauschen oder zur\u00fcckzugeben, und zwar gem\u00e4\u00df dem in diesen Bedingungen festgelegten Verfahren.<\/p><p>5.3 Der K\u00e4ufer ist verpflichtet, diese und andere Bedingungen des Verk\u00e4ufers sowie die Gesetze der Republik Lettland einzuhalten.<\/p><p>5.4 Der K\u00e4ufer hat die bestellten Waren in \u00dcbereinstimmung mit diesen Bedingungen zu bezahlen und abzunehmen.<\/p><p><strong>6. die Rechte und Pflichten des Verk\u00e4ufers<\/strong><\/p><p>6.1 Der Verk\u00e4ufer ist verpflichtet, die Auftr\u00e4ge des K\u00e4ufers gem\u00e4\u00df diesen Bedingungen auszuf\u00fchren.<\/p><p>6.2 Der Verk\u00e4ufer kontaktiert den K\u00e4ufer nur in dem Umfang, in dem der K\u00e4ufer dies gestattet hat, um die Bestellung zu erf\u00fcllen oder zu Marketingzwecken.<\/p><p>6.3 Der Verk\u00e4ufer verpflichtet sich, die Privatsph\u00e4re des K\u00e4ufers und den Schutz der pers\u00f6nlichen Daten des K\u00e4ufers in \u00dcbereinstimmung mit der DSGVO und anderen geltenden Gesetzen und Vorschriften zu respektieren.<\/p><p><strong>7. schlussbestimmungen<\/strong><\/p><p>7.1 Diese Bedingungen sind f\u00fcr den K\u00e4ufer und den Verk\u00e4ufer verbindlich.<\/p><p>7.2 Alle Streitigkeiten zwischen dem K\u00e4ufer und dem Verk\u00e4ufer werden auf dem Verhandlungswege beigelegt.<\/p><p>Wird innerhalb von 30 (drei\u00dfig) Kalendertagen keine Einigung erzielt, so wird der Streit nach dem in den Gesetzen und Vorschriften der Republik Lettland festgelegten Verfahren beigelegt.<\/p><p>\u00a0<\/p>\t\t\t\t\t\t\t\t<\/div>\n\t\t\t\t<\/div>\n\t\t\t\t\t<\/div>\n\t\t<\/div>\n\t\t\t\t\t<\/div>\n\t\t<\/section>\n\t\t\t\t<\/div>","protected":false},"excerpt":{"rendered":"<p>Allgemeine Gesch\u00e4ftsbedingungen 1.1 Diese Gesch\u00e4ftsbedingungen regeln die Bedingungen f\u00fcr den Abschluss und die Erf\u00fcllung des Vertrages \u00fcber die im Online-Shop www.innosenta.com gekauften Waren zwischen dem Verk\u00e4ufer SIA \"spring breath\", Reg.-Nr. 40203384113 , und dem K\u00e4ufer - dem Kunden des Online-Shops www.innosenta.com. 1.2 Der K\u00e4ufer best\u00e4tigt und erkl\u00e4rt sich mit diesen Bedingungen einverstanden, wenn er sie gelesen hat, indem er das K\u00e4stchen zum Zeitpunkt des Kaufs ankreuzt. 1.3 Der Vertrag zwischen [...]<\/p>","protected":false},"author":1,"featured_media":0,"parent":0,"menu_order":0,"comment_status":"closed","ping_status":"closed","template":"","meta":{"footnotes":""},"class_list":["post-2159","page","type-page","status-publish","hentry"],"_links":{"self":[{"href":"https:\/\/innosenta.com\/de\/wp-json\/wp\/v2\/pages\/2159","targetHints":{"allow":["GET"]}}],"collection":[{"href":"https:\/\/innosenta.com\/de\/wp-json\/wp\/v2\/pages"}],"about":[{"href":"https:\/\/innosenta.com\/de\/wp-json\/wp\/v2\/types\/page"}],"author":[{"embeddable":true,"href":"https:\/\/innosenta.com\/de\/wp-json\/wp\/v2\/users\/1"}],"replies":[{"embeddable":true,"href":"https:\/\/innosenta.com\/de\/wp-json\/wp\/v2\/comments?post=2159"}],"version-history":[{"count":16,"href":"https:\/\/innosenta.com\/de\/wp-json\/wp\/v2\/pages\/2159\/revisions"}],"predecessor-version":[{"id":3440,"href":"https:\/\/innosenta.com\/de\/wp-json\/wp\/v2\/pages\/2159\/revisions\/3440"}],"wp:attachment":[{"href":"https:\/\/innosenta.com\/de\/wp-json\/wp\/v2\/media?parent=2159"}],"curies":[{"name":"wp","href":"https:\/\/api.w.org\/{rel}","templated":true}]}}