{"id":2178,"date":"2022-12-13T14:48:36","date_gmt":"2022-12-13T14:48:36","guid":{"rendered":"https:\/\/innosenta.com\/?page_id=2178"},"modified":"2022-12-21T18:57:37","modified_gmt":"2022-12-21T18:57:37","slug":"lieferung-von-waren","status":"publish","type":"page","link":"https:\/\/innosenta.com\/de\/lieferung-von-waren\/","title":{"rendered":"Lieferung von Waren"},"content":{"rendered":"<div data-elementor-type=\"wp-page\" data-elementor-id=\"2178\" class=\"elementor elementor-2178\" data-elementor-post-type=\"page\">\n\t\t\t\t\t\t<section class=\"elementor-section elementor-top-section elementor-element elementor-element-2fde0c82 elementor-section-boxed elementor-section-height-default elementor-section-height-default\" data-id=\"2fde0c82\" data-element_type=\"section\" data-settings=\"{&quot;background_background&quot;:&quot;classic&quot;}\">\n\t\t\t\t\t\t<div class=\"elementor-container elementor-column-gap-default\">\n\t\t\t\t\t<div class=\"elementor-column elementor-col-100 elementor-top-column elementor-element elementor-element-35428578\" data-id=\"35428578\" data-element_type=\"column\">\n\t\t\t<div class=\"elementor-widget-wrap elementor-element-populated\">\n\t\t\t\t\t\t<div class=\"elementor-element elementor-element-5f0f70f elementor-widget elementor-widget-heading\" data-id=\"5f0f70f\" data-element_type=\"widget\" data-widget_type=\"heading.default\">\n\t\t\t\t<div class=\"elementor-widget-container\">\n\t\t\t\t\t<h2 class=\"elementor-heading-title elementor-size-default\">Lieferung von Waren<\/h2>\t\t\t\t<\/div>\n\t\t\t\t<\/div>\n\t\t\t\t\t<\/div>\n\t\t<\/div>\n\t\t\t\t\t<\/div>\n\t\t<\/section>\n\t\t\t\t<section class=\"elementor-section elementor-top-section elementor-element elementor-element-1de5e1c7 elementor-section-boxed elementor-section-height-default elementor-section-height-default\" data-id=\"1de5e1c7\" data-element_type=\"section\" data-settings=\"{&quot;background_background&quot;:&quot;classic&quot;}\">\n\t\t\t\t\t\t<div class=\"elementor-container elementor-column-gap-default\">\n\t\t\t\t\t<div class=\"elementor-column elementor-col-100 elementor-top-column elementor-element elementor-element-74033143\" data-id=\"74033143\" data-element_type=\"column\">\n\t\t\t<div class=\"elementor-widget-wrap elementor-element-populated\">\n\t\t\t\t\t\t<div class=\"elementor-element elementor-element-4c5b013c elementor-widget elementor-widget-text-editor\" data-id=\"4c5b013c\" data-element_type=\"widget\" data-widget_type=\"text-editor.default\">\n\t\t\t\t<div class=\"elementor-widget-container\">\n\t\t\t\t\t\t\t\t\t<p class=\"p1\">1.1 Die Waren werden an Omniva oder DPD-Paketautomaten in Lettland gem\u00e4\u00df der Preisliste geliefert. Bestellungen \u00fcber 40 EUR - kostenlose Lieferung innerhalb Lettlands.<\/p><p class=\"p1\">1.2 Vor der Zahlung w\u00e4hlt der K\u00e4ufer aus der Liste der verf\u00fcgbaren Paketautomaten die f\u00fcr ihn g\u00fcnstigste Versandart und den konkreten Paketautomaten aus.<\/p><p class=\"p1\">1.3 Wenn der K\u00e4ufer die Waren nicht innerhalb der ihm per SMS und\/oder E-Mail mitgeteilten Frist im Paketb\u00fcro abholt, werden die Waren an den Verk\u00e4ufer zur\u00fcckgeschickt, die Bestellung wird storniert und der K\u00e4ufer erh\u00e4lt den f\u00fcr die Waren gezahlten Betrag abz\u00fcglich der Lieferkosten und der Geb\u00fchren der Zahlungsdienstleister zur\u00fcck.<\/p><p class=\"p1\">1.4 Die Lieferung kann auch durch einen Kurierdienst an eine vom K\u00e4ufer angegebene Adresse in Lettland und anderen europ\u00e4ischen L\u00e4ndern oder an Paketdienste in anderen europ\u00e4ischen L\u00e4ndern erfolgen. Spezifische Lieferpreise werden auf Anfrage berechnet. Wenn der K\u00e4ufer die in diesem Absatz genannten Liefermethoden nutzen m\u00f6chte, muss er die Waren bestellen, indem er den Verk\u00e4ufer per E-Mail kontaktiert <em>info@innosenta.lv<\/em>.<\/p><p class=\"p1\">1.5 Die Lieferung der Waren kann sich durch unvorhergesehene Umst\u00e4nde, die der Verk\u00e4ufer nicht zu vertreten hat, verz\u00f6gern. Der Verk\u00e4ufer hat den K\u00e4ufer zu informieren, wenn die Verz\u00f6gerung durch den Verk\u00e4ufer verursacht wurde. Der K\u00e4ufer kann das Recht aus\u00fcben, vom Vertrag \u00fcber den Kauf der Waren zur\u00fcckzutreten.<\/p><p class=\"p1\">1.6 Der Verk\u00e4ufer haftet nicht f\u00fcr Verz\u00f6gerungen bei der Lieferung der Waren aus objektiven Gr\u00fcnden, einschlie\u00dflich des Verschuldens von Dritten oder des K\u00e4ufers.<\/p><p class=\"p1\">1.7 Lesen Sie mehr in den Nutzungsbedingungen.<\/p>\t\t\t\t\t\t\t\t<\/div>\n\t\t\t\t<\/div>\n\t\t\t\t\t<\/div>\n\t\t<\/div>\n\t\t\t\t\t<\/div>\n\t\t<\/section>\n\t\t\t\t<\/div>","protected":false},"excerpt":{"rendered":"<p>Lieferung der Waren 1.1 Die Waren werden an Omniva- oder DPD-Paketautomaten in Lettland gem\u00e4\u00df der Preisliste geliefert. Bei einem Bestellwert von \u00fcber 40 EUR erfolgt die Lieferung innerhalb Lettlands kostenlos. 1.2 Vor der Zahlung w\u00e4hlt der K\u00e4ufer die f\u00fcr ihn g\u00fcnstigste Zustellungsart und die entsprechende Paketstation aus der Liste der verf\u00fcgbaren Paketstationen aus. 1.3 Wenn der K\u00e4ufer die Ware nicht bei der [...]<\/p>","protected":false},"author":1,"featured_media":0,"parent":0,"menu_order":0,"comment_status":"closed","ping_status":"closed","template":"","meta":{"footnotes":""},"class_list":["post-2178","page","type-page","status-publish","hentry"],"_links":{"self":[{"href":"https:\/\/innosenta.com\/de\/wp-json\/wp\/v2\/pages\/2178","targetHints":{"allow":["GET"]}}],"collection":[{"href":"https:\/\/innosenta.com\/de\/wp-json\/wp\/v2\/pages"}],"about":[{"href":"https:\/\/innosenta.com\/de\/wp-json\/wp\/v2\/types\/page"}],"author":[{"embeddable":true,"href":"https:\/\/innosenta.com\/de\/wp-json\/wp\/v2\/users\/1"}],"replies":[{"embeddable":true,"href":"https:\/\/innosenta.com\/de\/wp-json\/wp\/v2\/comments?post=2178"}],"version-history":[{"count":8,"href":"https:\/\/innosenta.com\/de\/wp-json\/wp\/v2\/pages\/2178\/revisions"}],"predecessor-version":[{"id":2553,"href":"https:\/\/innosenta.com\/de\/wp-json\/wp\/v2\/pages\/2178\/revisions\/2553"}],"wp:attachment":[{"href":"https:\/\/innosenta.com\/de\/wp-json\/wp\/v2\/media?parent=2178"}],"curies":[{"name":"wp","href":"https:\/\/api.w.org\/{rel}","templated":true}]}}