{"id":3,"date":"2022-11-15T10:59:49","date_gmt":"2022-11-15T10:59:49","guid":{"rendered":"https:\/\/innosenta.com\/?page_id=3"},"modified":"2024-12-05T17:18:29","modified_gmt":"2024-12-05T17:18:29","slug":"datenschutzbestimmungen","status":"publish","type":"page","link":"https:\/\/innosenta.com\/de\/datenschutzbestimmungen\/","title":{"rendered":"Datenschutzbestimmungen"},"content":{"rendered":"<div data-elementor-type=\"wp-page\" data-elementor-id=\"3\" class=\"elementor elementor-3\" data-elementor-post-type=\"page\">\n\t\t\t\t\t\t<section class=\"elementor-section elementor-top-section elementor-element elementor-element-6c194d52 elementor-section-boxed elementor-section-height-default elementor-section-height-default\" data-id=\"6c194d52\" data-element_type=\"section\" data-settings=\"{&quot;background_background&quot;:&quot;classic&quot;}\">\n\t\t\t\t\t\t<div class=\"elementor-container elementor-column-gap-default\">\n\t\t\t\t\t<div class=\"elementor-column elementor-col-100 elementor-top-column elementor-element elementor-element-325922f7\" data-id=\"325922f7\" data-element_type=\"column\">\n\t\t\t<div class=\"elementor-widget-wrap elementor-element-populated\">\n\t\t\t\t\t\t<div class=\"elementor-element elementor-element-3c7b74a8 elementor-widget elementor-widget-heading\" data-id=\"3c7b74a8\" data-element_type=\"widget\" data-widget_type=\"heading.default\">\n\t\t\t\t<div class=\"elementor-widget-container\">\n\t\t\t\t\t<h2 class=\"elementor-heading-title elementor-size-default\">Datenschutzbestimmungen<\/h2>\t\t\t\t<\/div>\n\t\t\t\t<\/div>\n\t\t\t\t\t<\/div>\n\t\t<\/div>\n\t\t\t\t\t<\/div>\n\t\t<\/section>\n\t\t\t\t<section class=\"elementor-section elementor-top-section elementor-element elementor-element-ebe3cdd elementor-section-boxed elementor-section-height-default elementor-section-height-default\" data-id=\"ebe3cdd\" data-element_type=\"section\" data-settings=\"{&quot;background_background&quot;:&quot;classic&quot;}\">\n\t\t\t\t\t\t<div class=\"elementor-container elementor-column-gap-default\">\n\t\t\t\t\t<div class=\"elementor-column elementor-col-100 elementor-top-column elementor-element elementor-element-2c93ecd5\" data-id=\"2c93ecd5\" data-element_type=\"column\">\n\t\t\t<div class=\"elementor-widget-wrap elementor-element-populated\">\n\t\t\t\t\t\t<div class=\"elementor-element elementor-element-71780eb6 elementor-widget elementor-widget-text-editor\" data-id=\"71780eb6\" data-element_type=\"widget\" data-widget_type=\"text-editor.default\">\n\t\t\t\t<div class=\"elementor-widget-container\">\n\t\t\t\t\t\t\t\t\t<p><strong>1. allgemeine Regeln<\/strong><\/p><p>1.1 Diese Datenschutzrichtlinie legt fest, wie der Online-Shop <em>www.innosenta.com<\/em> Datenschutzbeauftragter SIA \"<strong>Fr\u00fchlingsluft<\/strong>\", Reg.-Nr. 4020338411, erhebt, verarbeitet und speichert personenbezogene Daten (Personendaten).<\/p><p>1.2 Die betroffene Person ist der Online-Shop <em>www.innosenta.com<\/em> der Kunde und die Person, die den Online-Shop besucht.<\/p><p>1.3 Der f\u00fcr die Verarbeitung Verantwortliche verarbeitet personenbezogene Daten rechtm\u00e4\u00dfig, nach Treu und Glauben und in einer f\u00fcr die betroffene Person transparenten Weise unter Einhaltung der in der Republik Lettland geltenden Gesetze und Vorschriften, einschlie\u00dflich der Anforderungen der Allgemeinen Datenschutzverordnung (DSGVO) an die Verarbeitung nat\u00fcrlicher Personen. die Anforderungen der Allgemeinen Datenschutzverordnung (DSGVO) an die Verarbeitung der Daten nat\u00fcrlicher Personen.<\/p><p>1.4 Die Rechtsgrundlage f\u00fcr die Verarbeitung personenbezogener Daten ist die Notwendigkeit f\u00fcr den f\u00fcr die Verarbeitung Verantwortlichen, einen Vertrag zu erf\u00fcllen, an dem die betroffene Person beteiligt ist (um der betroffenen Person die gekauften Waren zu liefern, Informationen \u00fcber den Status einer Bestellung, eine Rechnung usw. zu senden). Die E-Mail der betroffenen Person wird auch f\u00fcr den Versand kommerzieller Mitteilungen verwendet. Mit dem Besuch und der Aufgabe einer Bestellung im Online-Shop gibt die betroffene Person ihre Zustimmung zur Verarbeitung ihrer personenbezogenen Daten f\u00fcr den jeweiligen Zweck.<\/p><p>1.5 Die betroffene Person ist daf\u00fcr verantwortlich, dass die angegebenen personenbezogenen Daten richtig, genau und vollst\u00e4ndig sind. Der f\u00fcr die Verarbeitung Verantwortliche haftet nicht f\u00fcr Sch\u00e4den, die der betroffenen Person oder Dritten durch unrichtig \u00fcbermittelte personenbezogene Daten entstehen. Die betroffene Person haftet f\u00fcr Sch\u00e4den, die dem f\u00fcr die Verarbeitung Verantwortlichen oder Dritten durch unrichtig \u00fcbermittelte personenbezogene Daten entstehen.<\/p><p><strong>2. die Erhebung von personenbezogenen Daten<\/strong><\/p><p>2.1 Der f\u00fcr die Verarbeitung Verantwortliche erh\u00e4lt personenbezogene Daten \u00fcber den Online-Shop, wenn die betroffene Person einen Kauf t\u00e4tigt, \u00fcber das Kontaktformular des Online-Shops, wenn die betroffene Person eine Nachricht schickt, und per E-Mail.<\/p><p><strong>3. die Verarbeitung und Speicherung personenbezogener Daten<\/strong><\/p><p>3.1 Der f\u00fcr die Datenverarbeitung Verantwortliche erhebt, verarbeitet und speichert die folgenden personenbezogenen Daten der betroffenen Person:<\/p><p>3.1.1;<\/p><p>3.1.2. E-Mail Adresse und Telefonnummer;<\/p><p>3.1.3. Informationen \u00fcber die Transaktion (gekaufte Ware, Lieferadresse, Preis, Zahlungsangaben usw.);<\/p><p>3.1.4. alle anderen Informationen, die bei der Nutzung des Online-Shops, beim Kauf von Waren, \u00fcber das Kontaktformular oder per E-Mail \u00fcbermittelt werden.<\/p><p>3.2 Der f\u00fcr die Verarbeitung Verantwortliche speichert und verarbeitet die personenbezogenen Daten der betroffenen Person so lange, wie ein berechtigter Grund vorliegt - die Daten sind f\u00fcr die Zwecke, f\u00fcr die sie erhalten wurden, erforderlich und\/oder es gibt eine andere Rechtsgrundlage in Bezug auf die geltenden Gesetze und Vorschriften.<\/p><p>3.3 Personenbezogene Daten sind nur einer begrenzten Anzahl von Personen zug\u00e4nglich - nur denjenigen, die sie eindeutig f\u00fcr die Erreichung legitimer Ziele ben\u00f6tigen.<\/p><p>3.4 Personenbezogene Daten werden gel\u00f6scht, wenn sie f\u00fcr die Erreichung der rechtm\u00e4\u00dfigen Ziele nicht mehr erforderlich sind oder auf Antrag der betroffenen Person.<\/p><p>3.5 Der f\u00fcr die Verarbeitung Verantwortliche \u00fcbermittelt personenbezogene Daten an Gesch\u00e4ftspartner, soweit diese f\u00fcr die Erf\u00fcllung vertraglicher Verpflichtungen gegen\u00fcber der betroffenen Person erforderlich sind, einschlie\u00dflich Buchhalter, Kurierdienste, Zahlungsdienstleister usw.<\/p><p>3.6 Wenn es zum Schutz der Interessen des f\u00fcr die Verarbeitung Verantwortlichen erforderlich ist, k\u00f6nnen personenbezogene Daten in \u00dcbereinstimmung mit den Gesetzen und Vorschriften an staatliche Beh\u00f6rden und Strafverfolgungsbeh\u00f6rden \u00fcbermittelt werden.<\/p><p>3.7 Der f\u00fcr die Verarbeitung Verantwortliche ergreift organisatorische und technische Ma\u00dfnahmen, um die sichere Speicherung und Verarbeitung personenbezogener Daten zu gew\u00e4hrleisten und sie vor versehentlicher oder unrechtm\u00e4\u00dfiger Zerst\u00f6rung, Ver\u00e4nderung, Weitergabe und sonstiger unrechtm\u00e4\u00dfiger Verarbeitung zu sch\u00fctzen. Die personenbezogenen Daten werden auf dem Gebiet der Europ\u00e4ischen Union gespeichert.<\/p><p><strong>4. die Rechte der betroffenen Person<\/strong><\/p><p>4.1 Der f\u00fcr die Verarbeitung Verantwortliche stellt sicher, dass die betroffene Person alle ihr nach der DSGVO zustehenden Rechte aus\u00fcben kann, einschlie\u00dflich:<\/p><p>4.1.1. auf Ihre personenbezogenen Daten zuzugreifen, Informationen \u00fcber die Verarbeitung Ihrer Daten zu erhalten und eine Kopie Ihrer Daten anzufordern;<\/p><p>4.1.2 Berichtigungen Ihrer pers\u00f6nlichen Daten zu verlangen;<\/p><p>4.1.3. Ihre personenbezogenen Daten zu l\u00f6schen (\"vergessen werden\");<\/p><p>4.1.4. Ihre vorherige Zustimmung zur Datenverarbeitung zu widerrufen;<\/p><p>4.1.5. die Verarbeitung Ihrer Daten einzuschr\u00e4nken.<\/p><p>4.2 Alle Anspr\u00fcche gegen den f\u00fcr die Verarbeitung Verantwortlichen sind von der betroffenen Person auf elektronischem Wege an die E-Mail-Adresse info@ zu richten.<em>innosenta.lv<\/em>Sicherstellung der eindeutigen Identifizierbarkeit der betroffenen Person.<\/p><p>4.3 Ausnahmen von den Rechten der betroffenen Person sind nur in \u00dcbereinstimmung mit den geltenden Gesetzen und Vorschriften zul\u00e4ssig.<\/p><p><strong>5. informationen \u00fcber Cookies<\/strong><\/p><p>5.1 Cookies sind kleine alphanumerische Dateien, die auf den Computer oder ein anderes Ger\u00e4t der betroffenen Person (z. B. Smartphone, Tablet) heruntergeladen und dort gespeichert werden und w\u00e4hrend des Besuchs einer Website im Webbrowser der betroffenen Person gespeichert werden. Cookies sind notwendig, um der betroffenen Person die Nutzung der digitalen Dienste des Online-Shops zu erleichtern, z. B. um Online-Zahlungen vorzunehmen, um dem f\u00fcr die Verarbeitung Verantwortlichen zu erm\u00f6glichen, Informationen dar\u00fcber zu erhalten, wie Besucher die Website nutzen, und um die den Besuchern angebotenen Dienste zu verbessern.<\/p><p>5.2 Der Online Shop verwendet:<\/p><p>5.2.1. notwendige Cookies - diese erm\u00f6glichen der betroffenen Person den Zugang zu verschiedenen Teilen der Website. Diese Cookies sind f\u00fcr das Funktionieren der Website erforderlich und k\u00f6nnen daher nicht abgeschaltet werden;<\/p><p>5.2.2. analytische Cookies, einschlie\u00dflich Google Analytics - erm\u00f6glicht es, die Anzahl und die Quellen der Besuche, die Bewegung der Besucher auf den Seiten zu verfolgen, so dass der Datenverantwortliche die Leistung des Online-Shops messen und verbessern kann;<\/p><p>5.2.3. Marketing-Cookies - Targeting-Cookies werden verwendet, um die bevorzugten Inhalte der betroffenen Person auf der Website zu identifizieren und die relevantesten Informationen \u00fcber Produkte und Dienstleistungen bereitzustellen, um die Anpassung der Inhalte zu verbessern und die Erfahrung der betroffenen Person auf der Website zu steigern. Diese Cookies k\u00f6nnen von dem f\u00fcr die Datenverarbeitung Verantwortlichen f\u00fcr Werbekampagnen auf Websites Dritter verwendet werden.<\/p><p>5.3 Die betroffene Person kann allen oder nur einer der Kategorien von Cookies zustimmen, indem sie die entsprechenden Zustimmungsschaltfl\u00e4chen im Pop-up-Fenster auf der Startseite des Online-Shops anklickt.<\/p><p><strong>6. Schlussbestimmungen<\/strong><\/p><p>6.1 Der f\u00fcr die Verarbeitung Verantwortliche hat das Recht, jederzeit und ohne vorherige Ank\u00fcndigung \u00c4nderungen oder Erg\u00e4nzungen an der Datenschutzerkl\u00e4rung vorzunehmen. Die \u00c4nderungen werden mit ihrer Ver\u00f6ffentlichung im Online-Shop wirksam <em>www.innosenta.com<\/em><\/p>\t\t\t\t\t\t\t\t<\/div>\n\t\t\t\t<\/div>\n\t\t\t\t\t<\/div>\n\t\t<\/div>\n\t\t\t\t\t<\/div>\n\t\t<\/section>\n\t\t\t\t<\/div>","protected":false},"excerpt":{"rendered":"<p>Datenschutz 1. allgemeine Bedingungen 1.1 Diese Datenschutzerkl\u00e4rung legt dar, wie der Datenverantwortliche des Online-Shops www.innosenta.com SIA \"Fr\u00fchlingsatem\", Reg.-Nr. 4020338411, physische Personendaten (Personendaten) erhebt, verarbeitet und speichert. 1.2 Die betroffene Person ist der Kunde des Online-Shops www.innosenta.com und die Person, die den Online-Shop besucht. 1.3 Der f\u00fcr die Verarbeitung Verantwortliche verarbeitet personenbezogene Daten rechtm\u00e4\u00dfig, nach Treu und Glauben und in einer Weise, die f\u00fcr die betroffene Person transparent ist, [...]<\/p>","protected":false},"author":1,"featured_media":0,"parent":0,"menu_order":0,"comment_status":"closed","ping_status":"closed","template":"","meta":{"footnotes":""},"class_list":["post-3","page","type-page","status-publish","hentry"],"_links":{"self":[{"href":"https:\/\/innosenta.com\/de\/wp-json\/wp\/v2\/pages\/3","targetHints":{"allow":["GET"]}}],"collection":[{"href":"https:\/\/innosenta.com\/de\/wp-json\/wp\/v2\/pages"}],"about":[{"href":"https:\/\/innosenta.com\/de\/wp-json\/wp\/v2\/types\/page"}],"author":[{"embeddable":true,"href":"https:\/\/innosenta.com\/de\/wp-json\/wp\/v2\/users\/1"}],"replies":[{"embeddable":true,"href":"https:\/\/innosenta.com\/de\/wp-json\/wp\/v2\/comments?post=3"}],"version-history":[{"count":17,"href":"https:\/\/innosenta.com\/de\/wp-json\/wp\/v2\/pages\/3\/revisions"}],"predecessor-version":[{"id":2550,"href":"https:\/\/innosenta.com\/de\/wp-json\/wp\/v2\/pages\/3\/revisions\/2550"}],"wp:attachment":[{"href":"https:\/\/innosenta.com\/de\/wp-json\/wp\/v2\/media?parent=3"}],"curies":[{"name":"wp","href":"https:\/\/api.w.org\/{rel}","templated":true}]}}