{"id":914,"date":"2022-11-26T15:26:25","date_gmt":"2022-11-26T15:26:25","guid":{"rendered":"https:\/\/innosenta.com\/?page_id=914"},"modified":"2024-07-26T06:38:15","modified_gmt":"2024-07-26T06:38:15","slug":"uber-uns","status":"publish","type":"page","link":"https:\/\/innosenta.com\/de\/uber-uns\/","title":{"rendered":"\u00dcber uns"},"content":{"rendered":"<div data-elementor-type=\"wp-page\" data-elementor-id=\"914\" class=\"elementor elementor-914\" data-elementor-post-type=\"page\">\n\t\t\t\t\t\t<section class=\"elementor-section elementor-top-section elementor-element elementor-element-597a97f elementor-section-boxed elementor-section-height-default elementor-section-height-default\" data-id=\"597a97f\" data-element_type=\"section\">\n\t\t\t\t\t\t<div class=\"elementor-container elementor-column-gap-default\">\n\t\t\t\t\t<div class=\"elementor-column elementor-col-50 elementor-top-column elementor-element elementor-element-58c75348\" data-id=\"58c75348\" data-element_type=\"column\">\n\t\t\t<div class=\"elementor-widget-wrap elementor-element-populated\">\n\t\t\t\t\t\t<div class=\"elementor-element elementor-element-487b9c9e elementor-widget elementor-widget-image\" data-id=\"487b9c9e\" data-element_type=\"widget\" data-widget_type=\"image.default\">\n\t\t\t\t<div class=\"elementor-widget-container\">\n\t\t\t\t\t\t\t\t\t\t\t\t\t\t\t<img fetchpriority=\"high\" decoding=\"async\" width=\"768\" height=\"654\" src=\"https:\/\/innosenta.com\/wp-content\/uploads\/2022\/12\/Optimized-shutterstock_415352821-768x654.jpg\" class=\"attachment-medium_large size-medium_large wp-image-1484\" alt=\"\" srcset=\"https:\/\/innosenta.com\/wp-content\/uploads\/2022\/12\/Optimized-shutterstock_415352821-768x654.jpg 768w, https:\/\/innosenta.com\/wp-content\/uploads\/2022\/12\/Optimized-shutterstock_415352821-300x255.jpg 300w, https:\/\/innosenta.com\/wp-content\/uploads\/2022\/12\/Optimized-shutterstock_415352821-1024x872.jpg 1024w, https:\/\/innosenta.com\/wp-content\/uploads\/2022\/12\/Optimized-shutterstock_415352821-14x12.jpg 14w, https:\/\/innosenta.com\/wp-content\/uploads\/2022\/12\/Optimized-shutterstock_415352821-600x511.jpg 600w, https:\/\/innosenta.com\/wp-content\/uploads\/2022\/12\/Optimized-shutterstock_415352821.jpg 1057w\" sizes=\"(max-width: 768px) 100vw, 768px\" \/>\t\t\t\t\t\t\t\t\t\t\t\t\t\t\t<\/div>\n\t\t\t\t<\/div>\n\t\t\t\t\t<\/div>\n\t\t<\/div>\n\t\t\t\t<div class=\"elementor-column elementor-col-50 elementor-top-column elementor-element elementor-element-3b01d9c3\" data-id=\"3b01d9c3\" data-element_type=\"column\">\n\t\t\t<div class=\"elementor-widget-wrap elementor-element-populated\">\n\t\t\t\t\t\t<div class=\"elementor-element elementor-element-1f9ef248 elementor-widget elementor-widget-heading\" data-id=\"1f9ef248\" data-element_type=\"widget\" data-widget_type=\"heading.default\">\n\t\t\t\t<div class=\"elementor-widget-container\">\n\t\t\t\t\t<h2 class=\"elementor-heading-title elementor-size-default\">Was ist Innosenta Living Cosmetics?<\/h2>\t\t\t\t<\/div>\n\t\t\t\t<\/div>\n\t\t\t\t<div class=\"elementor-element elementor-element-3ee4f946 elementor-widget elementor-widget-text-editor\" data-id=\"3ee4f946\" data-element_type=\"widget\" data-widget_type=\"text-editor.default\">\n\t\t\t\t<div class=\"elementor-widget-container\">\n\t\t\t\t\t\t\t\t\t<p>Kurzum, eine echte Rarit\u00e4t. Lebendige Kosmetik zeichnet sich dadurch aus, dass alle Rohstoffe, die f\u00fcr ihre Herstellung verwendet werden, wirklich nat\u00fcrlich sind.<\/p><p><em>Innosenta<\/em> Die Produkte sind nicht mit k\u00fcnstlichen Zusatzstoffen \"angereichert\", obwohl selbst die strengsten Zertifizierungssysteme f\u00fcr Naturkosmetik eine gewisse Menge solcher Stoffe zulassen.<\/p><p><em>Innosenta<\/em> Lebendige Kosmetika erm\u00f6glichen es den Hautzellen, selbst aktiv zu werden, und sorgen so f\u00fcr einen l\u00e4nger anhaltenden und dauerhaften Effekt. Im Gegensatz zu Kosmetika mit Zusatzstoffen, die zwar den gew\u00fcnschten optischen Effekt erzielen, aber die Zellen belasten, wirken unsere Produkte harmonisch auf den K\u00f6rper und verbessern die Zellerneuerung der Haut.<\/p>\t\t\t\t\t\t\t\t<\/div>\n\t\t\t\t<\/div>\n\t\t\t\t\t<\/div>\n\t\t<\/div>\n\t\t\t\t\t<\/div>\n\t\t<\/section>\n\t\t\t\t<section class=\"elementor-section elementor-top-section elementor-element elementor-element-574d4f70 elementor-reverse-tablet elementor-reverse-mobile elementor-section-boxed elementor-section-height-default elementor-section-height-default\" data-id=\"574d4f70\" data-element_type=\"section\" data-settings=\"{&quot;background_background&quot;:&quot;classic&quot;}\">\n\t\t\t\t\t\t<div class=\"elementor-container elementor-column-gap-default\">\n\t\t\t\t\t<div class=\"elementor-column elementor-col-50 elementor-top-column elementor-element elementor-element-42aa3dac\" data-id=\"42aa3dac\" data-element_type=\"column\">\n\t\t\t<div class=\"elementor-widget-wrap elementor-element-populated\">\n\t\t\t\t\t\t<div class=\"elementor-element elementor-element-f1f6a12 elementor-widget elementor-widget-heading\" data-id=\"f1f6a12\" data-element_type=\"widget\" data-widget_type=\"heading.default\">\n\t\t\t\t<div class=\"elementor-widget-container\">\n\t\t\t\t\t<h2 class=\"elementor-heading-title elementor-size-default\">Wie wird es hergestellt?<\/h2>\t\t\t\t<\/div>\n\t\t\t\t<\/div>\n\t\t\t\t<div class=\"elementor-element elementor-element-1d43cec elementor-widget elementor-widget-text-editor\" data-id=\"1d43cec\" data-element_type=\"widget\" data-widget_type=\"text-editor.default\">\n\t\t\t\t<div class=\"elementor-widget-container\">\n\t\t\t\t\t\t\t\t\t<p><em>Innosenta<\/em> ihren Produkten einen Mehrwert verleihen, indem sie nat\u00fcrliche Rohstoffe in ihrer nat\u00fcrlichsten Form verwenden und die ihnen innewohnenden Eigenschaften bewahren, anstatt zu versuchen, sie technologisch zu ver\u00e4ndern.<\/p>\n<p>Aufgrund der Produktionsmerkmale <em>Innosenta<\/em>&nbsp;Produkte sind teurer, weil unsere Produkte frisch hergestellt werden und nur Rohstoffe verwenden, die ihre nat\u00fcrliche Struktur behalten haben. Die Hautzellen k\u00f6nnen mit ihnen harmonischer interagieren.<\/p>\n<p>Verwendung von <em>Innosenta<\/em> Kosmetik wird eine geringere Produktmenge ben\u00f6tigt, um die gew\u00fcnschte Wirkung zu erzielen. Unsere Kosmetika k\u00f6nnen daher langfristig als kosteng\u00fcnstig angesehen werden und haben eine lang anhaltende Wirkung.<\/p>\t\t\t\t\t\t\t\t<\/div>\n\t\t\t\t<\/div>\n\t\t\t\t\t<\/div>\n\t\t<\/div>\n\t\t\t\t<div class=\"elementor-column elementor-col-50 elementor-top-column elementor-element elementor-element-5be60af0\" data-id=\"5be60af0\" data-element_type=\"column\">\n\t\t\t<div class=\"elementor-widget-wrap elementor-element-populated\">\n\t\t\t\t\t\t<div class=\"elementor-element elementor-element-5ab832c9 elementor-widget elementor-widget-image\" data-id=\"5ab832c9\" data-element_type=\"widget\" data-widget_type=\"image.default\">\n\t\t\t\t<div class=\"elementor-widget-container\">\n\t\t\t\t\t\t\t\t\t\t\t\t\t\t\t<img decoding=\"async\" width=\"768\" height=\"626\" src=\"https:\/\/innosenta.com\/wp-content\/uploads\/2022\/12\/Optimized-shutterstock_426671098-768x626.jpg\" class=\"attachment-medium_large size-medium_large wp-image-1486\" alt=\"\" srcset=\"https:\/\/innosenta.com\/wp-content\/uploads\/2022\/12\/Optimized-shutterstock_426671098-768x626.jpg 768w, https:\/\/innosenta.com\/wp-content\/uploads\/2022\/12\/Optimized-shutterstock_426671098-300x244.jpg 300w, https:\/\/innosenta.com\/wp-content\/uploads\/2022\/12\/Optimized-shutterstock_426671098-1024x834.jpg 1024w, https:\/\/innosenta.com\/wp-content\/uploads\/2022\/12\/Optimized-shutterstock_426671098-15x12.jpg 15w, https:\/\/innosenta.com\/wp-content\/uploads\/2022\/12\/Optimized-shutterstock_426671098-600x489.jpg 600w, https:\/\/innosenta.com\/wp-content\/uploads\/2022\/12\/Optimized-shutterstock_426671098.jpg 1105w\" sizes=\"(max-width: 768px) 100vw, 768px\" \/>\t\t\t\t\t\t\t\t\t\t\t\t\t\t\t<\/div>\n\t\t\t\t<\/div>\n\t\t\t\t\t<\/div>\n\t\t<\/div>\n\t\t\t\t\t<\/div>\n\t\t<\/section>\n\t\t\t\t<section class=\"elementor-section elementor-top-section elementor-element elementor-element-31089194 elementor-section-boxed elementor-section-height-default elementor-section-height-default\" data-id=\"31089194\" data-element_type=\"section\">\n\t\t\t\t\t\t<div class=\"elementor-container elementor-column-gap-default\">\n\t\t\t\t\t<div class=\"elementor-column elementor-col-50 elementor-top-column elementor-element elementor-element-57c7ae68\" data-id=\"57c7ae68\" data-element_type=\"column\">\n\t\t\t<div class=\"elementor-widget-wrap elementor-element-populated\">\n\t\t\t\t\t\t<div class=\"elementor-element elementor-element-107e829b elementor-widget elementor-widget-image\" data-id=\"107e829b\" data-element_type=\"widget\" data-widget_type=\"image.default\">\n\t\t\t\t<div class=\"elementor-widget-container\">\n\t\t\t\t\t\t\t\t\t\t\t\t\t\t\t<img decoding=\"async\" width=\"768\" height=\"663\" src=\"https:\/\/innosenta.com\/wp-content\/uploads\/2022\/12\/Optimized-shutterstock_412381027-768x663.jpg\" class=\"attachment-medium_large size-medium_large wp-image-1482\" alt=\"\" srcset=\"https:\/\/innosenta.com\/wp-content\/uploads\/2022\/12\/Optimized-shutterstock_412381027-768x663.jpg 768w, https:\/\/innosenta.com\/wp-content\/uploads\/2022\/12\/Optimized-shutterstock_412381027-300x259.jpg 300w, https:\/\/innosenta.com\/wp-content\/uploads\/2022\/12\/Optimized-shutterstock_412381027-1024x884.jpg 1024w, https:\/\/innosenta.com\/wp-content\/uploads\/2022\/12\/Optimized-shutterstock_412381027-14x12.jpg 14w, https:\/\/innosenta.com\/wp-content\/uploads\/2022\/12\/Optimized-shutterstock_412381027-600x518.jpg 600w, https:\/\/innosenta.com\/wp-content\/uploads\/2022\/12\/Optimized-shutterstock_412381027.jpg 1043w\" sizes=\"(max-width: 768px) 100vw, 768px\" \/>\t\t\t\t\t\t\t\t\t\t\t\t\t\t\t<\/div>\n\t\t\t\t<\/div>\n\t\t\t\t\t<\/div>\n\t\t<\/div>\n\t\t\t\t<div class=\"elementor-column elementor-col-50 elementor-top-column elementor-element elementor-element-354350c5\" data-id=\"354350c5\" data-element_type=\"column\">\n\t\t\t<div class=\"elementor-widget-wrap elementor-element-populated\">\n\t\t\t\t\t\t<div class=\"elementor-element elementor-element-6b8d3e8b elementor-widget elementor-widget-heading\" data-id=\"6b8d3e8b\" data-element_type=\"widget\" data-widget_type=\"heading.default\">\n\t\t\t\t<div class=\"elementor-widget-container\">\n\t\t\t\t\t<h2 class=\"elementor-heading-title elementor-size-default\">Wie funktioniert das?<\/h2>\t\t\t\t<\/div>\n\t\t\t\t<\/div>\n\t\t\t\t<div class=\"elementor-element elementor-element-5e26de99 elementor-widget elementor-widget-text-editor\" data-id=\"5e26de99\" data-element_type=\"widget\" data-widget_type=\"text-editor.default\">\n\t\t\t\t<div class=\"elementor-widget-container\">\n\t\t\t\t\t\t\t\t\t<p>Der menschliche K\u00f6rper ist Teil der Natur und wird daher von allem, was lebendig und vital ist, st\u00e4rker beeinflusst.\u00a0<\/p><p><i>Innosenta<\/i> Lebendige Kosmetika aktivieren und interagieren harmonisch mit den Hautzellen.<\/p><p>Sie ist besser in der Lage, Giftstoffe und freie Radikale zu beseitigen. Sie verbessert die Schutzfunktionen der Haut, die Immunit\u00e4t und die Stoffwechselprozesse wie die Elastin- und Kollagenproduktion. Wirklich nat\u00fcrliche Kosmetika haben eine positivere Wirkung auf unsere Haut, weil die Hautzellen die in solchen Produkten enthaltenen Molek\u00fcle besser aufnehmen.<\/p><p>Obwohl die Wirkungen von Lebendkosmetika harmonisch sind, k\u00f6nnen sie in Einzelf\u00e4llen auch allergische Reaktionen hervorrufen: Da die Naturstoffe die physiologischen Prozesse der Zelle aktivieren, aktivieren sie auch die Ausscheidung von in der Zelle angesammelten Schadstoffen, die sich vor\u00fcbergehend als Hautr\u00f6tung \u00e4u\u00dfern oder andere Reaktionen im K\u00f6rper hervorrufen k\u00f6nnen.<\/p>\t\t\t\t\t\t\t\t<\/div>\n\t\t\t\t<\/div>\n\t\t\t\t\t<\/div>\n\t\t<\/div>\n\t\t\t\t\t<\/div>\n\t\t<\/section>\n\t\t\t\t<section class=\"elementor-section elementor-top-section elementor-element elementor-element-3712fa46 elementor-reverse-tablet elementor-reverse-mobile elementor-section-boxed elementor-section-height-default elementor-section-height-default\" data-id=\"3712fa46\" data-element_type=\"section\" data-settings=\"{&quot;background_background&quot;:&quot;classic&quot;}\">\n\t\t\t\t\t\t<div class=\"elementor-container elementor-column-gap-default\">\n\t\t\t\t\t<div class=\"elementor-column elementor-col-50 elementor-top-column elementor-element elementor-element-2c20c323\" data-id=\"2c20c323\" data-element_type=\"column\">\n\t\t\t<div class=\"elementor-widget-wrap elementor-element-populated\">\n\t\t\t\t\t\t<div class=\"elementor-element elementor-element-954a5ed elementor-widget elementor-widget-heading\" data-id=\"954a5ed\" data-element_type=\"widget\" data-widget_type=\"heading.default\">\n\t\t\t\t<div class=\"elementor-widget-container\">\n\t\t\t\t\t<h2 class=\"elementor-heading-title elementor-size-default\">Die Illusion der \"Naturkosmetik\"<\/h2>\t\t\t\t<\/div>\n\t\t\t\t<\/div>\n\t\t\t\t<div class=\"elementor-element elementor-element-4b2e8056 elementor-widget elementor-widget-text-editor\" data-id=\"4b2e8056\" data-element_type=\"widget\" data-widget_type=\"text-editor.default\">\n\t\t\t\t<div class=\"elementor-widget-container\">\n\t\t\t\t\t\t\t\t\t<p>Die meisten so genannten Natur-, Bio- und \u00d6ko-Kosmetikmarken sind nur insoweit nat\u00fcrlich, als sie durch Gesetze oder Zertifizierungssysteme vorgeschrieben sind, die die Verwendung einer bestimmten Menge an k\u00fcnstlich hergestellten oder mineralischen Zusatzstoffen erlauben. Sie werden h\u00e4ufig verwendet, um ein Produkt zu \"verbessern\" - um eine schnellere Wirkung, eine angenehmere Textur oder einen angenehmeren Duft zu erzielen oder um die Haltbarkeit eines Produkts zu verl\u00e4ngern.<\/p><p>Doch solche \"Verbesserungen\" belasten in der Regel das Lymphsystem des K\u00f6rpers. Die Zellen werden \u00fcberlastet, da sie unerw\u00fcnschte chemische Elemente ausscheiden m\u00fcssen. Mit der Zeit verschlechtert sich das Erscheinungsbild der Haut, und die Menschen beginnen, nach immer \"wirksameren\" kosmetischen Produkten zu suchen.<\/p><p><strong>Aber vielleicht sollten Sie Ihre Hautpflegegewohnheiten \u00e4ndern und Kosmetika verwenden, die vollkommen nat\u00fcrlich sind...?<\/strong><\/p>\t\t\t\t\t\t\t\t<\/div>\n\t\t\t\t<\/div>\n\t\t\t\t<div class=\"elementor-element elementor-element-fc739b5 elementor-align-left elementor-mobile-align-center elementor-hidden-desktop elementor-hidden-tablet elementor-widget elementor-widget-button\" data-id=\"fc739b5\" data-element_type=\"widget\" data-widget_type=\"button.default\">\n\t\t\t\t<div class=\"elementor-widget-container\">\n\t\t\t\t\t\t\t\t\t<div class=\"elementor-button-wrapper\">\n\t\t\t\t\t<a class=\"elementor-button elementor-button-link elementor-size-md elementor-animation-grow\" href=\"\/de\/shop\/\">\n\t\t\t\t\t\t<span class=\"elementor-button-content-wrapper\">\n\t\t\t\t\t\t\t\t\t<span class=\"elementor-button-text\">Siehe Produkte<\/span>\n\t\t\t\t\t<\/span>\n\t\t\t\t\t<\/a>\n\t\t\t\t<\/div>\n\t\t\t\t\t\t\t\t<\/div>\n\t\t\t\t<\/div>\n\t\t\t\t\t<\/div>\n\t\t<\/div>\n\t\t\t\t<div class=\"elementor-column elementor-col-50 elementor-top-column elementor-element elementor-element-cc906ba\" data-id=\"cc906ba\" data-element_type=\"column\">\n\t\t\t<div class=\"elementor-widget-wrap elementor-element-populated\">\n\t\t\t\t\t\t<div class=\"elementor-element elementor-element-5779a elementor-widget elementor-widget-image\" data-id=\"5779a\" data-element_type=\"widget\" data-widget_type=\"image.default\">\n\t\t\t\t<div class=\"elementor-widget-container\">\n\t\t\t\t\t\t\t\t\t\t\t\t\t\t\t<img loading=\"lazy\" decoding=\"async\" width=\"768\" height=\"512\" src=\"https:\/\/innosenta.com\/wp-content\/uploads\/2022\/12\/Optimized-shutterstock_419691331-768x512.jpg\" class=\"attachment-medium_large size-medium_large wp-image-1485\" alt=\"\" srcset=\"https:\/\/innosenta.com\/wp-content\/uploads\/2022\/12\/Optimized-shutterstock_419691331-768x512.jpg 768w, https:\/\/innosenta.com\/wp-content\/uploads\/2022\/12\/Optimized-shutterstock_419691331-300x200.jpg 300w, https:\/\/innosenta.com\/wp-content\/uploads\/2022\/12\/Optimized-shutterstock_419691331-1024x683.jpg 1024w, https:\/\/innosenta.com\/wp-content\/uploads\/2022\/12\/Optimized-shutterstock_419691331-18x12.jpg 18w, https:\/\/innosenta.com\/wp-content\/uploads\/2022\/12\/Optimized-shutterstock_419691331-600x400.jpg 600w, https:\/\/innosenta.com\/wp-content\/uploads\/2022\/12\/Optimized-shutterstock_419691331.jpg 1200w\" sizes=\"(max-width: 768px) 100vw, 768px\" \/>\t\t\t\t\t\t\t\t\t\t\t\t\t\t\t<\/div>\n\t\t\t\t<\/div>\n\t\t\t\t\t<\/div>\n\t\t<\/div>\n\t\t\t\t\t<\/div>\n\t\t<\/section>\n\t\t\t\t<\/div>","protected":false},"excerpt":{"rendered":"<p>Was ist Innosenta Living Cosmetics? Kurz gesagt, eine echte Rarit\u00e4t. Lebendige Kosmetik zeichnet sich dadurch aus, dass alle Rohstoffe, die f\u00fcr ihre Herstellung verwendet werden, wirklich nat\u00fcrlich sind. Die Produkte von Innosenta werden nicht mit k\u00fcnstlichen Zusatzstoffen \"angereichert\", obwohl selbst die strengsten Zertifizierungssysteme f\u00fcr Naturkosmetik einen gewissen Anteil an solchen Stoffen zulassen. Die lebendige Kosmetik von Innosenta erm\u00f6glicht es den Hautzellen, [...]<\/p>","protected":false},"author":1,"featured_media":0,"parent":0,"menu_order":0,"comment_status":"closed","ping_status":"closed","template":"","meta":{"footnotes":""},"class_list":["post-914","page","type-page","status-publish","hentry"],"_links":{"self":[{"href":"https:\/\/innosenta.com\/de\/wp-json\/wp\/v2\/pages\/914","targetHints":{"allow":["GET"]}}],"collection":[{"href":"https:\/\/innosenta.com\/de\/wp-json\/wp\/v2\/pages"}],"about":[{"href":"https:\/\/innosenta.com\/de\/wp-json\/wp\/v2\/types\/page"}],"author":[{"embeddable":true,"href":"https:\/\/innosenta.com\/de\/wp-json\/wp\/v2\/users\/1"}],"replies":[{"embeddable":true,"href":"https:\/\/innosenta.com\/de\/wp-json\/wp\/v2\/comments?post=914"}],"version-history":[{"count":106,"href":"https:\/\/innosenta.com\/de\/wp-json\/wp\/v2\/pages\/914\/revisions"}],"predecessor-version":[{"id":3890,"href":"https:\/\/innosenta.com\/de\/wp-json\/wp\/v2\/pages\/914\/revisions\/3890"}],"wp:attachment":[{"href":"https:\/\/innosenta.com\/de\/wp-json\/wp\/v2\/media?parent=914"}],"curies":[{"name":"wp","href":"https:\/\/api.w.org\/{rel}","templated":true}]}}