{"id":1376,"date":"2022-12-25T13:46:22","date_gmt":"2022-12-25T13:46:22","guid":{"rendered":"https:\/\/innosenta.com\/?post_type=product&#038;p=1376"},"modified":"2024-12-20T19:34:53","modified_gmt":"2024-12-20T19:34:53","slug":"feuchtigkeitsspendendes-antioxidantien-serum","status":"publish","type":"product","link":"https:\/\/innosenta.com\/de\/produkt\/feuchtigkeitsspendendes-antioxidantien-serum\/","title":{"rendered":"Feuchtigkeitsspendendes Antioxidantien-Serum"},"content":{"rendered":"","protected":false},"excerpt":{"rendered":"<p><span style=\"font-weight: 400;\">Leichte Textur, zieht schnell in die Haut ein. Dank ihrer speziellen Zusammensetzung ist sie reich an Antioxidantien aus verschiedenen Pflanzen, essentiellen Omega-3-Fetts\u00e4uren und Hyalurons\u00e4ure, die der Haut Feuchtigkeit spendet, den Stoffwechsel aktiviert, den Hauttonus und die Elastizit\u00e4t verbessert.\u00a0<\/span><\/p>\n<p><span style=\"font-weight: 400;\">Um die Haut noch reichhaltiger zu pflegen, kann es zusammen mit einer Creme, einem Balsam oder einem Fluid verwendet werden, wobei das Serum zuerst aufgetragen wird.<\/span><\/p>\n<p>Wenn das Serum \u00fcber einen l\u00e4ngeren Zeitraum verwendet werden soll, empfehlen wir Ihnen, die 30-ml-Packung zu w\u00e4hlen, da es sich hierbei um eine Airless-Packung handelt, die verhindert, dass das Produkt mit der Umwelt in Kontakt kommt, und somit einen besseren und bequemeren Schutz vor mikrobiologischer Kontamination in der Umwelt bietet.<\/p>","protected":false},"featured_media":1418,"template":"","meta":[],"product_brand":[],"product_cat":[16,50,54],"product_tag":[43,47],"class_list":{"0":"post-1376","1":"product","2":"type-product","3":"status-publish","4":"has-post-thumbnail","6":"product_cat-visi-produkti","7":"product_cat-sejai","8":"product_cat-serumi","9":"product_tag-sejai","10":"product_tag-serumi","12":"first","13":"instock","14":"sale","15":"shipping-taxable","16":"purchasable","17":"product-type-variable"},"wcpa_form_fields":null,"_links":{"self":[{"href":"https:\/\/innosenta.com\/de\/wp-json\/wp\/v2\/product\/1376","targetHints":{"allow":["GET"]}}],"collection":[{"href":"https:\/\/innosenta.com\/de\/wp-json\/wp\/v2\/product"}],"about":[{"href":"https:\/\/innosenta.com\/de\/wp-json\/wp\/v2\/types\/product"}],"wp:featuredmedia":[{"embeddable":true,"href":"https:\/\/innosenta.com\/de\/wp-json\/wp\/v2\/media\/1418"}],"wp:attachment":[{"href":"https:\/\/innosenta.com\/de\/wp-json\/wp\/v2\/media?parent=1376"}],"wp:term":[{"taxonomy":"product_brand","embeddable":true,"href":"https:\/\/innosenta.com\/de\/wp-json\/wp\/v2\/product_brand?post=1376"},{"taxonomy":"product_cat","embeddable":true,"href":"https:\/\/innosenta.com\/de\/wp-json\/wp\/v2\/product_cat?post=1376"},{"taxonomy":"product_tag","embeddable":true,"href":"https:\/\/innosenta.com\/de\/wp-json\/wp\/v2\/product_tag?post=1376"}],"curies":[{"name":"wp","href":"https:\/\/api.w.org\/{rel}","templated":true}]}}