{"id":1861,"date":"2022-12-07T22:41:02","date_gmt":"2022-12-07T22:41:02","guid":{"rendered":"https:\/\/innosenta.com\/?post_type=product&#038;p=1861"},"modified":"2025-05-15T06:52:25","modified_gmt":"2025-05-15T06:52:25","slug":"davanu-karten","status":"publish","type":"product","link":"https:\/\/innosenta.com\/de\/produkt\/davanu-karten\/","title":{"rendered":"Geschenkgutschein"},"content":{"rendered":"","protected":false},"excerpt":{"rendered":"<p>W\u00e4hlen Sie Ihren Gutscheinbetrag, bestellen Sie und Sie erhalten ihn noch am selben Tag per E-Mail. Sie k\u00f6nnen Ihren Geschenkgutschein auch per Post erhalten.<\/p>\n<p>Unabh\u00e4ngig davon, ob Sie eine E-Geschenkkarte oder eine Postzustellung bestellen, m\u00fcssen Sie das gesamte Bestellformular ausf\u00fcllen, einschlie\u00dflich der Adresse des Pakets (die im Falle einer E-Geschenkkarte nicht verwendet wird).<\/p>","protected":false},"featured_media":1864,"template":"","meta":[],"product_brand":[],"product_cat":[16,96],"product_tag":[76],"class_list":{"0":"post-1861","1":"product","2":"type-product","3":"status-publish","4":"has-post-thumbnail","6":"product_cat-visi-produkti","7":"product_cat-davanas","8":"product_tag-davanu-karte","10":"first","11":"instock","12":"shipping-taxable","13":"purchasable","14":"product-type-variable","15":"has-default-attributes"},"wcpa_form_fields":null,"_links":{"self":[{"href":"https:\/\/innosenta.com\/de\/wp-json\/wp\/v2\/product\/1861","targetHints":{"allow":["GET"]}}],"collection":[{"href":"https:\/\/innosenta.com\/de\/wp-json\/wp\/v2\/product"}],"about":[{"href":"https:\/\/innosenta.com\/de\/wp-json\/wp\/v2\/types\/product"}],"wp:featuredmedia":[{"embeddable":true,"href":"https:\/\/innosenta.com\/de\/wp-json\/wp\/v2\/media\/1864"}],"wp:attachment":[{"href":"https:\/\/innosenta.com\/de\/wp-json\/wp\/v2\/media?parent=1861"}],"wp:term":[{"taxonomy":"product_brand","embeddable":true,"href":"https:\/\/innosenta.com\/de\/wp-json\/wp\/v2\/product_brand?post=1861"},{"taxonomy":"product_cat","embeddable":true,"href":"https:\/\/innosenta.com\/de\/wp-json\/wp\/v2\/product_cat?post=1861"},{"taxonomy":"product_tag","embeddable":true,"href":"https:\/\/innosenta.com\/de\/wp-json\/wp\/v2\/product_tag?post=1861"}],"curies":[{"name":"wp","href":"https:\/\/api.w.org\/{rel}","templated":true}]}}