{"id":3626,"date":"2022-12-06T17:43:24","date_gmt":"2022-12-06T17:43:24","guid":{"rendered":"https:\/\/innosenta.com\/?post_type=product&#038;p=3626"},"modified":"2025-05-19T11:25:14","modified_gmt":"2025-05-19T11:25:14","slug":"davanu-sets","status":"publish","type":"product","link":"https:\/\/innosenta.com\/de\/produkt\/davanu-sets\/","title":{"rendered":"Geschenk-Sets"},"content":{"rendered":"","protected":false},"excerpt":{"rendered":"<h3><strong>S Satz<\/strong><\/h3>\n<p>Das perfekte Geschenk f\u00fcr Ihre Lieben oder sich selbst auf Reisen oder als Gelegenheit, neue Produkte f\u00fcr Ihren Teint auszuprobieren. Genie\u00dfen Sie ein komplettes Gesichtsritual.<\/p>\n<p>Die Produkte werden in einer Airless-Reisepackung geliefert. Gesichtsreinigungsschaum 30 ml, HydraPeptide Serum 5 ml, ProbioBalance Fluid 5 ml, Feuchtigkeitscreme 5 ml, Gesichtsbalsam 5 ml, Intimwaschseife 15 ml<\/p>\n<h3><strong>M1 Satz<\/strong><\/h3>\n<p>Die Weiblichkeit und Zartheit, die die k\u00f6nigliche Damaszener Rose diesen Produkten verleiht, und die Substanzen, die unser Hautmikrobiom wiederherstellen, lassen unsere Haut strahlen und gl\u00e4nzen. Der Balsam eignet sich auch perfekt f\u00fcr die Selbstmassage des Gesichts. Indem man das Gesichtswasser dar\u00fcber bl\u00e4st, zieht der Balsam schneller in die Haut ein.<\/p>\n<p>Enth\u00e4lt: Gesichtsbalsam mit Rose, Gesichtswasser mit Rose und Neroli<\/p>\n<h3><strong>M2-Bausatz<\/strong><\/h3>\n<p>Die perfekte Kombination aus einem sanften, nat\u00fcrlichen Schaumreiniger und einem mikrobiomfreundlichen Toner, der den pH-Wert Ihrer Haut ausgleicht und ein angenehmes Gef\u00fchl nach dem Waschen hinterl\u00e4sst (unser Leitungswasser ist alkalisch, aber der pH-Wert unserer Haut ist leicht sauer).<\/p>\n<p>Das Set enth\u00e4lt: Reinigungsschaum f\u00fcr das Gesicht, Gesichtswasser Rose und Neroli.<\/p>\n<h3><strong>L Satz<\/strong><\/h3>\n<p>Verw\u00f6hnen Sie sich und lassen Sie Ihre Haut mit einem kompletten Gesichtsritual lebendig und strahlend werden. Der sanfte Schaum reinigt auch Make-up perfekt und reizt Ihre Augen nicht. Der Toner vervollst\u00e4ndigt den Reinigungsprozess und gleicht den pH-Wert der Haut f\u00fcr die Cremeanwendung aus und f\u00f6rdert eine aktivere Interaktion der Creme oder des Serums mit den Hautzellen. HydraPeptide Serum hat eine durchdachte mehrstufige Feuchtigkeitspflege - \u00e4u\u00dferlich\u00a0<strong>Kollagen-Aminos\u00e4uren<\/strong>sowie\u00a0<strong>Argan\u00f6l,\u00a0<\/strong>das die Hautbarriere wiederherstellt und tiefer wirkt\u00a0<strong>kleines Hyalurons\u00e4uremolek\u00fcl<\/strong>die in tiefere Schichten der Haut eindringen k\u00f6nnen,\u00a0<strong>Hexapeptid 11<\/strong> (Peptide k\u00f6nnen in die Haut eindringen und sich an Zellrezeptoren binden, um die Zellaktivit\u00e4t zu stimulieren - Aktivierung der Fibroblasten -, die Kollagen, Elastin und Hyalurons\u00e4ure produzieren). Im Winter kann das Serum durch einen n\u00e4hrenden Gesichtsbalsam erg\u00e4nzt werden, der die Haut nicht nur n\u00e4hrt, sondern auch vor aggressiven \u00e4u\u00dferen Einfl\u00fcssen sch\u00fctzt.<\/p>\n<p>Enth\u00e4lt: Gesichtsschaum, Rosen- und Neroli-Toner, HydraPeptide-Serum, Gesichtsbalsam, Feuchtigkeitscreme<\/p>\n<h4>ODER STELLEN SIE IHR EIGENES GESCHENKSET ZUSAMMEN!<br \/>\nSCHREIBEN SIE AN UNS: <strong>info@innosenta.lv<\/strong><\/h4>","protected":false},"featured_media":3628,"template":"","meta":[],"product_brand":[],"product_cat":[16,96],"product_tag":[],"class_list":{"0":"post-3626","1":"product","2":"type-product","3":"status-publish","4":"has-post-thumbnail","6":"product_cat-visi-produkti","7":"product_cat-davanas","9":"first","10":"instock","11":"shipping-taxable","12":"purchasable","13":"product-type-variable","14":"has-default-attributes"},"wcpa_form_fields":null,"_links":{"self":[{"href":"https:\/\/innosenta.com\/de\/wp-json\/wp\/v2\/product\/3626","targetHints":{"allow":["GET"]}}],"collection":[{"href":"https:\/\/innosenta.com\/de\/wp-json\/wp\/v2\/product"}],"about":[{"href":"https:\/\/innosenta.com\/de\/wp-json\/wp\/v2\/types\/product"}],"wp:featuredmedia":[{"embeddable":true,"href":"https:\/\/innosenta.com\/de\/wp-json\/wp\/v2\/media\/3628"}],"wp:attachment":[{"href":"https:\/\/innosenta.com\/de\/wp-json\/wp\/v2\/media?parent=3626"}],"wp:term":[{"taxonomy":"product_brand","embeddable":true,"href":"https:\/\/innosenta.com\/de\/wp-json\/wp\/v2\/product_brand?post=3626"},{"taxonomy":"product_cat","embeddable":true,"href":"https:\/\/innosenta.com\/de\/wp-json\/wp\/v2\/product_cat?post=3626"},{"taxonomy":"product_tag","embeddable":true,"href":"https:\/\/innosenta.com\/de\/wp-json\/wp\/v2\/product_tag?post=3626"}],"curies":[{"name":"wp","href":"https:\/\/api.w.org\/{rel}","templated":true}]}}