{"id":3979,"date":"2024-11-04T09:10:31","date_gmt":"2024-11-04T09:10:31","guid":{"rendered":"https:\/\/innosenta.com\/?post_type=product&#038;p=3979"},"modified":"2024-12-09T14:09:28","modified_gmt":"2024-12-09T14:09:28","slug":"hydrapeptid-serum","status":"publish","type":"product","link":"https:\/\/innosenta.com\/de\/produkt\/hydrapeptid-serum\/","title":{"rendered":"HydraPeptid-Serum"},"content":{"rendered":"","protected":false},"excerpt":{"rendered":"<p>Spendet Feuchtigkeit, n\u00e4hrt und verj\u00fcngt die Haut. Leichte Textur, zieht schnell in die Haut ein. Gl\u00e4ttet den Teint dank Extrakten, die helfen, die Aktivit\u00e4t der mimischen Muskeln zu reduzieren.<\/p>\n<p>Ein gro\u00dfartiges Serum zur Befeuchtung der Haut, bei dem mehrere Stufen der Hydratation durchdacht wurden - \u00e4u\u00dferlich wirkend <strong>Kollagen-Aminos\u00e4uren<\/strong>sowie <strong>Argan\u00f6l,\u00a0<\/strong>das die Hautbarriere wiederherstellt und tiefer wirkt <strong>kleines Hyalurons\u00e4uremolek\u00fcl<\/strong>die in tiefere Schichten der Haut eindringen k\u00f6nnen, <strong>Hexapeptid 11<\/strong> (Peptide k\u00f6nnen in die Haut eindringen und sich an Zellrezeptoren binden, um die Zellaktivit\u00e4t zu stimulieren - Aktivierung der Fibroblasten - die Kollagen, Elastin und Hyalurons\u00e4ure produzieren).<\/p>","protected":false},"featured_media":3980,"template":"","meta":[],"product_brand":[],"product_cat":[16,102,101],"product_tag":[],"class_list":{"0":"post-3979","1":"product","2":"type-product","3":"status-publish","4":"has-post-thumbnail","6":"product_cat-visi-produkti","7":"product_cat-best-sellers","8":"product_cat-sakumlapa","10":"first","11":"instock","12":"shipping-taxable","13":"purchasable","14":"product-type-simple"},"wcpa_form_fields":null,"_links":{"self":[{"href":"https:\/\/innosenta.com\/de\/wp-json\/wp\/v2\/product\/3979","targetHints":{"allow":["GET"]}}],"collection":[{"href":"https:\/\/innosenta.com\/de\/wp-json\/wp\/v2\/product"}],"about":[{"href":"https:\/\/innosenta.com\/de\/wp-json\/wp\/v2\/types\/product"}],"wp:featuredmedia":[{"embeddable":true,"href":"https:\/\/innosenta.com\/de\/wp-json\/wp\/v2\/media\/3980"}],"wp:attachment":[{"href":"https:\/\/innosenta.com\/de\/wp-json\/wp\/v2\/media?parent=3979"}],"wp:term":[{"taxonomy":"product_brand","embeddable":true,"href":"https:\/\/innosenta.com\/de\/wp-json\/wp\/v2\/product_brand?post=3979"},{"taxonomy":"product_cat","embeddable":true,"href":"https:\/\/innosenta.com\/de\/wp-json\/wp\/v2\/product_cat?post=3979"},{"taxonomy":"product_tag","embeddable":true,"href":"https:\/\/innosenta.com\/de\/wp-json\/wp\/v2\/product_tag?post=3979"}],"curies":[{"name":"wp","href":"https:\/\/api.w.org\/{rel}","templated":true}]}}