{"id":5189,"date":"2025-01-21T18:34:07","date_gmt":"2025-01-21T18:34:07","guid":{"rendered":"https:\/\/innosenta.com\/?post_type=product&#038;p=5189"},"modified":"2026-02-06T12:32:29","modified_gmt":"2026-02-06T12:32:29","slug":"mama-beauty-augenbrauen-und-wimpern-keratin-mit-fixierung","status":"publish","type":"product","link":"https:\/\/innosenta.com\/de\/produkt\/mama-beauty-augenbrauen-und-wimpern-keratin-mit-fixierung\/","title":{"rendered":"MaMa BEAUTY Augenbrauen- und Wimpern-Keratin mit Fixiermittel"},"content":{"rendered":"","protected":false},"excerpt":{"rendered":"<p><em>Innosenta<\/em> ein f\u00fcr Augenbrauen und Wimpern entwickeltes Produkt mit Fixierung. Spendet Feuchtigkeit, stellt wieder her, n\u00e4hrt, s\u00e4ttigt, fixiert und verleiht einen gesunden Glanz. Hilft, die Form der Augenbrauen zu st\u00e4rken. Sch\u00fctzt vor sch\u00e4dlichen Umwelteinfl\u00fcssen, stellt die nat\u00fcrliche Keratinschicht wieder her. Verl\u00e4ngert die Wirkung nach dem Laminierungsverfahren.<\/p>\n<p><strong>Hydrolysiertes Keratin<\/strong> verbessert die Struktur der Haare, macht sie st\u00e4rker<strong>. <\/strong><strong>Argan\u00f6l<\/strong> l\u00e4sst die Augenbrauen gl\u00e4nzen, beschleunigt das Wachstum und beugt Br\u00fcchigkeit vor. <strong>Rizinus\u00f6l<\/strong> hilft, das Haar zu st\u00e4rken.<\/p>\n<p>Volumen: 4 ml.<\/p>","protected":false},"featured_media":5193,"template":"","meta":[],"product_brand":[],"product_cat":[16],"product_tag":[],"class_list":{"0":"post-5189","1":"product","2":"type-product","3":"status-publish","4":"has-post-thumbnail","6":"product_cat-visi-produkti","8":"first","9":"instock","10":"shipping-taxable","11":"purchasable","12":"product-type-simple"},"wcpa_form_fields":null,"_links":{"self":[{"href":"https:\/\/innosenta.com\/de\/wp-json\/wp\/v2\/product\/5189","targetHints":{"allow":["GET"]}}],"collection":[{"href":"https:\/\/innosenta.com\/de\/wp-json\/wp\/v2\/product"}],"about":[{"href":"https:\/\/innosenta.com\/de\/wp-json\/wp\/v2\/types\/product"}],"wp:featuredmedia":[{"embeddable":true,"href":"https:\/\/innosenta.com\/de\/wp-json\/wp\/v2\/media\/5193"}],"wp:attachment":[{"href":"https:\/\/innosenta.com\/de\/wp-json\/wp\/v2\/media?parent=5189"}],"wp:term":[{"taxonomy":"product_brand","embeddable":true,"href":"https:\/\/innosenta.com\/de\/wp-json\/wp\/v2\/product_brand?post=5189"},{"taxonomy":"product_cat","embeddable":true,"href":"https:\/\/innosenta.com\/de\/wp-json\/wp\/v2\/product_cat?post=5189"},{"taxonomy":"product_tag","embeddable":true,"href":"https:\/\/innosenta.com\/de\/wp-json\/wp\/v2\/product_tag?post=5189"}],"curies":[{"name":"wp","href":"https:\/\/api.w.org\/{rel}","templated":true}]}}