{"id":2178,"date":"2022-12-13T14:48:36","date_gmt":"2022-12-13T14:48:36","guid":{"rendered":"https:\/\/innosenta.com\/?page_id=2178"},"modified":"2022-12-21T18:57:37","modified_gmt":"2022-12-21T18:57:37","slug":"livraison-des-marchandises","status":"publish","type":"page","link":"https:\/\/innosenta.com\/fr\/livraison-des-marchandises\/","title":{"rendered":"Livraison des marchandises"},"content":{"rendered":"<div data-elementor-type=\"wp-page\" data-elementor-id=\"2178\" class=\"elementor elementor-2178\" data-elementor-post-type=\"page\">\n\t\t\t\t\t\t<section class=\"elementor-section elementor-top-section elementor-element elementor-element-2fde0c82 elementor-section-boxed elementor-section-height-default elementor-section-height-default\" data-id=\"2fde0c82\" data-element_type=\"section\" data-settings=\"{&quot;background_background&quot;:&quot;classic&quot;}\">\n\t\t\t\t\t\t<div class=\"elementor-container elementor-column-gap-default\">\n\t\t\t\t\t<div class=\"elementor-column elementor-col-100 elementor-top-column elementor-element elementor-element-35428578\" data-id=\"35428578\" data-element_type=\"column\">\n\t\t\t<div class=\"elementor-widget-wrap elementor-element-populated\">\n\t\t\t\t\t\t<div class=\"elementor-element elementor-element-5f0f70f elementor-widget elementor-widget-heading\" data-id=\"5f0f70f\" data-element_type=\"widget\" data-widget_type=\"heading.default\">\n\t\t\t\t<div class=\"elementor-widget-container\">\n\t\t\t\t\t<h2 class=\"elementor-heading-title elementor-size-default\">Livraison des marchandises<\/h2>\t\t\t\t<\/div>\n\t\t\t\t<\/div>\n\t\t\t\t\t<\/div>\n\t\t<\/div>\n\t\t\t\t\t<\/div>\n\t\t<\/section>\n\t\t\t\t<section class=\"elementor-section elementor-top-section elementor-element elementor-element-1de5e1c7 elementor-section-boxed elementor-section-height-default elementor-section-height-default\" data-id=\"1de5e1c7\" data-element_type=\"section\" data-settings=\"{&quot;background_background&quot;:&quot;classic&quot;}\">\n\t\t\t\t\t\t<div class=\"elementor-container elementor-column-gap-default\">\n\t\t\t\t\t<div class=\"elementor-column elementor-col-100 elementor-top-column elementor-element elementor-element-74033143\" data-id=\"74033143\" data-element_type=\"column\">\n\t\t\t<div class=\"elementor-widget-wrap elementor-element-populated\">\n\t\t\t\t\t\t<div class=\"elementor-element elementor-element-4c5b013c elementor-widget elementor-widget-text-editor\" data-id=\"4c5b013c\" data-element_type=\"widget\" data-widget_type=\"text-editor.default\">\n\t\t\t\t<div class=\"elementor-widget-container\">\n\t\t\t\t\t\t\t\t\t<p class=\"p1\">1.1 Les marchandises sont livr\u00e9es \u00e0 Omniva ou aux distributeurs de colis DPD en Lettonie, conform\u00e9ment \u00e0 la liste de prix. Pour les commandes sup\u00e9rieures \u00e0 40 EUR, la livraison est gratuite en Lettonie.<\/p><p class=\"p1\">1.2 Avant d'effectuer le paiement, l'acheteur doit s\u00e9lectionner le mode de livraison le plus appropri\u00e9 et la machine \u00e0 colis sp\u00e9cifique dans la liste des machines \u00e0 colis disponibles.<\/p><p class=\"p1\">1.3 Si l'acheteur ne r\u00e9cup\u00e8re pas les marchandises au bureau des colis dans le d\u00e9lai qui lui a \u00e9t\u00e9 notifi\u00e9 par SMS et\/ou par e-mail, les marchandises seront renvoy\u00e9es au vendeur, la commande sera annul\u00e9e et l'acheteur sera rembours\u00e9 du montant pay\u00e9 pour les marchandises, moins les frais de livraison et les frais des prestataires de services de paiement.<\/p><p class=\"p1\">1.4 La livraison peut \u00e9galement \u00eatre effectu\u00e9e par courrier \u00e0 une adresse sp\u00e9cifique sp\u00e9cifi\u00e9e par l'acheteur, tant en Lettonie que dans d'autres pays europ\u00e9ens, ou \u00e0 des bureaux de colis dans d'autres pays europ\u00e9ens. Les prix de livraison sp\u00e9cifiques sont calcul\u00e9s sur demande. Si l'acheteur souhaite utiliser les modes de livraison vis\u00e9s dans le pr\u00e9sent paragraphe, il doit commander les marchandises en contactant le vendeur par courrier \u00e9lectronique. <em>info@innosenta.lv<\/em>.<\/p><p class=\"p1\">1.5 La livraison des marchandises peut \u00eatre retard\u00e9e en raison de circonstances impr\u00e9vues ind\u00e9pendantes de la volont\u00e9 du vendeur. Le vendeur informera l'acheteur si le retard est de son fait. L'acheteur peut exercer son droit de r\u00e9siliation du contrat d'achat des marchandises.<\/p><p class=\"p1\">1.6 Le vendeur n'est pas responsable des retards de livraison des marchandises dus \u00e0 des raisons objectives, y compris la faute de tiers ou de l'acheteur.<\/p><p class=\"p1\">1.7 Pour en savoir plus, consultez les conditions d'utilisation.<\/p>\t\t\t\t\t\t\t\t<\/div>\n\t\t\t\t<\/div>\n\t\t\t\t\t<\/div>\n\t\t<\/div>\n\t\t\t\t\t<\/div>\n\t\t<\/section>\n\t\t\t\t<\/div>","protected":false},"excerpt":{"rendered":"<p>Livraison des marchandises 1.1 Les marchandises sont livr\u00e9es \u00e0 Omniva ou aux distributeurs de colis DPD en Lettonie, conform\u00e9ment \u00e0 la liste de prix. Pour les commandes sup\u00e9rieures \u00e0 40 EUR, la livraison est gratuite en Lettonie. 1.2 Avant d'effectuer le paiement, l'acheteur doit s\u00e9lectionner la m\u00e9thode de livraison la plus pratique et le bureau de colis sp\u00e9cifique dans la liste des bureaux de colis disponibles. 1.3 Si l'acheteur ne r\u00e9cup\u00e8re pas les marchandises au [...]<\/p>","protected":false},"author":1,"featured_media":0,"parent":0,"menu_order":0,"comment_status":"closed","ping_status":"closed","template":"","meta":{"footnotes":""},"class_list":["post-2178","page","type-page","status-publish","hentry"],"_links":{"self":[{"href":"https:\/\/innosenta.com\/fr\/wp-json\/wp\/v2\/pages\/2178","targetHints":{"allow":["GET"]}}],"collection":[{"href":"https:\/\/innosenta.com\/fr\/wp-json\/wp\/v2\/pages"}],"about":[{"href":"https:\/\/innosenta.com\/fr\/wp-json\/wp\/v2\/types\/page"}],"author":[{"embeddable":true,"href":"https:\/\/innosenta.com\/fr\/wp-json\/wp\/v2\/users\/1"}],"replies":[{"embeddable":true,"href":"https:\/\/innosenta.com\/fr\/wp-json\/wp\/v2\/comments?post=2178"}],"version-history":[{"count":8,"href":"https:\/\/innosenta.com\/fr\/wp-json\/wp\/v2\/pages\/2178\/revisions"}],"predecessor-version":[{"id":2553,"href":"https:\/\/innosenta.com\/fr\/wp-json\/wp\/v2\/pages\/2178\/revisions\/2553"}],"wp:attachment":[{"href":"https:\/\/innosenta.com\/fr\/wp-json\/wp\/v2\/media?parent=2178"}],"curies":[{"name":"wp","href":"https:\/\/api.w.org\/{rel}","templated":true}]}}