{"id":3,"date":"2022-11-15T10:59:49","date_gmt":"2022-11-15T10:59:49","guid":{"rendered":"https:\/\/innosenta.com\/?page_id=3"},"modified":"2024-12-05T17:18:29","modified_gmt":"2024-12-05T17:18:29","slug":"politique-de-confidentialite","status":"publish","type":"page","link":"https:\/\/innosenta.com\/fr\/politique-de-confidentialite\/","title":{"rendered":"Politique de confidentialit\u00e9"},"content":{"rendered":"<div data-elementor-type=\"wp-page\" data-elementor-id=\"3\" class=\"elementor elementor-3\" data-elementor-post-type=\"page\">\n\t\t\t\t\t\t<section class=\"elementor-section elementor-top-section elementor-element elementor-element-6c194d52 elementor-section-boxed elementor-section-height-default elementor-section-height-default\" data-id=\"6c194d52\" data-element_type=\"section\" data-settings=\"{&quot;background_background&quot;:&quot;classic&quot;}\">\n\t\t\t\t\t\t<div class=\"elementor-container elementor-column-gap-default\">\n\t\t\t\t\t<div class=\"elementor-column elementor-col-100 elementor-top-column elementor-element elementor-element-325922f7\" data-id=\"325922f7\" data-element_type=\"column\">\n\t\t\t<div class=\"elementor-widget-wrap elementor-element-populated\">\n\t\t\t\t\t\t<div class=\"elementor-element elementor-element-3c7b74a8 elementor-widget elementor-widget-heading\" data-id=\"3c7b74a8\" data-element_type=\"widget\" data-widget_type=\"heading.default\">\n\t\t\t\t<div class=\"elementor-widget-container\">\n\t\t\t\t\t<h2 class=\"elementor-heading-title elementor-size-default\">Politique de confidentialit\u00e9<\/h2>\t\t\t\t<\/div>\n\t\t\t\t<\/div>\n\t\t\t\t\t<\/div>\n\t\t<\/div>\n\t\t\t\t\t<\/div>\n\t\t<\/section>\n\t\t\t\t<section class=\"elementor-section elementor-top-section elementor-element elementor-element-ebe3cdd elementor-section-boxed elementor-section-height-default elementor-section-height-default\" data-id=\"ebe3cdd\" data-element_type=\"section\" data-settings=\"{&quot;background_background&quot;:&quot;classic&quot;}\">\n\t\t\t\t\t\t<div class=\"elementor-container elementor-column-gap-default\">\n\t\t\t\t\t<div class=\"elementor-column elementor-col-100 elementor-top-column elementor-element elementor-element-2c93ecd5\" data-id=\"2c93ecd5\" data-element_type=\"column\">\n\t\t\t<div class=\"elementor-widget-wrap elementor-element-populated\">\n\t\t\t\t\t\t<div class=\"elementor-element elementor-element-71780eb6 elementor-widget elementor-widget-text-editor\" data-id=\"71780eb6\" data-element_type=\"widget\" data-widget_type=\"text-editor.default\">\n\t\t\t\t<div class=\"elementor-widget-container\">\n\t\t\t\t\t\t\t\t\t<p><strong>1) R\u00e8gles g\u00e9n\u00e9rales<\/strong><\/p><p>1.1 La pr\u00e9sente politique de protection de la vie priv\u00e9e explique comment la boutique en ligne <em>www.innosenta.com<\/em> Responsable du traitement des donn\u00e9es SIA \"<strong>souffle de printemps<\/strong>La soci\u00e9t\u00e9 \"B.A.S.\", immatricul\u00e9e sous le num\u00e9ro 4020338411, collecte, traite et stocke des donn\u00e9es physiques \u00e0 caract\u00e8re personnel (donn\u00e9es \u00e0 caract\u00e8re personnel).<\/p><p>1.2 La personne concern\u00e9e est la boutique en ligne <em>www.innosenta.com<\/em> le client et la personne qui visite la boutique en ligne.<\/p><p>1.3 Le responsable du traitement traite les donn\u00e9es personnelles de mani\u00e8re licite, en toute bonne foi et de mani\u00e8re transparente pour la personne concern\u00e9e, conform\u00e9ment aux lois et r\u00e8glements en vigueur en R\u00e9publique de Lettonie, y compris les exigences du R\u00e8glement g\u00e9n\u00e9ral sur la protection des donn\u00e9es (RGPD) concernant le traitement des donn\u00e9es des personnes physiques. Les exigences du R\u00e8glement g\u00e9n\u00e9ral sur la protection des donn\u00e9es (RGPD) concernant le traitement des donn\u00e9es des personnes physiques.<\/p><p>1.4 La base juridique du traitement des donn\u00e9es \u00e0 caract\u00e8re personnel est la n\u00e9cessit\u00e9 pour le responsable du traitement d'ex\u00e9cuter un contrat auquel la personne concern\u00e9e est partie (livrer \u00e0 la personne concern\u00e9e les biens achet\u00e9s, envoyer des informations sur l'\u00e9tat d'une commande, une facture, etc.) L'adresse \u00e9lectronique de la personne concern\u00e9e est \u00e9galement utilis\u00e9e pour envoyer des communications commerciales. En visitant la boutique en ligne et en y passant commande, la personne concern\u00e9e consent au traitement de ses donn\u00e9es \u00e0 caract\u00e8re personnel pour la finalit\u00e9 sp\u00e9cifique.<\/p><p>1.5 Il incombe \u00e0 la personne concern\u00e9e de s'assurer que les donn\u00e9es personnelles fournies sont correctes, pr\u00e9cises et compl\u00e8tes. Le responsable du traitement n'est pas responsable des dommages subis par la personne concern\u00e9e ou des tiers \u00e0 la suite de la transmission de donn\u00e9es personnelles incorrectes. La personne concern\u00e9e est responsable des dommages subis par le responsable du traitement des donn\u00e9es ou par des tiers en raison de donn\u00e9es personnelles communiqu\u00e9es de mani\u00e8re incorrecte.<\/p><p><strong>2. collecte de donn\u00e9es \u00e0 caract\u00e8re personnel<\/strong><\/p><p>2.1 Le responsable du traitement obtient des donn\u00e9es personnelles par le biais de la boutique en ligne si la personne concern\u00e9e effectue un achat, du formulaire de contact disponible sur la boutique en ligne si la personne concern\u00e9e envoie un message, et par courrier \u00e9lectronique.<\/p><p><strong>3. le traitement et le stockage des donn\u00e9es \u00e0 caract\u00e8re personnel<\/strong><\/p><p>3.1 Le responsable du traitement des donn\u00e9es collecte, traite et stocke les donn\u00e9es personnelles suivantes de la personne concern\u00e9e :<\/p><p>3.1.1 ;<\/p><p>3.1.2. l'adresse \u00e9lectronique et le num\u00e9ro de t\u00e9l\u00e9phone ;<\/p><p>3.1.3. les informations relatives \u00e0 la transaction (biens achet\u00e9s, adresse de livraison, prix, modalit\u00e9s de paiement, etc ;)<\/p><p>3.1.4. toute autre information fournie lors de l'utilisation de la boutique en ligne, lors de l'achat de biens, via le formulaire de contact ou par e-mail.<\/p><p>3.2 Le responsable du traitement conserve et traite les donn\u00e9es \u00e0 caract\u00e8re personnel de la personne concern\u00e9e aussi longtemps qu'il existe un motif l\u00e9gitime - les donn\u00e9es sont n\u00e9cessaires aux fins pour lesquelles elles ont \u00e9t\u00e9 re\u00e7ues et\/ou il existe une autre base juridique en relation avec les lois et r\u00e8glements applicables.<\/p><p>3.3 Les donn\u00e9es \u00e0 caract\u00e8re personnel ne sont accessibles qu'\u00e0 un nombre limit\u00e9 de personnes, \u00e0 savoir celles qui en ont manifestement besoin pour atteindre des objectifs l\u00e9gitimes.<\/p><p>3.4 Les donn\u00e9es \u00e0 caract\u00e8re personnel sont effac\u00e9es lorsqu'elles ne sont plus n\u00e9cessaires \u00e0 la r\u00e9alisation d'objectifs l\u00e9gitimes ou \u00e0 la demande de la personne concern\u00e9e.<\/p><p>3.5 Le responsable du traitement transf\u00e8re les donn\u00e9es \u00e0 caract\u00e8re personnel \u00e0 des partenaires commerciaux dans la mesure o\u00f9 ils sont n\u00e9cessaires \u00e0 l'ex\u00e9cution des obligations contractuelles \u00e0 l'\u00e9gard de la personne concern\u00e9e, y compris les comptables, les services de messagerie, les prestataires de services de paiement, etc.<\/p><p>3.6 Si n\u00e9cessaire, afin de prot\u00e9ger les int\u00e9r\u00eats du contr\u00f4leur des donn\u00e9es, les donn\u00e9es personnelles peuvent \u00eatre transf\u00e9r\u00e9es aux autorit\u00e9s \u00e9tatiques et aux autorit\u00e9s charg\u00e9es de l'application de la loi, conform\u00e9ment aux lois et r\u00e9glementations.<\/p><p>3.7 Le responsable du traitement met en \u0153uvre des mesures organisationnelles et techniques pour assurer la s\u00e9curit\u00e9 du stockage et du traitement des donn\u00e9es \u00e0 caract\u00e8re personnel et pour les prot\u00e9ger contre la destruction, l'alt\u00e9ration, la divulgation et tout autre traitement illicite accidentels ou ill\u00e9gaux. Les donn\u00e9es \u00e0 caract\u00e8re personnel sont stock\u00e9es sur le territoire de l'Union europ\u00e9enne.<\/p><p><strong>4. les droits de la personne concern\u00e9e<\/strong><\/p><p>4.1 Le responsable du traitement des donn\u00e9es veille \u00e0 ce que la personne concern\u00e9e puisse exercer tous ses droits en vertu du GDPR, y compris :<\/p><p>4.1.1. acc\u00e9der \u00e0 vos donn\u00e9es personnelles, recevoir des informations sur le traitement de vos donn\u00e9es, demander une copie de vos donn\u00e9es ;<\/p><p>4.1.2. demander des corrections \u00e0 vos donn\u00e9es personnelles ;<\/p><p>4.1.3. supprimer vos donn\u00e9es \u00e0 caract\u00e8re personnel (\"\u00eatre oubli\u00e9\") ;<\/p><p>4.1.4. retirer son consentement pr\u00e9alable au traitement des donn\u00e9es ;<\/p><p>4.1.5. restreindre le traitement de vos donn\u00e9es.<\/p><p>4.2 Toutes les r\u00e9clamations \u00e0 l'encontre du responsable du traitement des donn\u00e9es doivent \u00eatre envoy\u00e9es par voie \u00e9lectronique par la personne concern\u00e9e \u00e0 l'adresse \u00e9lectronique info@<em>innosenta.lv<\/em>garantir l'identification sans \u00e9quivoque de la personne concern\u00e9e.<\/p><p>4.3 Les exceptions aux droits de la personne concern\u00e9e ne sont autoris\u00e9es qu'en conformit\u00e9 avec les lois et r\u00e8glements applicables.<\/p><p><strong>5. informations sur les cookies<\/strong><\/p><p>5.1 Les cookies sont de petits fichiers alphanum\u00e9riques qui sont t\u00e9l\u00e9charg\u00e9s et stock\u00e9s sur l'ordinateur de la personne concern\u00e9e ou sur un autre appareil (par ex. smartphone, tablette) et stock\u00e9s dans le navigateur web de la personne concern\u00e9e lors de la visite d'un site web. Les cookies sont n\u00e9cessaires pour permettre \u00e0 la Personne concern\u00e9e d'utiliser plus facilement les services num\u00e9riques de la boutique en ligne, par exemple pour effectuer des paiements en ligne, pour permettre au Responsable du traitement d'obtenir des informations sur la mani\u00e8re dont les visiteurs utilisent le site web et pour am\u00e9liorer les services offerts aux visiteurs.<\/p><p>5.2 La boutique en ligne utilise :<\/p><p>5.2.1. les cookies n\u00e9cessaires - ils permettent \u00e0 la personne concern\u00e9e d'acc\u00e9der \u00e0 diff\u00e9rentes parties du site web. Ces cookies sont n\u00e9cessaires au fonctionnement du site web et ne peuvent donc pas \u00eatre d\u00e9sactiv\u00e9s ;<\/p><p>5.2.2. des cookies analytiques, y compris Google Analytics. Google Analytics - permet de suivre le nombre et les sources des visites, le mouvement des visiteurs sur les pages afin que le responsable du traitement des donn\u00e9es puisse mesurer et am\u00e9liorer la performance de la boutique en ligne ;<\/p><p>5.2.3. cookies de marketing - les cookies de ciblage sont utilis\u00e9s pour identifier le contenu pr\u00e9f\u00e9r\u00e9 de la personne concern\u00e9e sur le site web et pour fournir les informations les plus pertinentes sur les produits et services, pour am\u00e9liorer la personnalisation du contenu et pour am\u00e9liorer l'exp\u00e9rience de la personne concern\u00e9e sur le site web. Ces cookies peuvent \u00eatre utilis\u00e9s par le contr\u00f4leur des donn\u00e9es \u00e0 des fins de campagnes publicitaires sur des sites web de tiers.<\/p><p>5.3 La personne concern\u00e9e peut consentir \u00e0 toutes les cat\u00e9gories de cookies ou \u00e0 une seule d'entre elles en cliquant sur les boutons de consentement correspondants dans la fen\u00eatre contextuelle de la page d'accueil de la boutique en ligne.<\/p><p><strong>6. Dispositions finales<\/strong><\/p><p>6.1 Le responsable du traitement des donn\u00e9es a le droit d'apporter des modifications ou des ajouts \u00e0 la politique de confidentialit\u00e9 \u00e0 tout moment et sans pr\u00e9avis. Les modifications entrent en vigueur d\u00e8s leur publication sur la boutique en ligne. <em>www.innosenta.com<\/em><\/p>\t\t\t\t\t\t\t\t<\/div>\n\t\t\t\t<\/div>\n\t\t\t\t\t<\/div>\n\t\t<\/div>\n\t\t\t\t\t<\/div>\n\t\t<\/section>\n\t\t\t\t<\/div>","protected":false},"excerpt":{"rendered":"<p>Politique de confidentialit\u00e9 1. Conditions g\u00e9n\u00e9rales 1.1 La pr\u00e9sente politique de confidentialit\u00e9 d\u00e9crit la mani\u00e8re dont le contr\u00f4leur des donn\u00e9es de la boutique en ligne www.innosenta.com SIA \"spring breath\", n\u00b0 d'enregistrement 4020338411, collecte, traite et stocke les donn\u00e9es physiques \u00e0 caract\u00e8re personnel (donn\u00e9es personnelles). 1.2 La personne concern\u00e9e est le client de la boutique en ligne www.innosenta.com et la personne qui visite la boutique en ligne. 1.3 Le responsable du traitement traite les donn\u00e9es \u00e0 caract\u00e8re personnel de mani\u00e8re licite, loyale et transparente pour la personne concern\u00e9e, [...]<\/p>","protected":false},"author":1,"featured_media":0,"parent":0,"menu_order":0,"comment_status":"closed","ping_status":"closed","template":"","meta":{"footnotes":""},"class_list":["post-3","page","type-page","status-publish","hentry"],"_links":{"self":[{"href":"https:\/\/innosenta.com\/fr\/wp-json\/wp\/v2\/pages\/3","targetHints":{"allow":["GET"]}}],"collection":[{"href":"https:\/\/innosenta.com\/fr\/wp-json\/wp\/v2\/pages"}],"about":[{"href":"https:\/\/innosenta.com\/fr\/wp-json\/wp\/v2\/types\/page"}],"author":[{"embeddable":true,"href":"https:\/\/innosenta.com\/fr\/wp-json\/wp\/v2\/users\/1"}],"replies":[{"embeddable":true,"href":"https:\/\/innosenta.com\/fr\/wp-json\/wp\/v2\/comments?post=3"}],"version-history":[{"count":17,"href":"https:\/\/innosenta.com\/fr\/wp-json\/wp\/v2\/pages\/3\/revisions"}],"predecessor-version":[{"id":2550,"href":"https:\/\/innosenta.com\/fr\/wp-json\/wp\/v2\/pages\/3\/revisions\/2550"}],"wp:attachment":[{"href":"https:\/\/innosenta.com\/fr\/wp-json\/wp\/v2\/media?parent=3"}],"curies":[{"name":"wp","href":"https:\/\/api.w.org\/{rel}","templated":true}]}}