{"id":914,"date":"2022-11-26T15:26:25","date_gmt":"2022-11-26T15:26:25","guid":{"rendered":"https:\/\/innosenta.com\/?page_id=914"},"modified":"2024-07-26T06:38:15","modified_gmt":"2024-07-26T06:38:15","slug":"a-propos-de-nous","status":"publish","type":"page","link":"https:\/\/innosenta.com\/fr\/a-propos-de-nous\/","title":{"rendered":"A propos de nous"},"content":{"rendered":"<div data-elementor-type=\"wp-page\" data-elementor-id=\"914\" class=\"elementor elementor-914\" data-elementor-post-type=\"page\">\n\t\t\t\t\t\t<section class=\"elementor-section elementor-top-section elementor-element elementor-element-597a97f elementor-section-boxed elementor-section-height-default elementor-section-height-default\" data-id=\"597a97f\" data-element_type=\"section\">\n\t\t\t\t\t\t<div class=\"elementor-container elementor-column-gap-default\">\n\t\t\t\t\t<div class=\"elementor-column elementor-col-50 elementor-top-column elementor-element elementor-element-58c75348\" data-id=\"58c75348\" data-element_type=\"column\">\n\t\t\t<div class=\"elementor-widget-wrap elementor-element-populated\">\n\t\t\t\t\t\t<div class=\"elementor-element elementor-element-487b9c9e elementor-widget elementor-widget-image\" data-id=\"487b9c9e\" data-element_type=\"widget\" data-widget_type=\"image.default\">\n\t\t\t\t<div class=\"elementor-widget-container\">\n\t\t\t\t\t\t\t\t\t\t\t\t\t\t\t<img fetchpriority=\"high\" decoding=\"async\" width=\"768\" height=\"654\" src=\"https:\/\/innosenta.com\/wp-content\/uploads\/2022\/12\/Optimized-shutterstock_415352821-768x654.jpg\" class=\"attachment-medium_large size-medium_large wp-image-1484\" alt=\"\" srcset=\"https:\/\/innosenta.com\/wp-content\/uploads\/2022\/12\/Optimized-shutterstock_415352821-768x654.jpg 768w, https:\/\/innosenta.com\/wp-content\/uploads\/2022\/12\/Optimized-shutterstock_415352821-300x255.jpg 300w, https:\/\/innosenta.com\/wp-content\/uploads\/2022\/12\/Optimized-shutterstock_415352821-1024x872.jpg 1024w, https:\/\/innosenta.com\/wp-content\/uploads\/2022\/12\/Optimized-shutterstock_415352821-14x12.jpg 14w, https:\/\/innosenta.com\/wp-content\/uploads\/2022\/12\/Optimized-shutterstock_415352821-600x511.jpg 600w, https:\/\/innosenta.com\/wp-content\/uploads\/2022\/12\/Optimized-shutterstock_415352821.jpg 1057w\" sizes=\"(max-width: 768px) 100vw, 768px\" \/>\t\t\t\t\t\t\t\t\t\t\t\t\t\t\t<\/div>\n\t\t\t\t<\/div>\n\t\t\t\t\t<\/div>\n\t\t<\/div>\n\t\t\t\t<div class=\"elementor-column elementor-col-50 elementor-top-column elementor-element elementor-element-3b01d9c3\" data-id=\"3b01d9c3\" data-element_type=\"column\">\n\t\t\t<div class=\"elementor-widget-wrap elementor-element-populated\">\n\t\t\t\t\t\t<div class=\"elementor-element elementor-element-1f9ef248 elementor-widget elementor-widget-heading\" data-id=\"1f9ef248\" data-element_type=\"widget\" data-widget_type=\"heading.default\">\n\t\t\t\t<div class=\"elementor-widget-container\">\n\t\t\t\t\t<h2 class=\"elementor-heading-title elementor-size-default\">Qu'est-ce que Innosenta Living Cosmetics ?<\/h2>\t\t\t\t<\/div>\n\t\t\t\t<\/div>\n\t\t\t\t<div class=\"elementor-element elementor-element-3ee4f946 elementor-widget elementor-widget-text-editor\" data-id=\"3ee4f946\" data-element_type=\"widget\" data-widget_type=\"text-editor.default\">\n\t\t\t\t<div class=\"elementor-widget-container\">\n\t\t\t\t\t\t\t\t\t<p>Bref, une v\u00e9ritable raret\u00e9. Les cosm\u00e9tiques vivants se caract\u00e9risent par le fait que toutes les mati\u00e8res premi\u00e8res utilis\u00e9es pour les cr\u00e9er sont v\u00e9ritablement naturelles.<\/p><p><em>Innosenta<\/em> ne sont pas \"am\u00e9lior\u00e9s\" par des additifs artificiels, bien que m\u00eame les syst\u00e8mes de certification des cosm\u00e9tiques naturels les plus stricts autorisent une certaine quantit\u00e9 de ces substances.<\/p><p><em>Innosenta<\/em> Les cosm\u00e9tiques vivants permettent aux cellules de la peau de travailler activement de mani\u00e8re autonome, cr\u00e9ant ainsi un effet plus durable. Contrairement aux cosm\u00e9tiques avec additifs, qui aident \u00e0 cr\u00e9er l'effet visuel d\u00e9sir\u00e9 mais polluent les cellules, nos produits ont un effet harmonieux sur le corps et am\u00e9liorent le renouvellement des cellules de la peau.<\/p>\t\t\t\t\t\t\t\t<\/div>\n\t\t\t\t<\/div>\n\t\t\t\t\t<\/div>\n\t\t<\/div>\n\t\t\t\t\t<\/div>\n\t\t<\/section>\n\t\t\t\t<section class=\"elementor-section elementor-top-section elementor-element elementor-element-574d4f70 elementor-reverse-tablet elementor-reverse-mobile elementor-section-boxed elementor-section-height-default elementor-section-height-default\" data-id=\"574d4f70\" data-element_type=\"section\" data-settings=\"{&quot;background_background&quot;:&quot;classic&quot;}\">\n\t\t\t\t\t\t<div class=\"elementor-container elementor-column-gap-default\">\n\t\t\t\t\t<div class=\"elementor-column elementor-col-50 elementor-top-column elementor-element elementor-element-42aa3dac\" data-id=\"42aa3dac\" data-element_type=\"column\">\n\t\t\t<div class=\"elementor-widget-wrap elementor-element-populated\">\n\t\t\t\t\t\t<div class=\"elementor-element elementor-element-f1f6a12 elementor-widget elementor-widget-heading\" data-id=\"f1f6a12\" data-element_type=\"widget\" data-widget_type=\"heading.default\">\n\t\t\t\t<div class=\"elementor-widget-container\">\n\t\t\t\t\t<h2 class=\"elementor-heading-title elementor-size-default\">Comment est-elle fabriqu\u00e9e ?<\/h2>\t\t\t\t<\/div>\n\t\t\t\t<\/div>\n\t\t\t\t<div class=\"elementor-element elementor-element-1d43cec elementor-widget elementor-widget-text-editor\" data-id=\"1d43cec\" data-element_type=\"widget\" data-widget_type=\"text-editor.default\">\n\t\t\t\t<div class=\"elementor-widget-container\">\n\t\t\t\t\t\t\t\t\t<p><em>Innosenta<\/em> ajoutent de la valeur \u00e0 leurs produits en utilisant des mati\u00e8res premi\u00e8res naturelles dans leur forme la plus naturelle, en pr\u00e9servant leurs qualit\u00e9s intrins\u00e8ques, plut\u00f4t qu'en essayant de les transformer technologiquement.<\/p>\n<p>En raison des caract\u00e9ristiques de production <em>Innosenta<\/em>&nbsp;sont plus chers car nos produits sont fra\u00eechement cr\u00e9\u00e9s et n'utilisent que des mati\u00e8res premi\u00e8res qui ont conserv\u00e9 leur structure naturelle. Les cellules de la peau peuvent interagir plus harmonieusement avec eux.<\/p>\n<p>Utilisation <em>Innosenta<\/em> une plus petite quantit\u00e9 de produit est n\u00e9cessaire pour obtenir l'effet d\u00e9sir\u00e9. Nos produits cosm\u00e9tiques peuvent donc \u00eatre consid\u00e9r\u00e9s comme rentables \u00e0 long terme et ont un effet durable.<\/p>\t\t\t\t\t\t\t\t<\/div>\n\t\t\t\t<\/div>\n\t\t\t\t\t<\/div>\n\t\t<\/div>\n\t\t\t\t<div class=\"elementor-column elementor-col-50 elementor-top-column elementor-element elementor-element-5be60af0\" data-id=\"5be60af0\" data-element_type=\"column\">\n\t\t\t<div class=\"elementor-widget-wrap elementor-element-populated\">\n\t\t\t\t\t\t<div class=\"elementor-element elementor-element-5ab832c9 elementor-widget elementor-widget-image\" data-id=\"5ab832c9\" data-element_type=\"widget\" data-widget_type=\"image.default\">\n\t\t\t\t<div class=\"elementor-widget-container\">\n\t\t\t\t\t\t\t\t\t\t\t\t\t\t\t<img decoding=\"async\" width=\"768\" height=\"626\" src=\"https:\/\/innosenta.com\/wp-content\/uploads\/2022\/12\/Optimized-shutterstock_426671098-768x626.jpg\" class=\"attachment-medium_large size-medium_large wp-image-1486\" alt=\"\" srcset=\"https:\/\/innosenta.com\/wp-content\/uploads\/2022\/12\/Optimized-shutterstock_426671098-768x626.jpg 768w, https:\/\/innosenta.com\/wp-content\/uploads\/2022\/12\/Optimized-shutterstock_426671098-300x244.jpg 300w, https:\/\/innosenta.com\/wp-content\/uploads\/2022\/12\/Optimized-shutterstock_426671098-1024x834.jpg 1024w, https:\/\/innosenta.com\/wp-content\/uploads\/2022\/12\/Optimized-shutterstock_426671098-15x12.jpg 15w, https:\/\/innosenta.com\/wp-content\/uploads\/2022\/12\/Optimized-shutterstock_426671098-600x489.jpg 600w, https:\/\/innosenta.com\/wp-content\/uploads\/2022\/12\/Optimized-shutterstock_426671098.jpg 1105w\" sizes=\"(max-width: 768px) 100vw, 768px\" \/>\t\t\t\t\t\t\t\t\t\t\t\t\t\t\t<\/div>\n\t\t\t\t<\/div>\n\t\t\t\t\t<\/div>\n\t\t<\/div>\n\t\t\t\t\t<\/div>\n\t\t<\/section>\n\t\t\t\t<section class=\"elementor-section elementor-top-section elementor-element elementor-element-31089194 elementor-section-boxed elementor-section-height-default elementor-section-height-default\" data-id=\"31089194\" data-element_type=\"section\">\n\t\t\t\t\t\t<div class=\"elementor-container elementor-column-gap-default\">\n\t\t\t\t\t<div class=\"elementor-column elementor-col-50 elementor-top-column elementor-element elementor-element-57c7ae68\" data-id=\"57c7ae68\" data-element_type=\"column\">\n\t\t\t<div class=\"elementor-widget-wrap elementor-element-populated\">\n\t\t\t\t\t\t<div class=\"elementor-element elementor-element-107e829b elementor-widget elementor-widget-image\" data-id=\"107e829b\" data-element_type=\"widget\" data-widget_type=\"image.default\">\n\t\t\t\t<div class=\"elementor-widget-container\">\n\t\t\t\t\t\t\t\t\t\t\t\t\t\t\t<img decoding=\"async\" width=\"768\" height=\"663\" src=\"https:\/\/innosenta.com\/wp-content\/uploads\/2022\/12\/Optimized-shutterstock_412381027-768x663.jpg\" class=\"attachment-medium_large size-medium_large wp-image-1482\" alt=\"\" srcset=\"https:\/\/innosenta.com\/wp-content\/uploads\/2022\/12\/Optimized-shutterstock_412381027-768x663.jpg 768w, https:\/\/innosenta.com\/wp-content\/uploads\/2022\/12\/Optimized-shutterstock_412381027-300x259.jpg 300w, https:\/\/innosenta.com\/wp-content\/uploads\/2022\/12\/Optimized-shutterstock_412381027-1024x884.jpg 1024w, https:\/\/innosenta.com\/wp-content\/uploads\/2022\/12\/Optimized-shutterstock_412381027-14x12.jpg 14w, https:\/\/innosenta.com\/wp-content\/uploads\/2022\/12\/Optimized-shutterstock_412381027-600x518.jpg 600w, https:\/\/innosenta.com\/wp-content\/uploads\/2022\/12\/Optimized-shutterstock_412381027.jpg 1043w\" sizes=\"(max-width: 768px) 100vw, 768px\" \/>\t\t\t\t\t\t\t\t\t\t\t\t\t\t\t<\/div>\n\t\t\t\t<\/div>\n\t\t\t\t\t<\/div>\n\t\t<\/div>\n\t\t\t\t<div class=\"elementor-column elementor-col-50 elementor-top-column elementor-element elementor-element-354350c5\" data-id=\"354350c5\" data-element_type=\"column\">\n\t\t\t<div class=\"elementor-widget-wrap elementor-element-populated\">\n\t\t\t\t\t\t<div class=\"elementor-element elementor-element-6b8d3e8b elementor-widget elementor-widget-heading\" data-id=\"6b8d3e8b\" data-element_type=\"widget\" data-widget_type=\"heading.default\">\n\t\t\t\t<div class=\"elementor-widget-container\">\n\t\t\t\t\t<h2 class=\"elementor-heading-title elementor-size-default\">Comment cela fonctionne-t-il ?<\/h2>\t\t\t\t<\/div>\n\t\t\t\t<\/div>\n\t\t\t\t<div class=\"elementor-element elementor-element-5e26de99 elementor-widget elementor-widget-text-editor\" data-id=\"5e26de99\" data-element_type=\"widget\" data-widget_type=\"text-editor.default\">\n\t\t\t\t<div class=\"elementor-widget-container\">\n\t\t\t\t\t\t\t\t\t<p>Le corps humain fait partie de la nature, il est donc plus efficacement affect\u00e9 par tout ce qui est vivant et vital.\u00a0<\/p><p><i>Innosenta<\/i> Les cosm\u00e9tiques vivants activent et interagissent harmonieusement avec les cellules de la peau.<\/p><p>Elle \u00e9limine mieux les toxines et les radicaux libres. Il am\u00e9liore les fonctions protectrices de la peau, l'immunit\u00e9 et les processus m\u00e9taboliques tels que la production d'\u00e9lastine et de collag\u00e8ne. Les cosm\u00e9tiques v\u00e9ritablement naturels ont un effet plus b\u00e9n\u00e9fique sur notre peau car les cellules cutan\u00e9es absorbent plus efficacement les mol\u00e9cules contenues dans ces produits.<\/p><p>Bien que les effets des cosm\u00e9tiques vivants soient harmonieux, ils peuvent \u00e9galement provoquer des r\u00e9actions allergiques dans certains cas : comme les substances naturelles activent les processus physiologiques de la cellule, elles activent \u00e9galement l'\u00e9limination des contaminants accumul\u00e9s dans la cellule, qui peuvent se manifester temporairement par des rougeurs de la peau ou provoquer d'autres r\u00e9actions dans l'organisme.<\/p>\t\t\t\t\t\t\t\t<\/div>\n\t\t\t\t<\/div>\n\t\t\t\t\t<\/div>\n\t\t<\/div>\n\t\t\t\t\t<\/div>\n\t\t<\/section>\n\t\t\t\t<section class=\"elementor-section elementor-top-section elementor-element elementor-element-3712fa46 elementor-reverse-tablet elementor-reverse-mobile elementor-section-boxed elementor-section-height-default elementor-section-height-default\" data-id=\"3712fa46\" data-element_type=\"section\" data-settings=\"{&quot;background_background&quot;:&quot;classic&quot;}\">\n\t\t\t\t\t\t<div class=\"elementor-container elementor-column-gap-default\">\n\t\t\t\t\t<div class=\"elementor-column elementor-col-50 elementor-top-column elementor-element elementor-element-2c20c323\" data-id=\"2c20c323\" data-element_type=\"column\">\n\t\t\t<div class=\"elementor-widget-wrap elementor-element-populated\">\n\t\t\t\t\t\t<div class=\"elementor-element elementor-element-954a5ed elementor-widget elementor-widget-heading\" data-id=\"954a5ed\" data-element_type=\"widget\" data-widget_type=\"heading.default\">\n\t\t\t\t<div class=\"elementor-widget-container\">\n\t\t\t\t\t<h2 class=\"elementor-heading-title elementor-size-default\">L'illusion des \"cosm\u00e9tiques naturels\"<\/h2>\t\t\t\t<\/div>\n\t\t\t\t<\/div>\n\t\t\t\t<div class=\"elementor-element elementor-element-4b2e8056 elementor-widget elementor-widget-text-editor\" data-id=\"4b2e8056\" data-element_type=\"widget\" data-widget_type=\"text-editor.default\">\n\t\t\t\t<div class=\"elementor-widget-container\">\n\t\t\t\t\t\t\t\t\t<p>La plupart des marques de cosm\u00e9tiques dites naturelles, biologiques et \u00e9cologiques ne sont naturelles que dans la mesure o\u00f9 la loi ou les syst\u00e8mes de certification l'exigent et autorisent l'utilisation d'une certaine quantit\u00e9 d'additifs min\u00e9raux ou produits artificiellement. Ils sont largement utilis\u00e9s pour \"am\u00e9liorer\" un produit - pour cr\u00e9er un effet plus rapide, une texture ou un parfum plus agr\u00e9able, ou pour prolonger la dur\u00e9e de conservation d'un produit.<\/p><p>Mais ces \"am\u00e9liorations\" polluent g\u00e9n\u00e9ralement le syst\u00e8me lymphatique de l'organisme. Les cellules sont surcharg\u00e9es car elles doivent \u00e9liminer les \u00e9l\u00e9ments chimiques ind\u00e9sirables. Avec le temps, l'aspect de la peau se d\u00e9t\u00e9riore et les gens commencent \u00e0 rechercher des produits cosm\u00e9tiques de plus en plus \"efficaces\".<\/p><p><strong>Mais peut-\u00eatre faudrait-il changer ses habitudes en mati\u00e8re de soins de la peau et utiliser des cosm\u00e9tiques enti\u00e8rement naturels... ?<\/strong><\/p>\t\t\t\t\t\t\t\t<\/div>\n\t\t\t\t<\/div>\n\t\t\t\t<div class=\"elementor-element elementor-element-fc739b5 elementor-align-left elementor-mobile-align-center elementor-hidden-desktop elementor-hidden-tablet elementor-widget elementor-widget-button\" data-id=\"fc739b5\" data-element_type=\"widget\" data-widget_type=\"button.default\">\n\t\t\t\t<div class=\"elementor-widget-container\">\n\t\t\t\t\t\t\t\t\t<div class=\"elementor-button-wrapper\">\n\t\t\t\t\t<a class=\"elementor-button elementor-button-link elementor-size-md elementor-animation-grow\" href=\"\/fr\/boutique\/\">\n\t\t\t\t\t\t<span class=\"elementor-button-content-wrapper\">\n\t\t\t\t\t\t\t\t\t<span class=\"elementor-button-text\">Voir les produits<\/span>\n\t\t\t\t\t<\/span>\n\t\t\t\t\t<\/a>\n\t\t\t\t<\/div>\n\t\t\t\t\t\t\t\t<\/div>\n\t\t\t\t<\/div>\n\t\t\t\t\t<\/div>\n\t\t<\/div>\n\t\t\t\t<div class=\"elementor-column elementor-col-50 elementor-top-column elementor-element elementor-element-cc906ba\" data-id=\"cc906ba\" data-element_type=\"column\">\n\t\t\t<div class=\"elementor-widget-wrap elementor-element-populated\">\n\t\t\t\t\t\t<div class=\"elementor-element elementor-element-5779a elementor-widget elementor-widget-image\" data-id=\"5779a\" data-element_type=\"widget\" data-widget_type=\"image.default\">\n\t\t\t\t<div class=\"elementor-widget-container\">\n\t\t\t\t\t\t\t\t\t\t\t\t\t\t\t<img loading=\"lazy\" decoding=\"async\" width=\"768\" height=\"512\" src=\"https:\/\/innosenta.com\/wp-content\/uploads\/2022\/12\/Optimized-shutterstock_419691331-768x512.jpg\" class=\"attachment-medium_large size-medium_large wp-image-1485\" alt=\"\" srcset=\"https:\/\/innosenta.com\/wp-content\/uploads\/2022\/12\/Optimized-shutterstock_419691331-768x512.jpg 768w, https:\/\/innosenta.com\/wp-content\/uploads\/2022\/12\/Optimized-shutterstock_419691331-300x200.jpg 300w, https:\/\/innosenta.com\/wp-content\/uploads\/2022\/12\/Optimized-shutterstock_419691331-1024x683.jpg 1024w, https:\/\/innosenta.com\/wp-content\/uploads\/2022\/12\/Optimized-shutterstock_419691331-18x12.jpg 18w, https:\/\/innosenta.com\/wp-content\/uploads\/2022\/12\/Optimized-shutterstock_419691331-600x400.jpg 600w, https:\/\/innosenta.com\/wp-content\/uploads\/2022\/12\/Optimized-shutterstock_419691331.jpg 1200w\" sizes=\"(max-width: 768px) 100vw, 768px\" \/>\t\t\t\t\t\t\t\t\t\t\t\t\t\t\t<\/div>\n\t\t\t\t<\/div>\n\t\t\t\t\t<\/div>\n\t\t<\/div>\n\t\t\t\t\t<\/div>\n\t\t<\/section>\n\t\t\t\t<\/div>","protected":false},"excerpt":{"rendered":"<p>Qu'est-ce que Innosenta Living Cosmetics ? En bref, une v\u00e9ritable raret\u00e9. La cosm\u00e9tique vivante se caract\u00e9rise par le fait que toutes les mati\u00e8res premi\u00e8res utilis\u00e9es pour sa fabrication sont v\u00e9ritablement naturelles. Les produits Innosenta ne sont pas \"am\u00e9lior\u00e9s\" par des additifs artificiels, m\u00eame si les syst\u00e8mes de certification les plus stricts en mati\u00e8re de cosm\u00e9tiques naturels autorisent une certaine quantit\u00e9 de substances de ce type. Les cosm\u00e9tiques vivants d'Innosenta permettent aux cellules de la peau de [...]<\/p>","protected":false},"author":1,"featured_media":0,"parent":0,"menu_order":0,"comment_status":"closed","ping_status":"closed","template":"","meta":{"footnotes":""},"class_list":["post-914","page","type-page","status-publish","hentry"],"_links":{"self":[{"href":"https:\/\/innosenta.com\/fr\/wp-json\/wp\/v2\/pages\/914","targetHints":{"allow":["GET"]}}],"collection":[{"href":"https:\/\/innosenta.com\/fr\/wp-json\/wp\/v2\/pages"}],"about":[{"href":"https:\/\/innosenta.com\/fr\/wp-json\/wp\/v2\/types\/page"}],"author":[{"embeddable":true,"href":"https:\/\/innosenta.com\/fr\/wp-json\/wp\/v2\/users\/1"}],"replies":[{"embeddable":true,"href":"https:\/\/innosenta.com\/fr\/wp-json\/wp\/v2\/comments?post=914"}],"version-history":[{"count":106,"href":"https:\/\/innosenta.com\/fr\/wp-json\/wp\/v2\/pages\/914\/revisions"}],"predecessor-version":[{"id":3890,"href":"https:\/\/innosenta.com\/fr\/wp-json\/wp\/v2\/pages\/914\/revisions\/3890"}],"wp:attachment":[{"href":"https:\/\/innosenta.com\/fr\/wp-json\/wp\/v2\/media?parent=914"}],"curies":[{"name":"wp","href":"https:\/\/api.w.org\/{rel}","templated":true}]}}