{"id":1338,"date":"2022-12-30T12:39:49","date_gmt":"2022-12-30T12:39:49","guid":{"rendered":"https:\/\/innosenta.com\/?post_type=product&#038;p=1338"},"modified":"2025-01-02T17:34:58","modified_gmt":"2025-01-02T17:34:58","slug":"mousse-faciale","status":"publish","type":"product","link":"https:\/\/innosenta.com\/fr\/produit\/mousse-faciale\/","title":{"rendered":"Mousse faciale"},"content":{"rendered":"","protected":false},"excerpt":{"rendered":"<p>Mousse nettoyante douce pour le visage, le cou et le d\u00e9collet\u00e9.<\/p>\n<p>Gr\u00e2ce \u00e0 sa formulation sp\u00e9ciale, la mousse nettoie en douceur sans dess\u00e9cher la peau. Cela permet de pr\u00e9server les fonctions protectrices naturelles de la peau et de la renforcer pendant le nettoyage.<\/p>\n<p>La combinaison sp\u00e9ciale de camomille, de sauge sclar\u00e9e, de thym et de collo\u00efde d'avoine assure un effet efficace sur la peau de diff\u00e9rents types de ph\u00e9nols et de saponines, conf\u00e9rant \u00e0 la mousse un effet nettoyant, apaisant et anti-inflammatoire.<\/p>\n<p>Convient \u00e9galement aux peaux sensibles.<\/p>","protected":false},"featured_media":1413,"template":"","meta":[],"product_brand":[],"product_cat":[16,50,51],"product_tag":[43,44],"class_list":{"0":"post-1338","1":"product","2":"type-product","3":"status-publish","4":"has-post-thumbnail","6":"product_cat-visi-produkti","7":"product_cat-sejai","8":"product_cat-sejas-attirosie-lidzekli","9":"product_tag-sejai","10":"product_tag-sejas-attirosie-lidzekli","12":"first","13":"instock","14":"sale","15":"shipping-taxable","16":"purchasable","17":"product-type-variable","18":"has-default-attributes"},"wcpa_form_fields":null,"_links":{"self":[{"href":"https:\/\/innosenta.com\/fr\/wp-json\/wp\/v2\/product\/1338","targetHints":{"allow":["GET"]}}],"collection":[{"href":"https:\/\/innosenta.com\/fr\/wp-json\/wp\/v2\/product"}],"about":[{"href":"https:\/\/innosenta.com\/fr\/wp-json\/wp\/v2\/types\/product"}],"wp:featuredmedia":[{"embeddable":true,"href":"https:\/\/innosenta.com\/fr\/wp-json\/wp\/v2\/media\/1413"}],"wp:attachment":[{"href":"https:\/\/innosenta.com\/fr\/wp-json\/wp\/v2\/media?parent=1338"}],"wp:term":[{"taxonomy":"product_brand","embeddable":true,"href":"https:\/\/innosenta.com\/fr\/wp-json\/wp\/v2\/product_brand?post=1338"},{"taxonomy":"product_cat","embeddable":true,"href":"https:\/\/innosenta.com\/fr\/wp-json\/wp\/v2\/product_cat?post=1338"},{"taxonomy":"product_tag","embeddable":true,"href":"https:\/\/innosenta.com\/fr\/wp-json\/wp\/v2\/product_tag?post=1338"}],"curies":[{"name":"wp","href":"https:\/\/api.w.org\/{rel}","templated":true}]}}