{"id":1376,"date":"2022-12-25T13:46:22","date_gmt":"2022-12-25T13:46:22","guid":{"rendered":"https:\/\/innosenta.com\/?post_type=product&#038;p=1376"},"modified":"2024-12-20T19:34:53","modified_gmt":"2024-12-20T19:34:53","slug":"serum-hydratant-antioxydant","status":"publish","type":"product","link":"https:\/\/innosenta.com\/fr\/produit\/serum-hydratant-antioxydant\/","title":{"rendered":"S\u00e9rum hydratant antioxydant"},"content":{"rendered":"","protected":false},"excerpt":{"rendered":"<p><span style=\"font-weight: 400;\">De texture l\u00e9g\u00e8re, elle est rapidement absorb\u00e9e par la peau. Gr\u00e2ce \u00e0 sa composition sp\u00e9cialement \u00e9tudi\u00e9e, elle est riche en antioxydants provenant de diverses plantes, en acides gras essentiels om\u00e9ga-3, en acide hyaluronique, qui hydrate la peau, active le m\u00e9tabolisme, am\u00e9liore la tonicit\u00e9 et l'\u00e9lasticit\u00e9 de la peau.\u00a0<\/span><\/p>\n<p><span style=\"font-weight: 400;\">Pour nourrir la peau plus richement, il peut \u00eatre utilis\u00e9 avec une cr\u00e8me, un baume ou un fluide, en appliquant d'abord le s\u00e9rum.<\/span><\/p>\n<p>Si le s\u00e9rum doit \u00eatre utilis\u00e9 pendant une longue p\u00e9riode, nous vous recommandons de choisir l'emballage de 30 ml, car il s'agit d'un emballage airless, qui emp\u00eache le produit d'entrer en contact avec l'environnement et offre donc une protection meilleure et plus pratique contre la contamination microbiologique de l'environnement.<\/p>","protected":false},"featured_media":1418,"template":"","meta":[],"product_brand":[],"product_cat":[16,50,54],"product_tag":[43,47],"class_list":{"0":"post-1376","1":"product","2":"type-product","3":"status-publish","4":"has-post-thumbnail","6":"product_cat-visi-produkti","7":"product_cat-sejai","8":"product_cat-serumi","9":"product_tag-sejai","10":"product_tag-serumi","12":"first","13":"instock","14":"sale","15":"shipping-taxable","16":"purchasable","17":"product-type-variable"},"wcpa_form_fields":null,"_links":{"self":[{"href":"https:\/\/innosenta.com\/fr\/wp-json\/wp\/v2\/product\/1376","targetHints":{"allow":["GET"]}}],"collection":[{"href":"https:\/\/innosenta.com\/fr\/wp-json\/wp\/v2\/product"}],"about":[{"href":"https:\/\/innosenta.com\/fr\/wp-json\/wp\/v2\/types\/product"}],"wp:featuredmedia":[{"embeddable":true,"href":"https:\/\/innosenta.com\/fr\/wp-json\/wp\/v2\/media\/1418"}],"wp:attachment":[{"href":"https:\/\/innosenta.com\/fr\/wp-json\/wp\/v2\/media?parent=1376"}],"wp:term":[{"taxonomy":"product_brand","embeddable":true,"href":"https:\/\/innosenta.com\/fr\/wp-json\/wp\/v2\/product_brand?post=1376"},{"taxonomy":"product_cat","embeddable":true,"href":"https:\/\/innosenta.com\/fr\/wp-json\/wp\/v2\/product_cat?post=1376"},{"taxonomy":"product_tag","embeddable":true,"href":"https:\/\/innosenta.com\/fr\/wp-json\/wp\/v2\/product_tag?post=1376"}],"curies":[{"name":"wp","href":"https:\/\/api.w.org\/{rel}","templated":true}]}}