{"id":1861,"date":"2022-12-07T22:41:02","date_gmt":"2022-12-07T22:41:02","guid":{"rendered":"https:\/\/innosenta.com\/?post_type=product&#038;p=1861"},"modified":"2025-05-15T06:52:25","modified_gmt":"2025-05-15T06:52:25","slug":"cartes-davanu","status":"publish","type":"product","link":"https:\/\/innosenta.com\/fr\/produit\/cartes-davanu\/","title":{"rendered":"Ch\u00e8que-cadeau"},"content":{"rendered":"","protected":false},"excerpt":{"rendered":"<p>Choisissez le montant de votre ch\u00e8que-cadeau, commandez-le et recevez-le par e-mail le jour m\u00eame. Vous pouvez \u00e9galement recevoir votre ch\u00e8que-cadeau par la poste.<\/p>\n<p>Que vous commandiez une carte cadeau \u00e9lectronique ou un envoi postal, vous devez \u00e9galement remplir l'int\u00e9gralit\u00e9 du formulaire de commande, y compris l'adresse du colis (qui ne sera pas r\u00e9ellement utilis\u00e9e dans le cas d'une carte cadeau \u00e9lectronique).<\/p>","protected":false},"featured_media":1864,"template":"","meta":[],"product_brand":[],"product_cat":[16,96],"product_tag":[76],"class_list":{"0":"post-1861","1":"product","2":"type-product","3":"status-publish","4":"has-post-thumbnail","6":"product_cat-visi-produkti","7":"product_cat-davanas","8":"product_tag-davanu-karte","10":"first","11":"instock","12":"shipping-taxable","13":"purchasable","14":"product-type-variable","15":"has-default-attributes"},"wcpa_form_fields":null,"_links":{"self":[{"href":"https:\/\/innosenta.com\/fr\/wp-json\/wp\/v2\/product\/1861","targetHints":{"allow":["GET"]}}],"collection":[{"href":"https:\/\/innosenta.com\/fr\/wp-json\/wp\/v2\/product"}],"about":[{"href":"https:\/\/innosenta.com\/fr\/wp-json\/wp\/v2\/types\/product"}],"wp:featuredmedia":[{"embeddable":true,"href":"https:\/\/innosenta.com\/fr\/wp-json\/wp\/v2\/media\/1864"}],"wp:attachment":[{"href":"https:\/\/innosenta.com\/fr\/wp-json\/wp\/v2\/media?parent=1861"}],"wp:term":[{"taxonomy":"product_brand","embeddable":true,"href":"https:\/\/innosenta.com\/fr\/wp-json\/wp\/v2\/product_brand?post=1861"},{"taxonomy":"product_cat","embeddable":true,"href":"https:\/\/innosenta.com\/fr\/wp-json\/wp\/v2\/product_cat?post=1861"},{"taxonomy":"product_tag","embeddable":true,"href":"https:\/\/innosenta.com\/fr\/wp-json\/wp\/v2\/product_tag?post=1861"}],"curies":[{"name":"wp","href":"https:\/\/api.w.org\/{rel}","templated":true}]}}