{"id":3626,"date":"2022-12-06T17:43:24","date_gmt":"2022-12-06T17:43:24","guid":{"rendered":"https:\/\/innosenta.com\/?post_type=product&#038;p=3626"},"modified":"2025-05-19T11:25:14","modified_gmt":"2025-05-19T11:25:14","slug":"ensembles-davanu","status":"publish","type":"product","link":"https:\/\/innosenta.com\/fr\/produit\/ensembles-davanu\/","title":{"rendered":"Coffrets cadeaux"},"content":{"rendered":"","protected":false},"excerpt":{"rendered":"<h3><strong>Ensemble S<\/strong><\/h3>\n<p>Le cadeau id\u00e9al pour vos proches ou vous-m\u00eame lors d'un voyage ou pour essayer de nouveaux produits pour votre teint. Profitez d'un rituel facial complet.<\/p>\n<p>Les produits sont pr\u00e9sent\u00e9s dans un emballage de voyage sans air. Mousse nettoyante pour le visage 30 ml, s\u00e9rum HydraPeptide 5 ml, fluide ProbioBalance 5 ml, cr\u00e8me hydratante 5 ml, baume pour le visage 5 ml, savon de toilette intime 15 ml<\/p>\n<h3><strong>Ensemble M1<\/strong><\/h3>\n<p>La f\u00e9minit\u00e9 et la douceur conf\u00e9r\u00e9es par la rose royale de Damas \u00e0 ces produits et les substances qui restaurent notre microbiome cutan\u00e9 rendent notre peau radieuse et \u00e9clatante. Le baume est \u00e9galement parfait pour l'automassage du visage. En soufflant le tonique par-dessus, le baume p\u00e9n\u00e8tre plus rapidement dans la peau.<\/p>\n<p>Contient : baume pour le visage \u00e0 la rose, tonique pour le visage \u00e0 la rose et au n\u00e9roli.<\/p>\n<h3><strong>Kit M2<\/strong><\/h3>\n<p>La combinaison parfaite d'une mousse nettoyante douce et naturelle et d'un tonique respectueux des microbiomes qui \u00e9quilibrera le pH de votre peau et vous laissera une sensation de confort apr\u00e8s le lavage (l'eau du robinet est alcaline, mais le pH de notre peau est l\u00e9g\u00e8rement acide).<\/p>\n<p>Le coffret comprend : une mousse nettoyante pour le visage, une lotion tonique pour le visage \u00e0 la rose et au n\u00e9roli.<\/p>\n<h3><strong>L Set<\/strong><\/h3>\n<p>Faites-vous plaisir et laissez votre peau s'\u00e9panouir gr\u00e2ce \u00e0 un rituel facial complet. La mousse douce nettoie parfaitement le maquillage et n'irrite pas les yeux. Le tonique compl\u00e8te le processus de nettoyage et \u00e9quilibre le pH de la peau pour l'application de la cr\u00e8me. Il favorise une interaction plus active de la cr\u00e8me ou du s\u00e9rum avec les cellules de la peau. Le s\u00e9rum HydraPeptide a une action hydratante bien pens\u00e9e en plusieurs \u00e9tapes - externe\u00a0<strong>acides amin\u00e9s du collag\u00e8ne<\/strong>ainsi que\u00a0<strong>Huile d'argan,\u00a0<\/strong>qui restaure la barri\u00e8re cutan\u00e9e, agit plus en profondeur\u00a0<strong>petite mol\u00e9cule d'acide hyaluronique<\/strong>qui peut p\u00e9n\u00e9trer dans les couches plus profondes de la peau,\u00a0<strong>hexapeptide 11<\/strong> (les peptides peuvent p\u00e9n\u00e9trer dans la peau et se lier aux r\u00e9cepteurs cellulaires pour stimuler l'activit\u00e9 des cellules - activation des fibroblastes - qui produisent du collag\u00e8ne, de l'\u00e9lastine et de l'acide hyaluronique). En hiver, le s\u00e9rum peut \u00eatre compl\u00e9t\u00e9 par un baume nourrissant pour le visage, qui non seulement nourrit mais aussi prot\u00e8ge la peau des conditions ext\u00e9rieures agressives.<\/p>\n<p>Contient : mousse pour le visage, tonique \u00e0 la rose et au n\u00e9roli, s\u00e9rum HydraPeptide, baume pour le visage, cr\u00e8me hydratante.<\/p>\n<h4>OU CR\u00c9EZ VOTRE PROPRE COFFRET CADEAU !<br \/>\n\u00c9CRIVEZ-NOUS : <strong>info@innosenta.lv<\/strong><\/h4>","protected":false},"featured_media":3628,"template":"","meta":[],"product_brand":[],"product_cat":[16,96],"product_tag":[],"class_list":{"0":"post-3626","1":"product","2":"type-product","3":"status-publish","4":"has-post-thumbnail","6":"product_cat-visi-produkti","7":"product_cat-davanas","9":"first","10":"instock","11":"shipping-taxable","12":"purchasable","13":"product-type-variable","14":"has-default-attributes"},"wcpa_form_fields":null,"_links":{"self":[{"href":"https:\/\/innosenta.com\/fr\/wp-json\/wp\/v2\/product\/3626","targetHints":{"allow":["GET"]}}],"collection":[{"href":"https:\/\/innosenta.com\/fr\/wp-json\/wp\/v2\/product"}],"about":[{"href":"https:\/\/innosenta.com\/fr\/wp-json\/wp\/v2\/types\/product"}],"wp:featuredmedia":[{"embeddable":true,"href":"https:\/\/innosenta.com\/fr\/wp-json\/wp\/v2\/media\/3628"}],"wp:attachment":[{"href":"https:\/\/innosenta.com\/fr\/wp-json\/wp\/v2\/media?parent=3626"}],"wp:term":[{"taxonomy":"product_brand","embeddable":true,"href":"https:\/\/innosenta.com\/fr\/wp-json\/wp\/v2\/product_brand?post=3626"},{"taxonomy":"product_cat","embeddable":true,"href":"https:\/\/innosenta.com\/fr\/wp-json\/wp\/v2\/product_cat?post=3626"},{"taxonomy":"product_tag","embeddable":true,"href":"https:\/\/innosenta.com\/fr\/wp-json\/wp\/v2\/product_tag?post=3626"}],"curies":[{"name":"wp","href":"https:\/\/api.w.org\/{rel}","templated":true}]}}