{"id":3800,"date":"2024-07-05T09:46:08","date_gmt":"2024-07-05T09:46:08","guid":{"rendered":"https:\/\/innosenta.com\/?post_type=product&#038;p=3800"},"modified":"2026-03-13T10:26:25","modified_gmt":"2026-03-13T10:26:25","slug":"gel-intima-medicamenteux-avec-prebiotiques","status":"publish","type":"product","link":"https:\/\/innosenta.com\/fr\/produit\/gel-intima-medicamenteux-avec-prebiotiques\/","title":{"rendered":"Gel lavant intime aux pr\u00e9biotiques"},"content":{"rendered":"","protected":false},"excerpt":{"rendered":"<ul>\n<li><strong><em>Test\u00e9 dermatologiquement<\/em><\/strong><\/li>\n<li><strong><em>Respectueux des microbes<\/em><\/strong><\/li>\n<\/ul>\n<p>Un gel nettoyant intime doux pour tous les jours. Formule sans allerg\u00e8nes, sans conservateurs ni parfums synth\u00e9tiques.<\/p>\n<p>Contient<strong> pr\u00e9biulines<\/strong>qui nettoie la peau des micro-organismes ind\u00e9sirables tout en renfor\u00e7ant le microbiome de la peau.<\/p>\n<p><strong>Ferment Lactobacillus<\/strong> - renforce activement notre microbiome et participe aux processus de renouvellement de la peau.<\/p>\n<p><strong>Camomille, lavande et souci<\/strong> ont des propri\u00e9t\u00e9s apaisantes, \u00e9mollientes et r\u00e9g\u00e9n\u00e9ratrices de la peau.<\/p>","protected":false},"featured_media":3801,"template":"","meta":[],"product_brand":[],"product_cat":[16],"product_tag":[],"class_list":{"0":"post-3800","1":"product","2":"type-product","3":"status-publish","4":"has-post-thumbnail","6":"product_cat-visi-produkti","8":"first","9":"instock","10":"sale","11":"shipping-taxable","12":"purchasable","13":"product-type-variable","14":"has-default-attributes"},"wcpa_form_fields":null,"_links":{"self":[{"href":"https:\/\/innosenta.com\/fr\/wp-json\/wp\/v2\/product\/3800","targetHints":{"allow":["GET"]}}],"collection":[{"href":"https:\/\/innosenta.com\/fr\/wp-json\/wp\/v2\/product"}],"about":[{"href":"https:\/\/innosenta.com\/fr\/wp-json\/wp\/v2\/types\/product"}],"wp:featuredmedia":[{"embeddable":true,"href":"https:\/\/innosenta.com\/fr\/wp-json\/wp\/v2\/media\/3801"}],"wp:attachment":[{"href":"https:\/\/innosenta.com\/fr\/wp-json\/wp\/v2\/media?parent=3800"}],"wp:term":[{"taxonomy":"product_brand","embeddable":true,"href":"https:\/\/innosenta.com\/fr\/wp-json\/wp\/v2\/product_brand?post=3800"},{"taxonomy":"product_cat","embeddable":true,"href":"https:\/\/innosenta.com\/fr\/wp-json\/wp\/v2\/product_cat?post=3800"},{"taxonomy":"product_tag","embeddable":true,"href":"https:\/\/innosenta.com\/fr\/wp-json\/wp\/v2\/product_tag?post=3800"}],"curies":[{"name":"wp","href":"https:\/\/api.w.org\/{rel}","templated":true}]}}