{"id":3896,"date":"2024-08-04T10:50:35","date_gmt":"2024-08-04T10:50:35","guid":{"rendered":"https:\/\/innosenta.com\/?post_type=product&#038;p=3896"},"modified":"2024-12-09T14:10:27","modified_gmt":"2024-12-09T14:10:27","slug":"kit-dattirization-du-visage","status":"publish","type":"product","link":"https:\/\/innosenta.com\/fr\/produit\/kit-dattirization-du-visage\/","title":{"rendered":"Kit de nettoyage du visage"},"content":{"rendered":"","protected":false},"excerpt":{"rendered":"<p><strong>Innosenta offre la combinaison parfaite<\/strong>\u00a0- une mousse nettoyante douce et naturelle et un tonique respectueux des microbiomes qui \u00e9quilibrent le pH de la peau et vous procurent une sensation de confort apr\u00e8s le lavage (notre eau du robinet est alcaline, mais le pH de la peau est l\u00e9g\u00e8rement acide).<\/p>","protected":false},"featured_media":3897,"template":"","meta":[],"product_brand":[],"product_cat":[16,102,50,51],"product_tag":[],"class_list":{"0":"post-3896","1":"product","2":"type-product","3":"status-publish","4":"has-post-thumbnail","6":"product_cat-visi-produkti","7":"product_cat-best-sellers","8":"product_cat-sejai","9":"product_cat-sejas-attirosie-lidzekli","11":"first","12":"instock","13":"sale","14":"shipping-taxable","15":"purchasable","16":"product-type-simple"},"wcpa_form_fields":null,"_links":{"self":[{"href":"https:\/\/innosenta.com\/fr\/wp-json\/wp\/v2\/product\/3896","targetHints":{"allow":["GET"]}}],"collection":[{"href":"https:\/\/innosenta.com\/fr\/wp-json\/wp\/v2\/product"}],"about":[{"href":"https:\/\/innosenta.com\/fr\/wp-json\/wp\/v2\/types\/product"}],"wp:featuredmedia":[{"embeddable":true,"href":"https:\/\/innosenta.com\/fr\/wp-json\/wp\/v2\/media\/3897"}],"wp:attachment":[{"href":"https:\/\/innosenta.com\/fr\/wp-json\/wp\/v2\/media?parent=3896"}],"wp:term":[{"taxonomy":"product_brand","embeddable":true,"href":"https:\/\/innosenta.com\/fr\/wp-json\/wp\/v2\/product_brand?post=3896"},{"taxonomy":"product_cat","embeddable":true,"href":"https:\/\/innosenta.com\/fr\/wp-json\/wp\/v2\/product_cat?post=3896"},{"taxonomy":"product_tag","embeddable":true,"href":"https:\/\/innosenta.com\/fr\/wp-json\/wp\/v2\/product_tag?post=3896"}],"curies":[{"name":"wp","href":"https:\/\/api.w.org\/{rel}","templated":true}]}}