{"id":3979,"date":"2024-11-04T09:10:31","date_gmt":"2024-11-04T09:10:31","guid":{"rendered":"https:\/\/innosenta.com\/?post_type=product&#038;p=3979"},"modified":"2024-12-09T14:09:28","modified_gmt":"2024-12-09T14:09:28","slug":"serum-hydrapeptide","status":"publish","type":"product","link":"https:\/\/innosenta.com\/fr\/produit\/serum-hydrapeptide\/","title":{"rendered":"S\u00e9rum HydraPeptide"},"content":{"rendered":"","protected":false},"excerpt":{"rendered":"<p>Hydrate, nourrit et rajeunit la peau. Texture l\u00e9g\u00e8re, rapidement absorb\u00e9e par la peau. Lisse le teint gr\u00e2ce \u00e0 des extraits qui aident \u00e0 r\u00e9duire l'activit\u00e9 des muscles mim\u00e9tiques.<\/p>\n<p>Un grand s\u00e9rum pour l'hydratation de la peau, o\u00f9 plusieurs \u00e9tapes d'hydratation ont \u00e9t\u00e9 pens\u00e9es - action externe <strong>acides amin\u00e9s du collag\u00e8ne<\/strong>ainsi que <strong>Huile d'argan,\u00a0<\/strong>qui restaure la barri\u00e8re cutan\u00e9e, agit plus en profondeur <strong>petite mol\u00e9cule d'acide hyaluronique<\/strong>qui peut p\u00e9n\u00e9trer dans les couches plus profondes de la peau, <strong>hexapeptide 11<\/strong> (les peptides peuvent p\u00e9n\u00e9trer dans la peau et se lier aux r\u00e9cepteurs cellulaires pour stimuler l'activit\u00e9 cellulaire - activation des fibroblastes - qui produisent du collag\u00e8ne, de l'\u00e9lastine et de l'acide hyaluronique).<\/p>","protected":false},"featured_media":3980,"template":"","meta":[],"product_brand":[],"product_cat":[16,102,101],"product_tag":[],"class_list":{"0":"post-3979","1":"product","2":"type-product","3":"status-publish","4":"has-post-thumbnail","6":"product_cat-visi-produkti","7":"product_cat-best-sellers","8":"product_cat-sakumlapa","10":"first","11":"instock","12":"shipping-taxable","13":"purchasable","14":"product-type-simple"},"wcpa_form_fields":null,"_links":{"self":[{"href":"https:\/\/innosenta.com\/fr\/wp-json\/wp\/v2\/product\/3979","targetHints":{"allow":["GET"]}}],"collection":[{"href":"https:\/\/innosenta.com\/fr\/wp-json\/wp\/v2\/product"}],"about":[{"href":"https:\/\/innosenta.com\/fr\/wp-json\/wp\/v2\/types\/product"}],"wp:featuredmedia":[{"embeddable":true,"href":"https:\/\/innosenta.com\/fr\/wp-json\/wp\/v2\/media\/3980"}],"wp:attachment":[{"href":"https:\/\/innosenta.com\/fr\/wp-json\/wp\/v2\/media?parent=3979"}],"wp:term":[{"taxonomy":"product_brand","embeddable":true,"href":"https:\/\/innosenta.com\/fr\/wp-json\/wp\/v2\/product_brand?post=3979"},{"taxonomy":"product_cat","embeddable":true,"href":"https:\/\/innosenta.com\/fr\/wp-json\/wp\/v2\/product_cat?post=3979"},{"taxonomy":"product_tag","embeddable":true,"href":"https:\/\/innosenta.com\/fr\/wp-json\/wp\/v2\/product_tag?post=3979"}],"curies":[{"name":"wp","href":"https:\/\/api.w.org\/{rel}","templated":true}]}}