{"id":5189,"date":"2025-01-21T18:34:07","date_gmt":"2025-01-21T18:34:07","guid":{"rendered":"https:\/\/innosenta.com\/?post_type=product&#038;p=5189"},"modified":"2026-02-06T12:32:29","modified_gmt":"2026-02-06T12:32:29","slug":"mama-beauty-keratine-pour-sourcils-et-cils-avec-fixation","status":"publish","type":"product","link":"https:\/\/innosenta.com\/fr\/produit\/mama-beauty-keratine-pour-sourcils-et-cils-avec-fixation\/","title":{"rendered":"MaMa BEAUTY K\u00e9ratine pour sourcils et cils avec fixateur"},"content":{"rendered":"","protected":false},"excerpt":{"rendered":"<p><em>Innosenta<\/em> un produit d\u00e9velopp\u00e9 pour les sourcils et les cils avec fixation. Hydrate, restaure, nourrit, sature, fixe et donne un \u00e9clat sain. Aide \u00e0 renforcer la forme des sourcils. Prot\u00e8ge contre les effets nocifs de l'environnement, restaure la couche de k\u00e9ratine naturelle. Prolonge l'effet des traitements de plastification.<\/p>\n<p><strong>K\u00e9ratine hydrolys\u00e9e<\/strong> am\u00e9liore la structure des cheveux, les rend plus forts<strong>. <\/strong><strong>Huile d'argan<\/strong> aide \u00e0 rendre les sourcils plus brillants, acc\u00e9l\u00e8re leur croissance et pr\u00e9vient leur fragilit\u00e9. <strong>Huile de ricin<\/strong> aide \u00e0 renforcer les cheveux.<\/p>\n<p>Volume : 4 ml.<\/p>","protected":false},"featured_media":5193,"template":"","meta":[],"product_brand":[],"product_cat":[16],"product_tag":[],"class_list":{"0":"post-5189","1":"product","2":"type-product","3":"status-publish","4":"has-post-thumbnail","6":"product_cat-visi-produkti","8":"first","9":"instock","10":"shipping-taxable","11":"purchasable","12":"product-type-simple"},"wcpa_form_fields":null,"_links":{"self":[{"href":"https:\/\/innosenta.com\/fr\/wp-json\/wp\/v2\/product\/5189","targetHints":{"allow":["GET"]}}],"collection":[{"href":"https:\/\/innosenta.com\/fr\/wp-json\/wp\/v2\/product"}],"about":[{"href":"https:\/\/innosenta.com\/fr\/wp-json\/wp\/v2\/types\/product"}],"wp:featuredmedia":[{"embeddable":true,"href":"https:\/\/innosenta.com\/fr\/wp-json\/wp\/v2\/media\/5193"}],"wp:attachment":[{"href":"https:\/\/innosenta.com\/fr\/wp-json\/wp\/v2\/media?parent=5189"}],"wp:term":[{"taxonomy":"product_brand","embeddable":true,"href":"https:\/\/innosenta.com\/fr\/wp-json\/wp\/v2\/product_brand?post=5189"},{"taxonomy":"product_cat","embeddable":true,"href":"https:\/\/innosenta.com\/fr\/wp-json\/wp\/v2\/product_cat?post=5189"},{"taxonomy":"product_tag","embeddable":true,"href":"https:\/\/innosenta.com\/fr\/wp-json\/wp\/v2\/product_tag?post=5189"}],"curies":[{"name":"wp","href":"https:\/\/api.w.org\/{rel}","templated":true}]}}