{"id":2101,"date":"2022-12-08T11:55:50","date_gmt":"2022-12-08T11:55:50","guid":{"rendered":"https:\/\/innosenta.com\/?post_type=product&#038;p=2101"},"modified":"2025-03-02T17:41:48","modified_gmt":"2025-03-02T17:41:48","slug":"%d0%bd%d0%b0%d0%b1%d0%be%d1%80-%d0%be%d0%b1%d1%80%d0%b0%d0%b7%d1%86%d0%be%d0%b2","status":"publish","type":"product","link":"https:\/\/innosenta.com\/ru\/%d0%bf%d1%80%d0%be%d0%b4%d1%83%d0%ba%d1%82\/%d0%bd%d0%b0%d0%b1%d0%be%d1%80-%d0%be%d0%b1%d1%80%d0%b0%d0%b7%d1%86%d0%be%d0%b2\/","title":{"rendered":"\u041e\u0431\u0440\u0430\u0437\u0446\u044b"},"content":{"rendered":"","protected":false},"excerpt":{"rendered":"<p>\u0412\u044b\u0431\u0438\u0440\u0430\u0439\u0442\u0435 \u043b\u044e\u0431\u044b\u0435 \u043f\u0440\u043e\u0434\u0443\u043a\u0442\u044b \u0438 \u043f\u0440\u043e\u0431\u0443\u0439\u0442\u0435 \u0438\u0445!<br \/>\n\u0424\u043e\u0442\u043e\u0433\u0440\u0430\u0444\u0438\u0438 \u043e\u0431\u0440\u0430\u0437\u0446\u043e\u0432 \u0438\u043d\u0444\u043e\u0440\u043c\u0430\u0442\u0438\u0432\u043d\u044b.  \u041e\u0431\u0440\u0430\u0437\u0446\u044b \u043f\u043e\u0441\u0442\u0430\u0432\u043b\u044f\u044e\u0442\u0441\u044f \u0432 \u0431\u0435\u0437\u0432\u043e\u0437\u0434\u0443\u0448\u043d\u044b\u0445 \u0443\u043f\u0430\u043a\u043e\u0432\u043a\u0430\u0445 \u043f\u043e 5 \u043c\u043b.<\/p>","protected":false},"featured_media":3406,"template":"","meta":[],"product_brand":[],"product_cat":[16,93],"product_tag":[74],"class_list":{"0":"post-2101","1":"product","2":"type-product","3":"status-publish","4":"has-post-thumbnail","6":"product_cat-visi-produkti","7":"product_cat-paraugi","8":"product_tag-paraugi","9":"wcpa_has_options","11":"first","12":"instock","13":"shipping-taxable","14":"purchasable","15":"product-type-simple"},"wcpa_form_fields":{"rules":{"pric_overide_base_price":true,"pric_overide_base_price_if_gt_zero":true,"pric_overide_base_price_fully":true,"pric_cal_option_once":false,"pric_use_as_fee":false,"bind_quantity":false,"quantity_bind_formula":false},"fields":[{"type":"productGroup","required":true,"label":"","elementId":"wcpa-productgroup-63987013c7cea","show_image":true,"enable_popup":"no","custom_label":true,"multiple":true,"enablePrice":true,"priceOptions":"different_for_all","pricingType":"fixed","name":"productgroup-63987013c7d07","disp_type":"squircle","img_selection_type":"outline","enable_quantity":true,"independentQuantity":true,"min_options":"1","cl_rule":"show","requiredError":"L\u016bdzu izv\u0113laties vismaz vienu paraugu.","minFieldsError":"L\u016bdzu izv\u0113laties vismaz vienu paraugu.","quantityRequiredError":"L\u016bdzu izv\u0113laties vismaz vienu paraugu.","col":6,"values":[{"custom_label":"","value":"1376","price":"6","tooltip":"hialurons \u00b7 lins\u0113klas \u00b7 \u0101bolu ekstrakts"},{"custom_label":"","value":"1359","price":"6","tooltip":"hialurons \u00b7 kolag\u0113ns"},{"custom_label":"","value":"1356","price":"6","tooltip":"\u0161\u012b sviests \u00b7 skval\u0101ns \u00b7 astaksant\u012bns"},{"custom_label":"","value":"1346","price":"6","tooltip":"burk\u0101nu s\u0113klas \u00b7 kumel\u012bte \u00b7 me\u017eroze "},{"custom_label":"","value":"1384","price":"6","tooltip":"roze \u00b7 vitam\u012bns E \u00b7 fitosteroli"},{"custom_label":"Sejas putas (30ml)","value":"1338","price":"7.50","tooltip":"kumel\u012bte \u00b7 kli\u0146\u0123er\u012bte \u00b7 auzu kolo\u012bds"},{"custom_label":"","value":"3982","price":"6","tooltip":"prebioti\u0137i \u00b7 fitosteroli"},{"custom_label":"","value":"3979","price":"6","tooltip":"hialurons \u00b7 pept\u012bdi \u00b7 argana e\u013c\u013ca"},{"custom_label":"","value":"3977","price":"6"}],"relations":false,"price":0,"form_id":2106,"form_rules":{"pric_cal_option_once":false,"exclude_from_discount":false,"pric_use_as_fee":false,"fee_label":"Fee","render_after_acb":false,"disp_hide_options_price":false}}]},"_links":{"self":[{"href":"https:\/\/innosenta.com\/ru\/wp-json\/wp\/v2\/product\/2101","targetHints":{"allow":["GET"]}}],"collection":[{"href":"https:\/\/innosenta.com\/ru\/wp-json\/wp\/v2\/product"}],"about":[{"href":"https:\/\/innosenta.com\/ru\/wp-json\/wp\/v2\/types\/product"}],"wp:featuredmedia":[{"embeddable":true,"href":"https:\/\/innosenta.com\/ru\/wp-json\/wp\/v2\/media\/3406"}],"wp:attachment":[{"href":"https:\/\/innosenta.com\/ru\/wp-json\/wp\/v2\/media?parent=2101"}],"wp:term":[{"taxonomy":"product_brand","embeddable":true,"href":"https:\/\/innosenta.com\/ru\/wp-json\/wp\/v2\/product_brand?post=2101"},{"taxonomy":"product_cat","embeddable":true,"href":"https:\/\/innosenta.com\/ru\/wp-json\/wp\/v2\/product_cat?post=2101"},{"taxonomy":"product_tag","embeddable":true,"href":"https:\/\/innosenta.com\/ru\/wp-json\/wp\/v2\/product_tag?post=2101"}],"curies":[{"name":"wp","href":"https:\/\/api.w.org\/{rel}","templated":true}]}}