{"id":2173,"date":"2022-12-13T14:47:07","date_gmt":"2022-12-13T14:47:07","guid":{"rendered":"https:\/\/innosenta.com\/?page_id=2173"},"modified":"2022-12-21T19:07:26","modified_gmt":"2022-12-21T19:07:26","slug":"avvisad","status":"publish","type":"page","link":"https:\/\/innosenta.com\/sv\/avvisad\/","title":{"rendered":"Returnering av varor"},"content":{"rendered":"<div data-elementor-type=\"wp-page\" data-elementor-id=\"2173\" class=\"elementor elementor-2173\" data-elementor-post-type=\"page\">\n\t\t\t\t\t\t<section class=\"elementor-section elementor-top-section elementor-element elementor-element-7fadeca0 elementor-section-boxed elementor-section-height-default elementor-section-height-default\" data-id=\"7fadeca0\" data-element_type=\"section\" data-settings=\"{&quot;background_background&quot;:&quot;classic&quot;}\">\n\t\t\t\t\t\t<div class=\"elementor-container elementor-column-gap-default\">\n\t\t\t\t\t<div class=\"elementor-column elementor-col-100 elementor-top-column elementor-element elementor-element-435555eb\" data-id=\"435555eb\" data-element_type=\"column\">\n\t\t\t<div class=\"elementor-widget-wrap elementor-element-populated\">\n\t\t\t\t\t\t<div class=\"elementor-element elementor-element-21a0ac67 elementor-widget elementor-widget-heading\" data-id=\"21a0ac67\" data-element_type=\"widget\" data-widget_type=\"heading.default\">\n\t\t\t\t<div class=\"elementor-widget-container\">\n\t\t\t\t\t<h2 class=\"elementor-heading-title elementor-size-default\">Returnering av varor<\/h2>\t\t\t\t<\/div>\n\t\t\t\t<\/div>\n\t\t\t\t\t<\/div>\n\t\t<\/div>\n\t\t\t\t\t<\/div>\n\t\t<\/section>\n\t\t\t\t<section class=\"elementor-section elementor-top-section elementor-element elementor-element-1e9cce0e elementor-section-boxed elementor-section-height-default elementor-section-height-default\" data-id=\"1e9cce0e\" data-element_type=\"section\" data-settings=\"{&quot;background_background&quot;:&quot;classic&quot;}\">\n\t\t\t\t\t\t<div class=\"elementor-container elementor-column-gap-default\">\n\t\t\t\t\t<div class=\"elementor-column elementor-col-100 elementor-top-column elementor-element elementor-element-2ad352c9\" data-id=\"2ad352c9\" data-element_type=\"column\">\n\t\t\t<div class=\"elementor-widget-wrap elementor-element-populated\">\n\t\t\t\t\t\t<div class=\"elementor-element elementor-element-1dcac9b4 elementor-widget elementor-widget-text-editor\" data-id=\"1dcac9b4\" data-element_type=\"widget\" data-widget_type=\"text-editor.default\">\n\t\t\t\t<div class=\"elementor-widget-container\">\n\t\t\t\t\t\t\t\t\t<p class=\"p1\">1.1 Om K\u00f6paren \u00e4r en konsument (fysisk person) har K\u00f6paren, i enlighet med lagen om skydd av konsumentr\u00e4ttigheter, r\u00e4tt att fr\u00e5ntr\u00e4da K\u00f6peavtalet inom 14 dagar utan att ange n\u00e5gon anledning. \u00c5ngerr\u00e4tten upph\u00f6r att g\u00e4lla efter 14 dagar fr\u00e5n den dag d\u00e5 varan mottogs. Om f\u00f6rfallodagen infaller p\u00e5 en \"officiell\" allm\u00e4n helgdag m\u00e5ste \u00e5ngerr\u00e4tten ut\u00f6vas till och med den arbetsdag som f\u00f6ljer efter f\u00f6rfallodagen.<\/p>\n<p class=\"p1\">1.2 K\u00f6paren m\u00e5ste meddela S\u00e4ljaren om avbest\u00e4llningen skriftligen via e-post till info@innosenta.lv. Avbest\u00e4llningen kan ske i fri form.<\/p>\n<p class=\"p1\">1.3 K\u00f6paren ska returnera varan till s\u00e4ljaren p\u00e5 Omniva-aff\u00e4ren i Sigulda, Vidus iela 1 (ELVI-aff\u00e4ren) senast inom den tid som anges f\u00f6r \u00e5ngerr\u00e4tten. Tidsfristen iakttas om k\u00f6paren returnerar varan f\u00f6re utg\u00e5ngen av 14-dagarsperioden.<\/p>\n<p class=\"p1\">1.4 Returnerade varor m\u00e5ste vara oanv\u00e4nda och i samma skick som n\u00e4r de skickades.<\/p>\n<p class=\"p1\">1.5 Vid mottagande av korrekt returnerade varor ska S\u00e4ljaren \u00e5terbetala de pengar som betalats till K\u00f6paren till K\u00f6parens konto fr\u00e5n vilket betalningen gjordes, inklusive \u00e5terbetalning av leveranskostnaderna (med undantag f\u00f6r ytterligare kostnader som uppst\u00e5r p\u00e5 grund av att K\u00f6paren har valt ett annat leveranss\u00e4tt \u00e4n det billigaste standardleveranss\u00e4ttet som erbjuds av S\u00e4ljaren).<\/p><p class=\"p1\">Om k\u00f6paren tidigare har utnyttjat r\u00e4tten att dra sig ur Innosenta-produkterna f\u00f6rbeh\u00e5ller sig s\u00e4ljaren r\u00e4tten att debitera leverans- och faktureringskostnaderna i samband med utnyttjandet av s\u00e5dan \u00e5ngerr\u00e4tt med avseende p\u00e5 efterf\u00f6ljande \u00e5ngerr\u00e4tt.<br><\/p>\n<p><\/p>\n<p class=\"p1\">1.6 Om K\u00f6paren fr\u00e5ntr\u00e4der K\u00f6peavtalet innan Varorna har skickats till K\u00f6paren, m\u00e5ste K\u00f6paren meddela S\u00e4ljaren skriftligen via e-post till info@innosenta.lv. Best\u00e4llningen \u00e4r annullerad.<\/p>\n<p class=\"p1\">1.7 S\u00e4ljaren skall byta ut eller acceptera retur av varor av otillr\u00e4cklig kvalitet med \u00e5terbetalning till K\u00f6paren, i enlighet med best\u00e4mmelserna i lagen om skydd av konsumentr\u00e4ttigheter. Utbyte och \u00e5terbetalning ska inte g\u00e4lla f\u00f6r varor som har skadats avsiktligt eller av oaktsamhet, om villkoren f\u00f6r anv\u00e4ndning eller lagring av varorna har brutits, eller om varorna har anv\u00e4nts felaktigt eller inte f\u00f6r sitt avsedda \u00e4ndam\u00e5l.<\/p>\t\t\t\t\t\t\t\t<\/div>\n\t\t\t\t<\/div>\n\t\t\t\t\t<\/div>\n\t\t<\/div>\n\t\t\t\t\t<\/div>\n\t\t<\/section>\n\t\t\t\t<\/div>","protected":false},"excerpt":{"rendered":"<p>1.1 Om k\u00f6paren \u00e4r en konsument (fysisk person) har k\u00f6paren, i enlighet med lagen om skydd f\u00f6r konsumentr\u00e4ttigheter, r\u00e4tt att fr\u00e5ntr\u00e4da avtalet inom 14 dagar utan att ange n\u00e5got sk\u00e4l. \u00c5ngerr\u00e4tten upph\u00f6r att g\u00e4lla efter 14 dagar fr\u00e5n dagen f\u00f6r mottagandet av varorna. Om utg\u00e5ngsdatumet infaller p\u00e5 en \"officiell\" allm\u00e4n helgdag i landet m\u00e5ste \u00e5ngerr\u00e4tten ut\u00f6vas f\u00f6re den [...]<\/p>","protected":false},"author":1,"featured_media":0,"parent":0,"menu_order":0,"comment_status":"closed","ping_status":"closed","template":"","meta":{"footnotes":""},"class_list":["post-2173","page","type-page","status-publish","hentry"],"_links":{"self":[{"href":"https:\/\/innosenta.com\/sv\/wp-json\/wp\/v2\/pages\/2173","targetHints":{"allow":["GET"]}}],"collection":[{"href":"https:\/\/innosenta.com\/sv\/wp-json\/wp\/v2\/pages"}],"about":[{"href":"https:\/\/innosenta.com\/sv\/wp-json\/wp\/v2\/types\/page"}],"author":[{"embeddable":true,"href":"https:\/\/innosenta.com\/sv\/wp-json\/wp\/v2\/users\/1"}],"replies":[{"embeddable":true,"href":"https:\/\/innosenta.com\/sv\/wp-json\/wp\/v2\/comments?post=2173"}],"version-history":[{"count":10,"href":"https:\/\/innosenta.com\/sv\/wp-json\/wp\/v2\/pages\/2173\/revisions"}],"predecessor-version":[{"id":2562,"href":"https:\/\/innosenta.com\/sv\/wp-json\/wp\/v2\/pages\/2173\/revisions\/2562"}],"wp:attachment":[{"href":"https:\/\/innosenta.com\/sv\/wp-json\/wp\/v2\/media?parent=2173"}],"curies":[{"name":"wp","href":"https:\/\/api.w.org\/{rel}","templated":true}]}}