{"id":3,"date":"2022-11-15T10:59:49","date_gmt":"2022-11-15T10:59:49","guid":{"rendered":"https:\/\/innosenta.com\/?page_id=3"},"modified":"2024-12-05T17:18:29","modified_gmt":"2024-12-05T17:18:29","slug":"integritetspolicy","status":"publish","type":"page","link":"https:\/\/innosenta.com\/sv\/integritetspolicy\/","title":{"rendered":"Integritetspolicy"},"content":{"rendered":"<div data-elementor-type=\"wp-page\" data-elementor-id=\"3\" class=\"elementor elementor-3\" data-elementor-post-type=\"page\">\n\t\t\t\t\t\t<section class=\"elementor-section elementor-top-section elementor-element elementor-element-6c194d52 elementor-section-boxed elementor-section-height-default elementor-section-height-default\" data-id=\"6c194d52\" data-element_type=\"section\" data-settings=\"{&quot;background_background&quot;:&quot;classic&quot;}\">\n\t\t\t\t\t\t<div class=\"elementor-container elementor-column-gap-default\">\n\t\t\t\t\t<div class=\"elementor-column elementor-col-100 elementor-top-column elementor-element elementor-element-325922f7\" data-id=\"325922f7\" data-element_type=\"column\">\n\t\t\t<div class=\"elementor-widget-wrap elementor-element-populated\">\n\t\t\t\t\t\t<div class=\"elementor-element elementor-element-3c7b74a8 elementor-widget elementor-widget-heading\" data-id=\"3c7b74a8\" data-element_type=\"widget\" data-widget_type=\"heading.default\">\n\t\t\t\t<div class=\"elementor-widget-container\">\n\t\t\t\t\t<h2 class=\"elementor-heading-title elementor-size-default\">Integritetspolicy<\/h2>\t\t\t\t<\/div>\n\t\t\t\t<\/div>\n\t\t\t\t\t<\/div>\n\t\t<\/div>\n\t\t\t\t\t<\/div>\n\t\t<\/section>\n\t\t\t\t<section class=\"elementor-section elementor-top-section elementor-element elementor-element-ebe3cdd elementor-section-boxed elementor-section-height-default elementor-section-height-default\" data-id=\"ebe3cdd\" data-element_type=\"section\" data-settings=\"{&quot;background_background&quot;:&quot;classic&quot;}\">\n\t\t\t\t\t\t<div class=\"elementor-container elementor-column-gap-default\">\n\t\t\t\t\t<div class=\"elementor-column elementor-col-100 elementor-top-column elementor-element elementor-element-2c93ecd5\" data-id=\"2c93ecd5\" data-element_type=\"column\">\n\t\t\t<div class=\"elementor-widget-wrap elementor-element-populated\">\n\t\t\t\t\t\t<div class=\"elementor-element elementor-element-71780eb6 elementor-widget elementor-widget-text-editor\" data-id=\"71780eb6\" data-element_type=\"widget\" data-widget_type=\"text-editor.default\">\n\t\t\t\t<div class=\"elementor-widget-container\">\n\t\t\t\t\t\t\t\t\t<p><strong>1. Allm\u00e4nna regler<\/strong><\/p><p>1.1 Denna integritetspolicy beskriver hur onlinebutiken <em>www.innosenta.com<\/em> Personuppgiftsansvarig SIA \"<strong>v\u00e5randning<\/strong>\", org.nr. 4020338411, samlar in, behandlar och lagrar fysiska personuppgifter (personuppgifter).<\/p><p>1.2 Den registrerade \u00e4r onlinebutiken <em>www.innosenta.com<\/em> kunden och den person som bes\u00f6ker onlinebutiken.<\/p><p>1.3 Den personuppgiftsansvarige ska behandla personuppgifter lagligt, i god tro och p\u00e5 ett s\u00e4tt som \u00e4r transparent f\u00f6r den registrerade, i enlighet med de lagar och f\u00f6rordningar som g\u00e4ller i Republiken Lettland, inkl. Allm\u00e4nna dataskyddsf\u00f6rordningen (GDPR) krav avseende behandling av fysiska personers uppgifter.<\/p><p>1.4 Den r\u00e4ttsliga grunden f\u00f6r behandlingen av personuppgifter \u00e4r den personuppgiftsansvariges behov av att fullg\u00f6ra ett avtal i vilket den registrerade \u00e4r part (att leverera k\u00f6pta varor till den registrerade, att skicka information om status f\u00f6r en best\u00e4llning, en faktura, etc.). Den registrerades e-post anv\u00e4nds ocks\u00e5 f\u00f6r att skicka kommersiell kommunikation. Genom att bes\u00f6ka och g\u00f6ra en best\u00e4llning i onlinebutiken ger den registrerade sitt samtycke till behandlingen av hans\/hennes personuppgifter f\u00f6r det specifika \u00e4ndam\u00e5let.<\/p><p>1.5 Den registrerade \u00e4r ansvarig f\u00f6r att s\u00e4kerst\u00e4lla att de personuppgifter som l\u00e4mnas \u00e4r korrekta, exakta och fullst\u00e4ndiga. Den personuppgiftsansvarige ska inte vara ansvarig f\u00f6r eventuella skador som den registrerade eller tredje part lider till f\u00f6ljd av felaktigt l\u00e4mnade personuppgifter. Den registrerade ska vara ansvarig f\u00f6r skador som \u00e5samkas den personuppgiftsansvarige eller tredje part till f\u00f6ljd av felaktigt l\u00e4mnade personuppgifter.<\/p><p><strong>2. Insamling av personuppgifter<\/strong><\/p><p>2.1 Den personuppgiftsansvarige erh\u00e5ller personuppgifter via onlinebutiken om den registrerade g\u00f6r ett k\u00f6p, via det kontaktformul\u00e4r som finns tillg\u00e4ngligt i onlinebutiken om den registrerade skickar ett meddelande, och via e-post.<\/p><p><strong>3. Behandling, lagring av personuppgifter<\/strong><\/p><p>3.1 Den personuppgiftsansvarige samlar in, behandlar och lagrar f\u00f6ljande personuppgifter om den registrerade:<\/p><p>3.1.1 Namn;<\/p><p>3.1.2. E-postadress och telefonnummer;<\/p><p>3.1.3. Information om transaktionen (k\u00f6pta varor, leveransadress, pris, betalningsuppgifter etc;)<\/p><p>3.1.4. all annan information som l\u00e4mnas vid anv\u00e4ndning av onlinebutiken, vid k\u00f6p av varor, via kontaktformul\u00e4ret eller via e-post.<\/p><p>3.2 Den personuppgiftsansvarige ska lagra och behandla den registrerades personuppgifter s\u00e5 l\u00e4nge det finns ett ber\u00e4ttigat sk\u00e4l - uppgifterna \u00e4r n\u00f6dv\u00e4ndiga f\u00f6r de \u00e4ndam\u00e5l f\u00f6r vilka de mottogs och\/eller det finns en annan r\u00e4ttslig grund i f\u00f6rh\u00e5llande till till\u00e4mpliga lagar och f\u00f6rordningar.<\/p><p>3.3 Personuppgifter ska vara tillg\u00e4ngliga f\u00f6r ett begr\u00e4nsat antal personer - endast de personer som tydligt beh\u00f6ver dem f\u00f6r att uppn\u00e5 legitima m\u00e5l.<\/p><p>3.4 Personuppgifter ska raderas n\u00e4r de inte l\u00e4ngre \u00e4r n\u00f6dv\u00e4ndiga f\u00f6r att uppn\u00e5 legitima m\u00e5l eller p\u00e5 beg\u00e4ran av den registrerade.<\/p><p>3.5 Den personuppgiftsansvarige ska \u00f6verf\u00f6ra personuppgifter till aff\u00e4rspartners i den utstr\u00e4ckning de \u00e4r n\u00f6dv\u00e4ndiga f\u00f6r att fullg\u00f6ra avtalsenliga skyldigheter gentemot den registrerade, inklusive revisorer, kurirtj\u00e4nster, leverant\u00f6rer av betaltj\u00e4nster etc.<\/p><p>3.6 Vid behov, f\u00f6r att skydda den personuppgiftsansvariges intressen, kan personuppgifter \u00f6verf\u00f6ras till statliga och brottsbek\u00e4mpande myndigheter i enlighet med lagar och f\u00f6rordningar.<\/p><p>3.7 Den personuppgiftsansvarige ska genomf\u00f6ra organisatoriska och tekniska \u00e5tg\u00e4rder f\u00f6r att s\u00e4kerst\u00e4lla s\u00e4ker lagring och behandling av personuppgifter och f\u00f6r att skydda mot oavsiktlig eller olaglig f\u00f6rst\u00f6relse, \u00e4ndring, utl\u00e4mnande och all annan olaglig behandling. Personuppgifterna lagras inom Europeiska unionens territorium.<\/p><p><strong>4. Den registrerades r\u00e4ttigheter<\/strong><\/p><p>4.1 Den personuppgiftsansvarige ska se till att den registrerade kan ut\u00f6va alla sina r\u00e4ttigheter enligt GDPR, inklusive<\/p><p>4.1.1. f\u00e5 tillg\u00e5ng till dina personuppgifter, f\u00e5 information om behandlingen av dina uppgifter, beg\u00e4ra en kopia av dina uppgifter;<\/p><p>4.1.2 Beg\u00e4ra r\u00e4ttelse av dina personuppgifter;<\/p><p>4.1.3. radera dina personuppgifter (\"bli bortgl\u00f6md\");<\/p><p>4.1.4. \u00e5terkalla ditt tidigare samtycke till databehandling;<\/p><p>4.1.5. begr\u00e4nsa behandlingen av dina uppgifter.<\/p><p>4.2 Alla anspr\u00e5k mot den personuppgiftsansvarige ska skickas elektroniskt av den registrerade till e-postadressen info@<em>innosenta.lv<\/em>s\u00e4kerst\u00e4lla att den registrerade otvetydigt kan identifieras.<\/p><p>4.3 Undantag fr\u00e5n den Registrerades r\u00e4ttigheter ska endast till\u00e5tas i enlighet med till\u00e4mpliga lagar och f\u00f6rordningar.<\/p><p><strong>5. Information om cookies<\/strong><\/p><p>5.1 Cookies \u00e4r sm\u00e5 alfanumeriska filer som laddas ner och lagras p\u00e5 den Registrerades dator eller annan enhet (t.ex. smartphone, surfplatta) och lagras i den Registrerades webbl\u00e4sare under ett bes\u00f6k p\u00e5 en webbplats. Cookies \u00e4r n\u00f6dv\u00e4ndiga f\u00f6r att den Registrerade l\u00e4ttare ska kunna anv\u00e4nda webbutikens digitala tj\u00e4nster, till exempel f\u00f6r att g\u00f6ra onlinebetalningar, f\u00f6r att den Personuppgiftsansvarige ska kunna f\u00e5 information om hur bes\u00f6kare anv\u00e4nder webbplatsen och f\u00f6r att f\u00f6rb\u00e4ttra de tj\u00e4nster som erbjuds till bes\u00f6kare.<\/p><p>5.2 Onlinebutiken anv\u00e4nder:<\/p><p>5.2.1. n\u00f6dv\u00e4ndiga cookies - dessa g\u00f6r det m\u00f6jligt f\u00f6r den registrerade att f\u00e5 tillg\u00e5ng till olika delar av webbplatsen. Dessa cookies \u00e4r n\u00f6dv\u00e4ndiga f\u00f6r att webbplatsen ska fungera och kan d\u00e4rf\u00f6r inte st\u00e4ngas av;<\/p><p>5.2.2. analytiska cookies, inkl. Google Analytics - g\u00f6r det m\u00f6jligt att sp\u00e5ra antalet bes\u00f6k och bes\u00f6ksk\u00e4llor samt bes\u00f6karnas f\u00f6rflyttning p\u00e5 sidorna s\u00e5 att den personuppgiftsansvarige kan m\u00e4ta och f\u00f6rb\u00e4ttra onlinebutikens prestanda;<\/p><p>5.2.3. marknadsf\u00f6ringscookies - riktade cookies anv\u00e4nds f\u00f6r att identifiera den registrerades f\u00f6redragna inneh\u00e5ll p\u00e5 webbplatsen och f\u00f6r att tillhandah\u00e5lla den mest relevanta informationen om produkter och tj\u00e4nster, f\u00f6r att f\u00f6rb\u00e4ttra inneh\u00e5llsanpassningen och f\u00f6r att f\u00f6rb\u00e4ttra den registrerades upplevelse p\u00e5 webbplatsen. Dessa cookies kan anv\u00e4ndas av den personuppgiftsansvarige f\u00f6r reklamkampanjer p\u00e5 tredje parts webbplatser.<\/p><p>5.3 Den registrerade kan samtycka till alla eller endast en av kategorierna av cookies genom att klicka p\u00e5 de relevanta samtyckesknapparna i popup-f\u00f6nstret p\u00e5 onlinebutikens hemsida.<\/p><p><strong>6. Slutbest\u00e4mmelser<\/strong><\/p><p>6.1 Den personuppgiftsansvarige ska ha r\u00e4tt att g\u00f6ra \u00e4ndringar eller till\u00e4gg till integritetspolicyn n\u00e4r som helst och utan f\u00f6reg\u00e5ende meddelande. \u00c4ndringar tr\u00e4der i kraft n\u00e4r de publiceras i onlinebutiken. <em>www.innosenta.com<\/em><\/p>\t\t\t\t\t\t\t\t<\/div>\n\t\t\t\t<\/div>\n\t\t\t\t\t<\/div>\n\t\t<\/div>\n\t\t\t\t\t<\/div>\n\t\t<\/section>\n\t\t\t\t<\/div>","protected":false},"excerpt":{"rendered":"<p>Integritetspolicy 1. Allm\u00e4nna villkor 1.1 I denna integritetspolicy anges hur personuppgiftsansvarig f\u00f6r webbutiken www.innosenta.com SIA \"spring breath\", org. nr. 4020338411, samlar in, behandlar och lagrar fysiska personuppgifter (personuppgifter). 1.2 Den registrerade \u00e4r kunden i webbutiken www.innosenta.com och den person som bes\u00f6ker webbutiken. 1.3 Den personuppgiftsansvarige behandlar personuppgifterna p\u00e5 ett lagligt, korrekt och f\u00f6r den registrerade \u00f6ppet s\u00e4tt, [...]<\/p>","protected":false},"author":1,"featured_media":0,"parent":0,"menu_order":0,"comment_status":"closed","ping_status":"closed","template":"","meta":{"footnotes":""},"class_list":["post-3","page","type-page","status-publish","hentry"],"_links":{"self":[{"href":"https:\/\/innosenta.com\/sv\/wp-json\/wp\/v2\/pages\/3","targetHints":{"allow":["GET"]}}],"collection":[{"href":"https:\/\/innosenta.com\/sv\/wp-json\/wp\/v2\/pages"}],"about":[{"href":"https:\/\/innosenta.com\/sv\/wp-json\/wp\/v2\/types\/page"}],"author":[{"embeddable":true,"href":"https:\/\/innosenta.com\/sv\/wp-json\/wp\/v2\/users\/1"}],"replies":[{"embeddable":true,"href":"https:\/\/innosenta.com\/sv\/wp-json\/wp\/v2\/comments?post=3"}],"version-history":[{"count":17,"href":"https:\/\/innosenta.com\/sv\/wp-json\/wp\/v2\/pages\/3\/revisions"}],"predecessor-version":[{"id":2550,"href":"https:\/\/innosenta.com\/sv\/wp-json\/wp\/v2\/pages\/3\/revisions\/2550"}],"wp:attachment":[{"href":"https:\/\/innosenta.com\/sv\/wp-json\/wp\/v2\/media?parent=3"}],"curies":[{"name":"wp","href":"https:\/\/api.w.org\/{rel}","templated":true}]}}