{"id":914,"date":"2022-11-26T15:26:25","date_gmt":"2022-11-26T15:26:25","guid":{"rendered":"https:\/\/innosenta.com\/?page_id=914"},"modified":"2024-07-26T06:38:15","modified_gmt":"2024-07-26T06:38:15","slug":"om-oss","status":"publish","type":"page","link":"https:\/\/innosenta.com\/sv\/om-oss\/","title":{"rendered":"Om oss"},"content":{"rendered":"<div data-elementor-type=\"wp-page\" data-elementor-id=\"914\" class=\"elementor elementor-914\" data-elementor-post-type=\"page\">\n\t\t\t\t\t\t<section class=\"elementor-section elementor-top-section elementor-element elementor-element-597a97f elementor-section-boxed elementor-section-height-default elementor-section-height-default\" data-id=\"597a97f\" data-element_type=\"section\">\n\t\t\t\t\t\t<div class=\"elementor-container elementor-column-gap-default\">\n\t\t\t\t\t<div class=\"elementor-column elementor-col-50 elementor-top-column elementor-element elementor-element-58c75348\" data-id=\"58c75348\" data-element_type=\"column\">\n\t\t\t<div class=\"elementor-widget-wrap elementor-element-populated\">\n\t\t\t\t\t\t<div class=\"elementor-element elementor-element-487b9c9e elementor-widget elementor-widget-image\" data-id=\"487b9c9e\" data-element_type=\"widget\" data-widget_type=\"image.default\">\n\t\t\t\t<div class=\"elementor-widget-container\">\n\t\t\t\t\t\t\t\t\t\t\t\t\t\t\t<img fetchpriority=\"high\" decoding=\"async\" width=\"768\" height=\"654\" src=\"https:\/\/innosenta.com\/wp-content\/uploads\/2022\/12\/Optimized-shutterstock_415352821-768x654.jpg\" class=\"attachment-medium_large size-medium_large wp-image-1484\" alt=\"\" srcset=\"https:\/\/innosenta.com\/wp-content\/uploads\/2022\/12\/Optimized-shutterstock_415352821-768x654.jpg 768w, https:\/\/innosenta.com\/wp-content\/uploads\/2022\/12\/Optimized-shutterstock_415352821-300x255.jpg 300w, https:\/\/innosenta.com\/wp-content\/uploads\/2022\/12\/Optimized-shutterstock_415352821-1024x872.jpg 1024w, https:\/\/innosenta.com\/wp-content\/uploads\/2022\/12\/Optimized-shutterstock_415352821-14x12.jpg 14w, https:\/\/innosenta.com\/wp-content\/uploads\/2022\/12\/Optimized-shutterstock_415352821-600x511.jpg 600w, https:\/\/innosenta.com\/wp-content\/uploads\/2022\/12\/Optimized-shutterstock_415352821.jpg 1057w\" sizes=\"(max-width: 768px) 100vw, 768px\" \/>\t\t\t\t\t\t\t\t\t\t\t\t\t\t\t<\/div>\n\t\t\t\t<\/div>\n\t\t\t\t\t<\/div>\n\t\t<\/div>\n\t\t\t\t<div class=\"elementor-column elementor-col-50 elementor-top-column elementor-element elementor-element-3b01d9c3\" data-id=\"3b01d9c3\" data-element_type=\"column\">\n\t\t\t<div class=\"elementor-widget-wrap elementor-element-populated\">\n\t\t\t\t\t\t<div class=\"elementor-element elementor-element-1f9ef248 elementor-widget elementor-widget-heading\" data-id=\"1f9ef248\" data-element_type=\"widget\" data-widget_type=\"heading.default\">\n\t\t\t\t<div class=\"elementor-widget-container\">\n\t\t\t\t\t<h2 class=\"elementor-heading-title elementor-size-default\">Vad \u00e4r Innosenta Living Cosmetics?<\/h2>\t\t\t\t<\/div>\n\t\t\t\t<\/div>\n\t\t\t\t<div class=\"elementor-element elementor-element-3ee4f946 elementor-widget elementor-widget-text-editor\" data-id=\"3ee4f946\" data-element_type=\"widget\" data-widget_type=\"text-editor.default\">\n\t\t\t\t<div class=\"elementor-widget-container\">\n\t\t\t\t\t\t\t\t\t<p>Kort sagt, en verklig raritet. Levande kosmetika k\u00e4nnetecknas av att alla r\u00e5varor som anv\u00e4nds f\u00f6r att skapa dem \u00e4r helt naturliga.<\/p><p><em>Innosenta<\/em> Produkterna \u00e4r inte \"f\u00f6rst\u00e4rkta\" med konstgjorda tillsatser, \u00e4ven om de str\u00e4ngaste certifieringssystemen f\u00f6r naturkosmetik till\u00e5ter en viss m\u00e4ngd av s\u00e5dana \u00e4mnen.<\/p><p><em>Innosenta<\/em> Levande kosmetika l\u00e5ter hudcellerna arbeta aktivt p\u00e5 egen hand, vilket skapar en mer l\u00e5ngvarig och h\u00e5llbar effekt. Till skillnad fr\u00e5n kosmetika med tillsatser, som hj\u00e4lper till att skapa den \u00f6nskade visuella effekten men f\u00f6rorenar cellerna, har v\u00e5ra produkter en harmonisk effekt p\u00e5 kroppen och f\u00f6rb\u00e4ttrar hudens cellf\u00f6rnyelse.<\/p>\t\t\t\t\t\t\t\t<\/div>\n\t\t\t\t<\/div>\n\t\t\t\t\t<\/div>\n\t\t<\/div>\n\t\t\t\t\t<\/div>\n\t\t<\/section>\n\t\t\t\t<section class=\"elementor-section elementor-top-section elementor-element elementor-element-574d4f70 elementor-reverse-tablet elementor-reverse-mobile elementor-section-boxed elementor-section-height-default elementor-section-height-default\" data-id=\"574d4f70\" data-element_type=\"section\" data-settings=\"{&quot;background_background&quot;:&quot;classic&quot;}\">\n\t\t\t\t\t\t<div class=\"elementor-container elementor-column-gap-default\">\n\t\t\t\t\t<div class=\"elementor-column elementor-col-50 elementor-top-column elementor-element elementor-element-42aa3dac\" data-id=\"42aa3dac\" data-element_type=\"column\">\n\t\t\t<div class=\"elementor-widget-wrap elementor-element-populated\">\n\t\t\t\t\t\t<div class=\"elementor-element elementor-element-f1f6a12 elementor-widget elementor-widget-heading\" data-id=\"f1f6a12\" data-element_type=\"widget\" data-widget_type=\"heading.default\">\n\t\t\t\t<div class=\"elementor-widget-container\">\n\t\t\t\t\t<h2 class=\"elementor-heading-title elementor-size-default\">Hur tillverkas den?<\/h2>\t\t\t\t<\/div>\n\t\t\t\t<\/div>\n\t\t\t\t<div class=\"elementor-element elementor-element-1d43cec elementor-widget elementor-widget-text-editor\" data-id=\"1d43cec\" data-element_type=\"widget\" data-widget_type=\"text-editor.default\">\n\t\t\t\t<div class=\"elementor-widget-container\">\n\t\t\t\t\t\t\t\t\t<p><em>Innosenta<\/em> att ge sina produkter ett merv\u00e4rde genom att anv\u00e4nda naturliga r\u00e5varor i deras naturligaste form och bevara deras inneboende egenskaper i st\u00e4llet f\u00f6r att f\u00f6rs\u00f6ka omvandla dem tekniskt.<\/p>\n<p>P\u00e5 grund av produktionsegenskaper <em>Innosenta<\/em>&nbsp;produkter \u00e4r dyrare eftersom v\u00e5ra produkter \u00e4r nytillverkade och endast inneh\u00e5ller r\u00e5varor som har beh\u00e5llit sin naturliga struktur. Hudcellerna kan interagera mer harmoniskt med dem.<\/p>\n<p>Anv\u00e4ndning av <em>Innosenta<\/em> kosmetika beh\u00f6vs en mindre m\u00e4ngd produkt f\u00f6r att uppn\u00e5 \u00f6nskad effekt. V\u00e5r kosmetika kan d\u00e4rf\u00f6r betraktas som kostnadseffektiv p\u00e5 l\u00e5ng sikt och har en l\u00e5ngvarig effekt.<\/p>\t\t\t\t\t\t\t\t<\/div>\n\t\t\t\t<\/div>\n\t\t\t\t\t<\/div>\n\t\t<\/div>\n\t\t\t\t<div class=\"elementor-column elementor-col-50 elementor-top-column elementor-element elementor-element-5be60af0\" data-id=\"5be60af0\" data-element_type=\"column\">\n\t\t\t<div class=\"elementor-widget-wrap elementor-element-populated\">\n\t\t\t\t\t\t<div class=\"elementor-element elementor-element-5ab832c9 elementor-widget elementor-widget-image\" data-id=\"5ab832c9\" data-element_type=\"widget\" data-widget_type=\"image.default\">\n\t\t\t\t<div class=\"elementor-widget-container\">\n\t\t\t\t\t\t\t\t\t\t\t\t\t\t\t<img decoding=\"async\" width=\"768\" height=\"626\" src=\"https:\/\/innosenta.com\/wp-content\/uploads\/2022\/12\/Optimized-shutterstock_426671098-768x626.jpg\" class=\"attachment-medium_large size-medium_large wp-image-1486\" alt=\"\" srcset=\"https:\/\/innosenta.com\/wp-content\/uploads\/2022\/12\/Optimized-shutterstock_426671098-768x626.jpg 768w, https:\/\/innosenta.com\/wp-content\/uploads\/2022\/12\/Optimized-shutterstock_426671098-300x244.jpg 300w, https:\/\/innosenta.com\/wp-content\/uploads\/2022\/12\/Optimized-shutterstock_426671098-1024x834.jpg 1024w, https:\/\/innosenta.com\/wp-content\/uploads\/2022\/12\/Optimized-shutterstock_426671098-15x12.jpg 15w, https:\/\/innosenta.com\/wp-content\/uploads\/2022\/12\/Optimized-shutterstock_426671098-600x489.jpg 600w, https:\/\/innosenta.com\/wp-content\/uploads\/2022\/12\/Optimized-shutterstock_426671098.jpg 1105w\" sizes=\"(max-width: 768px) 100vw, 768px\" \/>\t\t\t\t\t\t\t\t\t\t\t\t\t\t\t<\/div>\n\t\t\t\t<\/div>\n\t\t\t\t\t<\/div>\n\t\t<\/div>\n\t\t\t\t\t<\/div>\n\t\t<\/section>\n\t\t\t\t<section class=\"elementor-section elementor-top-section elementor-element elementor-element-31089194 elementor-section-boxed elementor-section-height-default elementor-section-height-default\" data-id=\"31089194\" data-element_type=\"section\">\n\t\t\t\t\t\t<div class=\"elementor-container elementor-column-gap-default\">\n\t\t\t\t\t<div class=\"elementor-column elementor-col-50 elementor-top-column elementor-element elementor-element-57c7ae68\" data-id=\"57c7ae68\" data-element_type=\"column\">\n\t\t\t<div class=\"elementor-widget-wrap elementor-element-populated\">\n\t\t\t\t\t\t<div class=\"elementor-element elementor-element-107e829b elementor-widget elementor-widget-image\" data-id=\"107e829b\" data-element_type=\"widget\" data-widget_type=\"image.default\">\n\t\t\t\t<div class=\"elementor-widget-container\">\n\t\t\t\t\t\t\t\t\t\t\t\t\t\t\t<img decoding=\"async\" width=\"768\" height=\"663\" src=\"https:\/\/innosenta.com\/wp-content\/uploads\/2022\/12\/Optimized-shutterstock_412381027-768x663.jpg\" class=\"attachment-medium_large size-medium_large wp-image-1482\" alt=\"\" srcset=\"https:\/\/innosenta.com\/wp-content\/uploads\/2022\/12\/Optimized-shutterstock_412381027-768x663.jpg 768w, https:\/\/innosenta.com\/wp-content\/uploads\/2022\/12\/Optimized-shutterstock_412381027-300x259.jpg 300w, https:\/\/innosenta.com\/wp-content\/uploads\/2022\/12\/Optimized-shutterstock_412381027-1024x884.jpg 1024w, https:\/\/innosenta.com\/wp-content\/uploads\/2022\/12\/Optimized-shutterstock_412381027-14x12.jpg 14w, https:\/\/innosenta.com\/wp-content\/uploads\/2022\/12\/Optimized-shutterstock_412381027-600x518.jpg 600w, https:\/\/innosenta.com\/wp-content\/uploads\/2022\/12\/Optimized-shutterstock_412381027.jpg 1043w\" sizes=\"(max-width: 768px) 100vw, 768px\" \/>\t\t\t\t\t\t\t\t\t\t\t\t\t\t\t<\/div>\n\t\t\t\t<\/div>\n\t\t\t\t\t<\/div>\n\t\t<\/div>\n\t\t\t\t<div class=\"elementor-column elementor-col-50 elementor-top-column elementor-element elementor-element-354350c5\" data-id=\"354350c5\" data-element_type=\"column\">\n\t\t\t<div class=\"elementor-widget-wrap elementor-element-populated\">\n\t\t\t\t\t\t<div class=\"elementor-element elementor-element-6b8d3e8b elementor-widget elementor-widget-heading\" data-id=\"6b8d3e8b\" data-element_type=\"widget\" data-widget_type=\"heading.default\">\n\t\t\t\t<div class=\"elementor-widget-container\">\n\t\t\t\t\t<h2 class=\"elementor-heading-title elementor-size-default\">Hur fungerar den?<\/h2>\t\t\t\t<\/div>\n\t\t\t\t<\/div>\n\t\t\t\t<div class=\"elementor-element elementor-element-5e26de99 elementor-widget elementor-widget-text-editor\" data-id=\"5e26de99\" data-element_type=\"widget\" data-widget_type=\"text-editor.default\">\n\t\t\t\t<div class=\"elementor-widget-container\">\n\t\t\t\t\t\t\t\t\t<p>M\u00e4nniskokroppen \u00e4r en del av naturen, s\u00e5 den p\u00e5verkas mer effektivt av allt som \u00e4r levande och vitalt.\u00a0<\/p><p><i>Innosenta<\/i> Levande kosmetika aktiverar och interagerar harmoniskt med hudcellerna.<\/p><p>Den \u00e4r b\u00e4ttre p\u00e5 att eliminera toxiner och fria radikaler. Den f\u00f6rb\u00e4ttrar hudens skyddsfunktioner, immunf\u00f6rsvar och metaboliska processer som elastin- och kollagenproduktion. Verkligt naturlig kosmetika har en mer gynnsam effekt p\u00e5 v\u00e5r hud eftersom hudcellerna absorberar de molekyler som finns i s\u00e5dana produkter mer effektivt.<\/p><p>\u00c4ven om effekterna av levande kosmetika \u00e4r harmoniska kan de ocks\u00e5 orsaka allergiska reaktioner i enskilda fall: eftersom de naturliga \u00e4mnena aktiverar cellens fysiologiska processer aktiverar de ocks\u00e5 eliminering av f\u00f6roreningar som samlats i cellen, vilket tillf\u00e4lligt kan visa sig som rodnad i huden eller orsaka andra reaktioner i kroppen.<\/p>\t\t\t\t\t\t\t\t<\/div>\n\t\t\t\t<\/div>\n\t\t\t\t\t<\/div>\n\t\t<\/div>\n\t\t\t\t\t<\/div>\n\t\t<\/section>\n\t\t\t\t<section class=\"elementor-section elementor-top-section elementor-element elementor-element-3712fa46 elementor-reverse-tablet elementor-reverse-mobile elementor-section-boxed elementor-section-height-default elementor-section-height-default\" data-id=\"3712fa46\" data-element_type=\"section\" data-settings=\"{&quot;background_background&quot;:&quot;classic&quot;}\">\n\t\t\t\t\t\t<div class=\"elementor-container elementor-column-gap-default\">\n\t\t\t\t\t<div class=\"elementor-column elementor-col-50 elementor-top-column elementor-element elementor-element-2c20c323\" data-id=\"2c20c323\" data-element_type=\"column\">\n\t\t\t<div class=\"elementor-widget-wrap elementor-element-populated\">\n\t\t\t\t\t\t<div class=\"elementor-element elementor-element-954a5ed elementor-widget elementor-widget-heading\" data-id=\"954a5ed\" data-element_type=\"widget\" data-widget_type=\"heading.default\">\n\t\t\t\t<div class=\"elementor-widget-container\">\n\t\t\t\t\t<h2 class=\"elementor-heading-title elementor-size-default\">Illusionen av \"naturlig kosmetika\"<\/h2>\t\t\t\t<\/div>\n\t\t\t\t<\/div>\n\t\t\t\t<div class=\"elementor-element elementor-element-4b2e8056 elementor-widget elementor-widget-text-editor\" data-id=\"4b2e8056\" data-element_type=\"widget\" data-widget_type=\"text-editor.default\">\n\t\t\t\t<div class=\"elementor-widget-container\">\n\t\t\t\t\t\t\t\t\t<p>De flesta s\u00e5 kallade naturliga, ekologiska och ekologiska kosmetikam\u00e4rken \u00e4r naturliga endast i den utstr\u00e4ckning som de kr\u00e4vs enligt lag eller certifieringssystem som till\u00e5ter anv\u00e4ndning av en viss m\u00e4ngd artificiellt framst\u00e4llda eller mineraliska tillsatser. De anv\u00e4nds ofta f\u00f6r att \"f\u00f6rb\u00e4ttra\" en produkt - f\u00f6r att skapa en snabbare effekt, en behagligare konsistens eller doft, eller f\u00f6r att f\u00f6rl\u00e4nga en produkts h\u00e5llbarhet.<\/p><p>Men s\u00e5dana \"f\u00f6rb\u00e4ttringar\" f\u00f6rorenar vanligtvis kroppens lymfsystem. Cellerna \u00f6verbelastas n\u00e4r de m\u00e5ste eliminera o\u00f6nskade kemiska \u00e4mnen. Med tiden f\u00f6rs\u00e4mras hudens utseende och m\u00e4nniskor b\u00f6rjar leta efter mer och mer \"effektiva\" kosmetiska produkter.<\/p><p><strong>Men du kanske ska \u00e4ndra dina hudv\u00e5rdsvanor och anv\u00e4nda kosmetika som \u00e4r helt naturlig?<\/strong><\/p>\t\t\t\t\t\t\t\t<\/div>\n\t\t\t\t<\/div>\n\t\t\t\t<div class=\"elementor-element elementor-element-fc739b5 elementor-align-left elementor-mobile-align-center elementor-hidden-desktop elementor-hidden-tablet elementor-widget elementor-widget-button\" data-id=\"fc739b5\" data-element_type=\"widget\" data-widget_type=\"button.default\">\n\t\t\t\t<div class=\"elementor-widget-container\">\n\t\t\t\t\t\t\t\t\t<div class=\"elementor-button-wrapper\">\n\t\t\t\t\t<a class=\"elementor-button elementor-button-link elementor-size-md elementor-animation-grow\" href=\"\/sv\/butik\/\">\n\t\t\t\t\t\t<span class=\"elementor-button-content-wrapper\">\n\t\t\t\t\t\t\t\t\t<span class=\"elementor-button-text\">Se produkter<\/span>\n\t\t\t\t\t<\/span>\n\t\t\t\t\t<\/a>\n\t\t\t\t<\/div>\n\t\t\t\t\t\t\t\t<\/div>\n\t\t\t\t<\/div>\n\t\t\t\t\t<\/div>\n\t\t<\/div>\n\t\t\t\t<div class=\"elementor-column elementor-col-50 elementor-top-column elementor-element elementor-element-cc906ba\" data-id=\"cc906ba\" data-element_type=\"column\">\n\t\t\t<div class=\"elementor-widget-wrap elementor-element-populated\">\n\t\t\t\t\t\t<div class=\"elementor-element elementor-element-5779a elementor-widget elementor-widget-image\" data-id=\"5779a\" data-element_type=\"widget\" data-widget_type=\"image.default\">\n\t\t\t\t<div class=\"elementor-widget-container\">\n\t\t\t\t\t\t\t\t\t\t\t\t\t\t\t<img loading=\"lazy\" decoding=\"async\" width=\"768\" height=\"512\" src=\"https:\/\/innosenta.com\/wp-content\/uploads\/2022\/12\/Optimized-shutterstock_419691331-768x512.jpg\" class=\"attachment-medium_large size-medium_large wp-image-1485\" alt=\"\" srcset=\"https:\/\/innosenta.com\/wp-content\/uploads\/2022\/12\/Optimized-shutterstock_419691331-768x512.jpg 768w, https:\/\/innosenta.com\/wp-content\/uploads\/2022\/12\/Optimized-shutterstock_419691331-300x200.jpg 300w, https:\/\/innosenta.com\/wp-content\/uploads\/2022\/12\/Optimized-shutterstock_419691331-1024x683.jpg 1024w, https:\/\/innosenta.com\/wp-content\/uploads\/2022\/12\/Optimized-shutterstock_419691331-18x12.jpg 18w, https:\/\/innosenta.com\/wp-content\/uploads\/2022\/12\/Optimized-shutterstock_419691331-600x400.jpg 600w, https:\/\/innosenta.com\/wp-content\/uploads\/2022\/12\/Optimized-shutterstock_419691331.jpg 1200w\" sizes=\"(max-width: 768px) 100vw, 768px\" \/>\t\t\t\t\t\t\t\t\t\t\t\t\t\t\t<\/div>\n\t\t\t\t<\/div>\n\t\t\t\t\t<\/div>\n\t\t<\/div>\n\t\t\t\t\t<\/div>\n\t\t<\/section>\n\t\t\t\t<\/div>","protected":false},"excerpt":{"rendered":"<p>Vad \u00e4r Innosenta Living Cosmetics? Kort sagt, en verklig s\u00e4llsynthet. Levande kosmetika k\u00e4nnetecknas av det faktum att alla r\u00e5varor som anv\u00e4nds f\u00f6r att skapa dem \u00e4r helt naturliga. Innosentas produkter \u00e4r inte \"f\u00f6rb\u00e4ttrade\" med konstgjorda tillsatser, \u00e4ven om \u00e4ven de str\u00e4ngaste certifieringssystemen f\u00f6r naturkosmetika till\u00e5ter en viss m\u00e4ngd s\u00e5dana \u00e4mnen. Innosentas levande kosmetika till\u00e5ter hudcellerna att [...]<\/p>","protected":false},"author":1,"featured_media":0,"parent":0,"menu_order":0,"comment_status":"closed","ping_status":"closed","template":"","meta":{"footnotes":""},"class_list":["post-914","page","type-page","status-publish","hentry"],"_links":{"self":[{"href":"https:\/\/innosenta.com\/sv\/wp-json\/wp\/v2\/pages\/914","targetHints":{"allow":["GET"]}}],"collection":[{"href":"https:\/\/innosenta.com\/sv\/wp-json\/wp\/v2\/pages"}],"about":[{"href":"https:\/\/innosenta.com\/sv\/wp-json\/wp\/v2\/types\/page"}],"author":[{"embeddable":true,"href":"https:\/\/innosenta.com\/sv\/wp-json\/wp\/v2\/users\/1"}],"replies":[{"embeddable":true,"href":"https:\/\/innosenta.com\/sv\/wp-json\/wp\/v2\/comments?post=914"}],"version-history":[{"count":106,"href":"https:\/\/innosenta.com\/sv\/wp-json\/wp\/v2\/pages\/914\/revisions"}],"predecessor-version":[{"id":3890,"href":"https:\/\/innosenta.com\/sv\/wp-json\/wp\/v2\/pages\/914\/revisions\/3890"}],"wp:attachment":[{"href":"https:\/\/innosenta.com\/sv\/wp-json\/wp\/v2\/media?parent=914"}],"curies":[{"name":"wp","href":"https:\/\/api.w.org\/{rel}","templated":true}]}}