{"id":1338,"date":"2022-12-30T12:39:49","date_gmt":"2022-12-30T12:39:49","guid":{"rendered":"https:\/\/innosenta.com\/?post_type=product&#038;p=1338"},"modified":"2025-01-02T17:34:58","modified_gmt":"2025-01-02T17:34:58","slug":"ansiktsskum","status":"publish","type":"product","link":"https:\/\/innosenta.com\/sv\/produkt\/ansiktsskum\/","title":{"rendered":"Skum f\u00f6r ansiktet"},"content":{"rendered":"","protected":false},"excerpt":{"rendered":"<p>Mjukt reng\u00f6ringsskum f\u00f6r ansikte, hals och dekolletage.<\/p>\n<p>Tack vare sin speciella sammans\u00e4ttning reng\u00f6r skummet skonsamt utan att torka ut huden. Detta hj\u00e4lper till att bevara hudens naturliga skyddsfunktioner och st\u00e4rker huden under reng\u00f6ringen.<\/p>\n<p>Den speciella kombinationen av kamomill, salvia, timjan och havrekolloid s\u00e4kerst\u00e4ller en effektiv effekt p\u00e5 huden av olika typer av fenoler och saponiner, vilket ger skummet en reng\u00f6rande, lugnande och antiinflammatorisk effekt.<\/p>\n<p>\u00c4ven l\u00e4mplig f\u00f6r k\u00e4nslig hud.<\/p>","protected":false},"featured_media":1413,"template":"","meta":[],"product_brand":[],"product_cat":[16,50,51],"product_tag":[43,44],"class_list":{"0":"post-1338","1":"product","2":"type-product","3":"status-publish","4":"has-post-thumbnail","6":"product_cat-visi-produkti","7":"product_cat-sejai","8":"product_cat-sejas-attirosie-lidzekli","9":"product_tag-sejai","10":"product_tag-sejas-attirosie-lidzekli","12":"first","13":"instock","14":"sale","15":"shipping-taxable","16":"purchasable","17":"product-type-variable","18":"has-default-attributes"},"wcpa_form_fields":null,"_links":{"self":[{"href":"https:\/\/innosenta.com\/sv\/wp-json\/wp\/v2\/product\/1338","targetHints":{"allow":["GET"]}}],"collection":[{"href":"https:\/\/innosenta.com\/sv\/wp-json\/wp\/v2\/product"}],"about":[{"href":"https:\/\/innosenta.com\/sv\/wp-json\/wp\/v2\/types\/product"}],"wp:featuredmedia":[{"embeddable":true,"href":"https:\/\/innosenta.com\/sv\/wp-json\/wp\/v2\/media\/1413"}],"wp:attachment":[{"href":"https:\/\/innosenta.com\/sv\/wp-json\/wp\/v2\/media?parent=1338"}],"wp:term":[{"taxonomy":"product_brand","embeddable":true,"href":"https:\/\/innosenta.com\/sv\/wp-json\/wp\/v2\/product_brand?post=1338"},{"taxonomy":"product_cat","embeddable":true,"href":"https:\/\/innosenta.com\/sv\/wp-json\/wp\/v2\/product_cat?post=1338"},{"taxonomy":"product_tag","embeddable":true,"href":"https:\/\/innosenta.com\/sv\/wp-json\/wp\/v2\/product_tag?post=1338"}],"curies":[{"name":"wp","href":"https:\/\/api.w.org\/{rel}","templated":true}]}}