{"id":1356,"date":"2022-12-09T12:00:01","date_gmt":"2022-12-09T12:00:01","guid":{"rendered":"https:\/\/innosenta.com\/?post_type=product&#038;p=1356"},"modified":"2024-08-22T10:41:46","modified_gmt":"2024-08-22T10:41:46","slug":"barojoss-kram-2","status":"publish","type":"product","link":"https:\/\/innosenta.com\/sv\/produkt\/barojoss-kram-2\/","title":{"rendered":"V\u00e5rdande kr\u00e4m"},"content":{"rendered":"","protected":false},"excerpt":{"rendered":"<p>Ger n\u00e4ring och skyddar huden. Bildar ett tunt, andningsbart lager p\u00e5 huden som skyddar den mot aggressiva effekter av yttre faktorer.<\/p>","protected":false},"featured_media":1429,"template":"","meta":[],"product_brand":[],"product_cat":[16,49,50],"product_tag":[45,43],"class_list":{"0":"post-1356","1":"product","2":"type-product","3":"status-publish","4":"has-post-thumbnail","6":"product_cat-visi-produkti","7":"product_cat-kremi","8":"product_cat-sejai","9":"product_tag-kremi","10":"product_tag-sejai","12":"first","13":"instock","14":"sale","15":"shipping-taxable","16":"purchasable","17":"product-type-variable","18":"has-default-attributes"},"wcpa_form_fields":null,"_links":{"self":[{"href":"https:\/\/innosenta.com\/sv\/wp-json\/wp\/v2\/product\/1356","targetHints":{"allow":["GET"]}}],"collection":[{"href":"https:\/\/innosenta.com\/sv\/wp-json\/wp\/v2\/product"}],"about":[{"href":"https:\/\/innosenta.com\/sv\/wp-json\/wp\/v2\/types\/product"}],"wp:featuredmedia":[{"embeddable":true,"href":"https:\/\/innosenta.com\/sv\/wp-json\/wp\/v2\/media\/1429"}],"wp:attachment":[{"href":"https:\/\/innosenta.com\/sv\/wp-json\/wp\/v2\/media?parent=1356"}],"wp:term":[{"taxonomy":"product_brand","embeddable":true,"href":"https:\/\/innosenta.com\/sv\/wp-json\/wp\/v2\/product_brand?post=1356"},{"taxonomy":"product_cat","embeddable":true,"href":"https:\/\/innosenta.com\/sv\/wp-json\/wp\/v2\/product_cat?post=1356"},{"taxonomy":"product_tag","embeddable":true,"href":"https:\/\/innosenta.com\/sv\/wp-json\/wp\/v2\/product_tag?post=1356"}],"curies":[{"name":"wp","href":"https:\/\/api.w.org\/{rel}","templated":true}]}}