{"id":1365,"date":"2022-12-27T13:29:40","date_gmt":"2022-12-27T13:29:40","guid":{"rendered":"https:\/\/innosenta.com\/?post_type=product&#038;p=1365"},"modified":"2025-03-10T20:18:36","modified_gmt":"2025-03-10T20:18:36","slug":"ansiktsvatten","status":"publish","type":"product","link":"https:\/\/innosenta.com\/sv\/produkt\/ansiktsvatten\/","title":{"rendered":"Ansiktsvatten, toning"},"content":{"rendered":"","protected":false},"excerpt":{"rendered":"<p>Uppfriskande, f\u00f6rb\u00e4ttrar hudton och elasticitet.<\/p>\n<p><span style=\"font-weight: 400;\">Hj\u00e4lper till att \u00e5terst\u00e4lla hudens syrabalans.  Rekommenderas d\u00e4rf\u00f6r s\u00e4rskilt efter anv\u00e4ndning av hudreng\u00f6ringsprodukter (skum) och f\u00f6re\/efter andra <em>Innosenta<\/em> produkter, eftersom de f\u00f6rb\u00e4ttrar absorptionen och effekten.<\/span><\/p>\n<p>&nbsp;<\/p>","protected":false},"featured_media":1407,"template":"","meta":[],"product_brand":[],"product_cat":[16,50,51,55],"product_tag":[43,44],"class_list":{"0":"post-1365","1":"product","2":"type-product","3":"status-publish","4":"has-post-thumbnail","6":"product_cat-visi-produkti","7":"product_cat-sejai","8":"product_cat-sejas-attirosie-lidzekli","9":"product_cat-toniki","10":"product_tag-sejai","11":"product_tag-sejas-attirosie-lidzekli","13":"first","14":"instock","15":"sale","16":"shipping-taxable","17":"purchasable","18":"product-type-variable","19":"has-default-attributes"},"wcpa_form_fields":null,"_links":{"self":[{"href":"https:\/\/innosenta.com\/sv\/wp-json\/wp\/v2\/product\/1365","targetHints":{"allow":["GET"]}}],"collection":[{"href":"https:\/\/innosenta.com\/sv\/wp-json\/wp\/v2\/product"}],"about":[{"href":"https:\/\/innosenta.com\/sv\/wp-json\/wp\/v2\/types\/product"}],"wp:featuredmedia":[{"embeddable":true,"href":"https:\/\/innosenta.com\/sv\/wp-json\/wp\/v2\/media\/1407"}],"wp:attachment":[{"href":"https:\/\/innosenta.com\/sv\/wp-json\/wp\/v2\/media?parent=1365"}],"wp:term":[{"taxonomy":"product_brand","embeddable":true,"href":"https:\/\/innosenta.com\/sv\/wp-json\/wp\/v2\/product_brand?post=1365"},{"taxonomy":"product_cat","embeddable":true,"href":"https:\/\/innosenta.com\/sv\/wp-json\/wp\/v2\/product_cat?post=1365"},{"taxonomy":"product_tag","embeddable":true,"href":"https:\/\/innosenta.com\/sv\/wp-json\/wp\/v2\/product_tag?post=1365"}],"curies":[{"name":"wp","href":"https:\/\/api.w.org\/{rel}","templated":true}]}}