{"id":1376,"date":"2022-12-25T13:46:22","date_gmt":"2022-12-25T13:46:22","guid":{"rendered":"https:\/\/innosenta.com\/?post_type=product&#038;p=1376"},"modified":"2024-12-20T19:34:53","modified_gmt":"2024-12-20T19:34:53","slug":"aterfuktande-antioxidantserum","status":"publish","type":"product","link":"https:\/\/innosenta.com\/sv\/produkt\/aterfuktande-antioxidantserum\/","title":{"rendered":"\u00c5terfuktande antioxidantserum"},"content":{"rendered":"","protected":false},"excerpt":{"rendered":"<p><span style=\"font-weight: 400;\">L\u00e4tt i konsistensen och absorberas snabbt av huden. Tack vare sin specialformulerade sammans\u00e4ttning \u00e4r den rik p\u00e5 antioxidanter fr\u00e5n olika v\u00e4xter, essentiella omega-3-fettsyror och hyaluronsyra som \u00e5terfuktar huden, aktiverar \u00e4mnesoms\u00e4ttningen och f\u00f6rb\u00e4ttrar hudtonen och elasticiteten.\u00a0<\/span><\/p>\n<p><span style=\"font-weight: 400;\">F\u00f6r att ge huden mer riklig n\u00e4ring kan den anv\u00e4ndas tillsammans med en kr\u00e4m, balm eller fluid, med serumet applicerat f\u00f6rst.<\/span><\/p>\n<p>Om serumet ska anv\u00e4ndas under en l\u00e4ngre tid rekommenderar vi att du v\u00e4ljer 30 ml-f\u00f6rpackningen, eftersom det \u00e4r en luftfri f\u00f6rpackning som f\u00f6rhindrar att produkten kommer i kontakt med milj\u00f6n och d\u00e4rmed ger ett b\u00e4ttre och bekv\u00e4mare skydd mot mikrobiologisk kontaminering i milj\u00f6n.<\/p>","protected":false},"featured_media":1418,"template":"","meta":[],"product_brand":[],"product_cat":[16,50,54],"product_tag":[43,47],"class_list":{"0":"post-1376","1":"product","2":"type-product","3":"status-publish","4":"has-post-thumbnail","6":"product_cat-visi-produkti","7":"product_cat-sejai","8":"product_cat-serumi","9":"product_tag-sejai","10":"product_tag-serumi","12":"first","13":"instock","14":"sale","15":"shipping-taxable","16":"purchasable","17":"product-type-variable"},"wcpa_form_fields":null,"_links":{"self":[{"href":"https:\/\/innosenta.com\/sv\/wp-json\/wp\/v2\/product\/1376","targetHints":{"allow":["GET"]}}],"collection":[{"href":"https:\/\/innosenta.com\/sv\/wp-json\/wp\/v2\/product"}],"about":[{"href":"https:\/\/innosenta.com\/sv\/wp-json\/wp\/v2\/types\/product"}],"wp:featuredmedia":[{"embeddable":true,"href":"https:\/\/innosenta.com\/sv\/wp-json\/wp\/v2\/media\/1418"}],"wp:attachment":[{"href":"https:\/\/innosenta.com\/sv\/wp-json\/wp\/v2\/media?parent=1376"}],"wp:term":[{"taxonomy":"product_brand","embeddable":true,"href":"https:\/\/innosenta.com\/sv\/wp-json\/wp\/v2\/product_brand?post=1376"},{"taxonomy":"product_cat","embeddable":true,"href":"https:\/\/innosenta.com\/sv\/wp-json\/wp\/v2\/product_cat?post=1376"},{"taxonomy":"product_tag","embeddable":true,"href":"https:\/\/innosenta.com\/sv\/wp-json\/wp\/v2\/product_tag?post=1376"}],"curies":[{"name":"wp","href":"https:\/\/api.w.org\/{rel}","templated":true}]}}