{"id":1384,"date":"2022-12-09T13:55:57","date_gmt":"2022-12-09T13:55:57","guid":{"rendered":"https:\/\/innosenta.com\/?post_type=product&#038;p=1384"},"modified":"2025-05-19T11:26:33","modified_gmt":"2025-05-19T11:26:33","slug":"ansiktsbalsam","status":"publish","type":"product","link":"https:\/\/innosenta.com\/sv\/produkt\/ansiktsbalsam\/","title":{"rendered":"Ansiktsbalsam"},"content":{"rendered":"","protected":false},"excerpt":{"rendered":"<p><span style=\"font-weight: 400;\">En n\u00e4rande balm rik p\u00e5 vitaminer och antioxidanter. Speciell luftfri f\u00f6rpackning.<\/span><\/p>\n<p><span style=\"font-weight: 400;\">Tack vare den speciella kombinationen av olika rosor tonar den huden perfekt. Inneh\u00e5ller essentiella omega-fettsyror, vitamin A, E, <\/span><span style=\"font-weight: 400;\">som beviljar <\/span><span style=\"font-weight: 400;\">produkten ocks\u00e5<\/span><span style=\"font-weight: 400;\"> N\u00e4rande, mjukg\u00f6rande och \u00e5terfuktande egenskaper.<\/span><span style=\"font-weight: 400;\">\u00a0<\/span><\/p>\n<p><span style=\"font-weight: 400;\">Bildar ett tunt, andningsbart lager p\u00e5 huden som skyddar den mot aggressiva effekter av yttre faktorer<\/span><\/p>\n<p><span style=\"font-weight: 400;\">En behaglig och delikat doft av rosor.<\/span><\/p>\n<p><span style=\"font-weight: 400;\">En mycket popul\u00e4r produkt f\u00f6r att \u00e5terst\u00e4lla och bibeh\u00e5lla hudens sk\u00f6nhet.<\/span><\/p>\n<p><img fetchpriority=\"high\" decoding=\"async\" class=\"alignnone wp-image-3706 size-medium\" src=\"https:\/\/innosenta.com\/wp-content\/uploads\/2023\/11\/WINNER-BADGE-300x300.png\" alt=\"\" width=\"300\" height=\"300\" srcset=\"https:\/\/innosenta.com\/wp-content\/uploads\/2023\/11\/WINNER-BADGE-300x300.png 300w, https:\/\/innosenta.com\/wp-content\/uploads\/2023\/11\/WINNER-BADGE-1024x1024.png 1024w, https:\/\/innosenta.com\/wp-content\/uploads\/2023\/11\/WINNER-BADGE-150x150.png 150w, https:\/\/innosenta.com\/wp-content\/uploads\/2023\/11\/WINNER-BADGE-768x768.png 768w, https:\/\/innosenta.com\/wp-content\/uploads\/2023\/11\/WINNER-BADGE-1536x1536.png 1536w, https:\/\/innosenta.com\/wp-content\/uploads\/2023\/11\/WINNER-BADGE-12x12.png 12w, https:\/\/innosenta.com\/wp-content\/uploads\/2023\/11\/WINNER-BADGE-600x600.png 600w, https:\/\/innosenta.com\/wp-content\/uploads\/2023\/11\/WINNER-BADGE-100x100.png 100w, https:\/\/innosenta.com\/wp-content\/uploads\/2023\/11\/WINNER-BADGE.png 1080w\" sizes=\"(max-width: 300px) 100vw, 300px\" \/><\/p>","protected":false},"featured_media":3746,"template":"","meta":[],"product_brand":[],"product_cat":[16,49,50],"product_tag":[45,43],"class_list":{"0":"post-1384","1":"product","2":"type-product","3":"status-publish","4":"has-post-thumbnail","6":"product_cat-visi-produkti","7":"product_cat-kremi","8":"product_cat-sejai","9":"product_tag-kremi","10":"product_tag-sejai","12":"first","13":"instock","14":"shipping-taxable","15":"purchasable","16":"product-type-variable","17":"has-default-attributes"},"wcpa_form_fields":null,"_links":{"self":[{"href":"https:\/\/innosenta.com\/sv\/wp-json\/wp\/v2\/product\/1384","targetHints":{"allow":["GET"]}}],"collection":[{"href":"https:\/\/innosenta.com\/sv\/wp-json\/wp\/v2\/product"}],"about":[{"href":"https:\/\/innosenta.com\/sv\/wp-json\/wp\/v2\/types\/product"}],"wp:featuredmedia":[{"embeddable":true,"href":"https:\/\/innosenta.com\/sv\/wp-json\/wp\/v2\/media\/3746"}],"wp:attachment":[{"href":"https:\/\/innosenta.com\/sv\/wp-json\/wp\/v2\/media?parent=1384"}],"wp:term":[{"taxonomy":"product_brand","embeddable":true,"href":"https:\/\/innosenta.com\/sv\/wp-json\/wp\/v2\/product_brand?post=1384"},{"taxonomy":"product_cat","embeddable":true,"href":"https:\/\/innosenta.com\/sv\/wp-json\/wp\/v2\/product_cat?post=1384"},{"taxonomy":"product_tag","embeddable":true,"href":"https:\/\/innosenta.com\/sv\/wp-json\/wp\/v2\/product_tag?post=1384"}],"curies":[{"name":"wp","href":"https:\/\/api.w.org\/{rel}","templated":true}]}}