{"id":3626,"date":"2022-12-06T17:43:24","date_gmt":"2022-12-06T17:43:24","guid":{"rendered":"https:\/\/innosenta.com\/?post_type=product&#038;p=3626"},"modified":"2025-05-19T11:25:14","modified_gmt":"2025-05-19T11:25:14","slug":"davanu-uppsattningar","status":"publish","type":"product","link":"https:\/\/innosenta.com\/sv\/produkt\/davanu-uppsattningar\/","title":{"rendered":"Presentf\u00f6rpackningar"},"content":{"rendered":"","protected":false},"excerpt":{"rendered":"<h3><strong>S-upps\u00e4ttning<\/strong><\/h3>\n<p>Den perfekta presenten till dina n\u00e4ra och k\u00e4ra eller till dig sj\u00e4lv p\u00e5 resan eller som ett tillf\u00e4lle att prova nya produkter f\u00f6r din hy. Njut av en komplett ansiktsritual.<\/p>\n<p>Produkterna levereras i en luftfri resef\u00f6rpackning. Ansiktsreng\u00f6ringsskum 30 ml, HydraPeptide serum 5 ml, ProbioBalance fluid 5 ml, Fuktkr\u00e4m 5 ml, Ansiktsbalsam 5 ml, Intimtv\u00e5l 15 ml<\/p>\n<h3><strong>M1 upps\u00e4ttning<\/strong><\/h3>\n<p>Den kvinnlighet och mjukhet som den kungliga damaskusrosen ger dessa produkter och de \u00e4mnen som \u00e5terst\u00e4ller hudens mikrobiom g\u00f6r huden str\u00e5lande och gl\u00f6dande. Balmen \u00e4r ocks\u00e5 perfekt f\u00f6r sj\u00e4lvmassage av ansiktet. Genom att bl\u00e5sa tonern \u00f6ver balmen absorberas den snabbare av huden.<\/p>\n<p>Inneh\u00e5ller: ansiktsbalsam med ros, ansiktsvatten med ros och neroli<\/p>\n<h3><strong>M2-kit<\/strong><\/h3>\n<p>Den perfekta kombinationen av en mild, naturlig skumreng\u00f6ring och ett mikrobiomv\u00e4nligt ansiktsvatten som balanserar hudens pH-v\u00e4rde och g\u00f6r att du k\u00e4nner dig bekv\u00e4m efter tv\u00e4tt (v\u00e5rt kranvatten \u00e4r alkaliskt, men hudens pH-v\u00e4rde \u00e4r n\u00e5got surt).<\/p>\n<p>Setet inneh\u00e5ller: ansiktsreng\u00f6ringsskum, ansiktsvatten ros och neroli.<\/p>\n<h3><strong>L Set<\/strong><\/h3>\n<p>Sk\u00e4m bort dig sj\u00e4lv och l\u00e5t din hud bli levande och str\u00e5lande med en komplett ansiktsritual. Det milda skummet reng\u00f6r \u00e4ven smink perfekt och irriterar inte dina \u00f6gon. Ansiktsvattnet fullbordar reng\u00f6ringsprocessen och balanserar hudens pH-v\u00e4rde inf\u00f6r applicering av kr\u00e4men och fr\u00e4mjar en mer aktiv interaktion mellan kr\u00e4men eller serumet och hudcellerna. HydraPeptide Serum har en v\u00e4l genomt\u00e4nkt \u00e5terfuktande effekt i flera steg - utv\u00e4ndigt\u00a0<strong>kollagen aminosyror<\/strong>samt\u00a0<strong>Arganolja,\u00a0<\/strong>som \u00e5terst\u00e4ller hudbarri\u00e4ren, verkar mer djupg\u00e5ende\u00a0<strong>liten molekyl av hyaluronsyra<\/strong>som kan tr\u00e4nga in i djupare lager av huden,\u00a0<strong>hexapeptid 11<\/strong> (peptider kan tr\u00e4nga in i huden och binda till cellreceptorer f\u00f6r att stimulera cellaktiviteten - aktivering av fibroblaster - som producerar kollagen, elastin och hyaluronsyra). P\u00e5 vintern kan serumet kompletteras med en n\u00e4rande ansiktsbalsam, som inte bara ger n\u00e4ring utan ocks\u00e5 skyddar huden mot aggressiva yttre f\u00f6rh\u00e5llanden.<\/p>\n<p>Inneh\u00e5ller: ansiktsskum, ansiktsvatten med ros och neroli, HydraPeptide-serum, ansiktsbalsam, fuktkr\u00e4m<\/p>\n<h4>ELLER SKAPA DIN EGEN PRESENTF\u00d6RPACKNING!<br \/>\nSKRIV TILL OSS: <strong>info@innosenta.lv<\/strong><\/h4>","protected":false},"featured_media":3628,"template":"","meta":[],"product_brand":[],"product_cat":[16,96],"product_tag":[],"class_list":{"0":"post-3626","1":"product","2":"type-product","3":"status-publish","4":"has-post-thumbnail","6":"product_cat-visi-produkti","7":"product_cat-davanas","9":"first","10":"instock","11":"shipping-taxable","12":"purchasable","13":"product-type-variable","14":"has-default-attributes"},"wcpa_form_fields":null,"_links":{"self":[{"href":"https:\/\/innosenta.com\/sv\/wp-json\/wp\/v2\/product\/3626","targetHints":{"allow":["GET"]}}],"collection":[{"href":"https:\/\/innosenta.com\/sv\/wp-json\/wp\/v2\/product"}],"about":[{"href":"https:\/\/innosenta.com\/sv\/wp-json\/wp\/v2\/types\/product"}],"wp:featuredmedia":[{"embeddable":true,"href":"https:\/\/innosenta.com\/sv\/wp-json\/wp\/v2\/media\/3628"}],"wp:attachment":[{"href":"https:\/\/innosenta.com\/sv\/wp-json\/wp\/v2\/media?parent=3626"}],"wp:term":[{"taxonomy":"product_brand","embeddable":true,"href":"https:\/\/innosenta.com\/sv\/wp-json\/wp\/v2\/product_brand?post=3626"},{"taxonomy":"product_cat","embeddable":true,"href":"https:\/\/innosenta.com\/sv\/wp-json\/wp\/v2\/product_cat?post=3626"},{"taxonomy":"product_tag","embeddable":true,"href":"https:\/\/innosenta.com\/sv\/wp-json\/wp\/v2\/product_tag?post=3626"}],"curies":[{"name":"wp","href":"https:\/\/api.w.org\/{rel}","templated":true}]}}