{"id":3800,"date":"2024-07-05T09:46:08","date_gmt":"2024-07-05T09:46:08","guid":{"rendered":"https:\/\/innosenta.com\/?post_type=product&#038;p=3800"},"modified":"2026-03-13T10:26:25","modified_gmt":"2026-03-13T10:26:25","slug":"intima-medicinerad-gel-med-prebiotika","status":"publish","type":"product","link":"https:\/\/innosenta.com\/sv\/produkt\/intima-medicinerad-gel-med-prebiotika\/","title":{"rendered":"Intimtv\u00e4ttgel med prebiotika"},"content":{"rendered":"","protected":false},"excerpt":{"rendered":"<ul>\n<li><strong><em>Dermatologiskt testad<\/em><\/strong><\/li>\n<li><strong><em>Mikrobiomv\u00e4nlig<\/em><\/strong><\/li>\n<\/ul>\n<p>En skonsam intimreng\u00f6ringsgel f\u00f6r varje dag. Allergifri formula, utan syntetiska konserveringsmedel och doft\u00e4mnen.<\/p>\n<p>Inneh\u00e5ller<strong> prebiuliner<\/strong>som rensar huden fr\u00e5n o\u00f6nskade mikroorganismer samtidigt som hudens mikrobiom st\u00e4rks.<\/p>\n<p><strong>Lactobacillus-ferment<\/strong> - st\u00e4rker aktivt v\u00e5rt mikrobiom och deltar i hudens f\u00f6rnyelseprocesser.<\/p>\n<p><strong>Kamomill, lavendel och ringblomma<\/strong> har lugnande, mjukg\u00f6rande och hudf\u00f6rnyande egenskaper.<\/p>","protected":false},"featured_media":3801,"template":"","meta":[],"product_brand":[],"product_cat":[16],"product_tag":[],"class_list":{"0":"post-3800","1":"product","2":"type-product","3":"status-publish","4":"has-post-thumbnail","6":"product_cat-visi-produkti","8":"first","9":"instock","10":"sale","11":"shipping-taxable","12":"purchasable","13":"product-type-variable","14":"has-default-attributes"},"wcpa_form_fields":null,"_links":{"self":[{"href":"https:\/\/innosenta.com\/sv\/wp-json\/wp\/v2\/product\/3800","targetHints":{"allow":["GET"]}}],"collection":[{"href":"https:\/\/innosenta.com\/sv\/wp-json\/wp\/v2\/product"}],"about":[{"href":"https:\/\/innosenta.com\/sv\/wp-json\/wp\/v2\/types\/product"}],"wp:featuredmedia":[{"embeddable":true,"href":"https:\/\/innosenta.com\/sv\/wp-json\/wp\/v2\/media\/3801"}],"wp:attachment":[{"href":"https:\/\/innosenta.com\/sv\/wp-json\/wp\/v2\/media?parent=3800"}],"wp:term":[{"taxonomy":"product_brand","embeddable":true,"href":"https:\/\/innosenta.com\/sv\/wp-json\/wp\/v2\/product_brand?post=3800"},{"taxonomy":"product_cat","embeddable":true,"href":"https:\/\/innosenta.com\/sv\/wp-json\/wp\/v2\/product_cat?post=3800"},{"taxonomy":"product_tag","embeddable":true,"href":"https:\/\/innosenta.com\/sv\/wp-json\/wp\/v2\/product_tag?post=3800"}],"curies":[{"name":"wp","href":"https:\/\/api.w.org\/{rel}","templated":true}]}}