{"id":3896,"date":"2024-08-04T10:50:35","date_gmt":"2024-08-04T10:50:35","guid":{"rendered":"https:\/\/innosenta.com\/?post_type=product&#038;p=3896"},"modified":"2024-12-09T14:10:27","modified_gmt":"2024-12-09T14:10:27","slug":"kit-for-ansiktsattirisering","status":"publish","type":"product","link":"https:\/\/innosenta.com\/sv\/produkt\/kit-for-ansiktsattirisering\/","title":{"rendered":"Kit f\u00f6r ansiktsreng\u00f6ring"},"content":{"rendered":"","protected":false},"excerpt":{"rendered":"<p><strong>Innosenta erbjuder den perfekta kombinationen<\/strong>\u00a0- en mild, naturlig skumreng\u00f6ring och ett mikrobiomv\u00e4nligt ansiktsvatten som balanserar hudens pH-v\u00e4rde och g\u00f6r att du k\u00e4nner dig bekv\u00e4m efter tv\u00e4tt (v\u00e5rt kranvatten \u00e4r alkaliskt, men hudens pH-v\u00e4rde \u00e4r n\u00e5got surt)<\/p>","protected":false},"featured_media":3897,"template":"","meta":[],"product_brand":[],"product_cat":[16,102,50,51],"product_tag":[],"class_list":{"0":"post-3896","1":"product","2":"type-product","3":"status-publish","4":"has-post-thumbnail","6":"product_cat-visi-produkti","7":"product_cat-best-sellers","8":"product_cat-sejai","9":"product_cat-sejas-attirosie-lidzekli","11":"first","12":"instock","13":"sale","14":"shipping-taxable","15":"purchasable","16":"product-type-simple"},"wcpa_form_fields":null,"_links":{"self":[{"href":"https:\/\/innosenta.com\/sv\/wp-json\/wp\/v2\/product\/3896","targetHints":{"allow":["GET"]}}],"collection":[{"href":"https:\/\/innosenta.com\/sv\/wp-json\/wp\/v2\/product"}],"about":[{"href":"https:\/\/innosenta.com\/sv\/wp-json\/wp\/v2\/types\/product"}],"wp:featuredmedia":[{"embeddable":true,"href":"https:\/\/innosenta.com\/sv\/wp-json\/wp\/v2\/media\/3897"}],"wp:attachment":[{"href":"https:\/\/innosenta.com\/sv\/wp-json\/wp\/v2\/media?parent=3896"}],"wp:term":[{"taxonomy":"product_brand","embeddable":true,"href":"https:\/\/innosenta.com\/sv\/wp-json\/wp\/v2\/product_brand?post=3896"},{"taxonomy":"product_cat","embeddable":true,"href":"https:\/\/innosenta.com\/sv\/wp-json\/wp\/v2\/product_cat?post=3896"},{"taxonomy":"product_tag","embeddable":true,"href":"https:\/\/innosenta.com\/sv\/wp-json\/wp\/v2\/product_tag?post=3896"}],"curies":[{"name":"wp","href":"https:\/\/api.w.org\/{rel}","templated":true}]}}