{"id":3979,"date":"2024-11-04T09:10:31","date_gmt":"2024-11-04T09:10:31","guid":{"rendered":"https:\/\/innosenta.com\/?post_type=product&#038;p=3979"},"modified":"2024-12-09T14:09:28","modified_gmt":"2024-12-09T14:09:28","slug":"hydrapeptidserum","status":"publish","type":"product","link":"https:\/\/innosenta.com\/sv\/produkt\/hydrapeptidserum\/","title":{"rendered":"HydraPeptide Serum"},"content":{"rendered":"","protected":false},"excerpt":{"rendered":"<p>\u00c5terfuktar, ger n\u00e4ring och f\u00f6ryngrar huden. L\u00e4tt i konsistensen och absorberas snabbt av huden. Utj\u00e4mnar hudtonen tack vare extrakt som hj\u00e4lper till att minska aktiviteten i de mimiska musklerna.<\/p>\n<p>Ett utm\u00e4rkt serum f\u00f6r att \u00e5terfukta huden, d\u00e4r flera steg av \u00e5terfuktning har genomt\u00e4nkts - externt verkande <strong>kollagen aminosyror<\/strong>samt <strong>Arganolja,\u00a0<\/strong>som \u00e5terst\u00e4ller hudbarri\u00e4ren, verkar mer djupg\u00e5ende <strong>liten molekyl av hyaluronsyra<\/strong>som kan tr\u00e4nga in i djupare lager av huden, <strong>hexapeptid 11<\/strong> (peptider kan tr\u00e4nga in i huden och binda till cellreceptorer f\u00f6r att stimulera cellaktivitet - aktivering av fibroblaster - som producerar kollagen, elastin och hyaluronsyra).<\/p>","protected":false},"featured_media":3980,"template":"","meta":[],"product_brand":[],"product_cat":[16,102,101],"product_tag":[],"class_list":{"0":"post-3979","1":"product","2":"type-product","3":"status-publish","4":"has-post-thumbnail","6":"product_cat-visi-produkti","7":"product_cat-best-sellers","8":"product_cat-sakumlapa","10":"first","11":"instock","12":"shipping-taxable","13":"purchasable","14":"product-type-simple"},"wcpa_form_fields":null,"_links":{"self":[{"href":"https:\/\/innosenta.com\/sv\/wp-json\/wp\/v2\/product\/3979","targetHints":{"allow":["GET"]}}],"collection":[{"href":"https:\/\/innosenta.com\/sv\/wp-json\/wp\/v2\/product"}],"about":[{"href":"https:\/\/innosenta.com\/sv\/wp-json\/wp\/v2\/types\/product"}],"wp:featuredmedia":[{"embeddable":true,"href":"https:\/\/innosenta.com\/sv\/wp-json\/wp\/v2\/media\/3980"}],"wp:attachment":[{"href":"https:\/\/innosenta.com\/sv\/wp-json\/wp\/v2\/media?parent=3979"}],"wp:term":[{"taxonomy":"product_brand","embeddable":true,"href":"https:\/\/innosenta.com\/sv\/wp-json\/wp\/v2\/product_brand?post=3979"},{"taxonomy":"product_cat","embeddable":true,"href":"https:\/\/innosenta.com\/sv\/wp-json\/wp\/v2\/product_cat?post=3979"},{"taxonomy":"product_tag","embeddable":true,"href":"https:\/\/innosenta.com\/sv\/wp-json\/wp\/v2\/product_tag?post=3979"}],"curies":[{"name":"wp","href":"https:\/\/api.w.org\/{rel}","templated":true}]}}