{"id":3982,"date":"2024-11-04T09:18:09","date_gmt":"2024-11-04T09:18:09","guid":{"rendered":"https:\/\/innosenta.com\/?post_type=product&#038;p=3982"},"modified":"2026-03-13T10:29:20","modified_gmt":"2026-03-13T10:29:20","slug":"prebiobalansvatska","status":"publish","type":"product","link":"https:\/\/innosenta.com\/sv\/produkt\/prebiobalansvatska\/","title":{"rendered":"ProbioBalance v\u00e4tska"},"content":{"rendered":"","protected":false},"excerpt":{"rendered":"<p><span style=\"font-weight: 400;\">Mild f\u00f6ryngrande, \u00e5terfuktande och lugnande effekt. L\u00e4tt konsistens, absorberas snabbt av huden. Rik p\u00e5 vitaminer, mineraler och essentiella aminosyror som f\u00f6rb\u00e4ttrar hudens ton och elasticitet. Tack vare de aktiva substanserna hj\u00e4lper den till att regenerera hudens skyddsbarri\u00e4r.\u00a0<\/span><\/p>","protected":false},"featured_media":3985,"template":"","meta":[],"product_brand":[],"product_cat":[16,53,101,50],"product_tag":[],"class_list":{"0":"post-3982","1":"product","2":"type-product","3":"status-publish","4":"has-post-thumbnail","6":"product_cat-visi-produkti","7":"product_cat-fluidi","8":"product_cat-sakumlapa","9":"product_cat-sejai","11":"first","12":"instock","13":"shipping-taxable","14":"purchasable","15":"product-type-simple"},"wcpa_form_fields":null,"_links":{"self":[{"href":"https:\/\/innosenta.com\/sv\/wp-json\/wp\/v2\/product\/3982","targetHints":{"allow":["GET"]}}],"collection":[{"href":"https:\/\/innosenta.com\/sv\/wp-json\/wp\/v2\/product"}],"about":[{"href":"https:\/\/innosenta.com\/sv\/wp-json\/wp\/v2\/types\/product"}],"wp:featuredmedia":[{"embeddable":true,"href":"https:\/\/innosenta.com\/sv\/wp-json\/wp\/v2\/media\/3985"}],"wp:attachment":[{"href":"https:\/\/innosenta.com\/sv\/wp-json\/wp\/v2\/media?parent=3982"}],"wp:term":[{"taxonomy":"product_brand","embeddable":true,"href":"https:\/\/innosenta.com\/sv\/wp-json\/wp\/v2\/product_brand?post=3982"},{"taxonomy":"product_cat","embeddable":true,"href":"https:\/\/innosenta.com\/sv\/wp-json\/wp\/v2\/product_cat?post=3982"},{"taxonomy":"product_tag","embeddable":true,"href":"https:\/\/innosenta.com\/sv\/wp-json\/wp\/v2\/product_tag?post=3982"}],"curies":[{"name":"wp","href":"https:\/\/api.w.org\/{rel}","templated":true}]}}