{"id":3983,"date":"2024-11-04T09:40:47","date_gmt":"2024-11-04T09:40:47","guid":{"rendered":"https:\/\/innosenta.com\/?post_type=product&#038;p=3983"},"modified":"2025-01-23T10:57:58","modified_gmt":"2025-01-23T10:57:58","slug":"vatrinoss-keramisk-kram","status":"publish","type":"product","link":"https:\/\/innosenta.com\/sv\/produkt\/vatrinoss-keramisk-kram\/","title":{"rendered":"\u00c5terfuktande kroppskr\u00e4m"},"content":{"rendered":"","protected":false},"excerpt":{"rendered":"<p>\u00c5terfuktar och ger n\u00e4ring \u00e5t huden. L\u00e4tt i konsistensen och absorberas snabbt av huden. Rosmarin aktiverar blodcirkulationen, kombinationen av oljor och sm\u00f6r f\u00f6rb\u00e4ttrar hudens ton och elasticitet.<\/p>","protected":false},"featured_media":5187,"template":"","meta":[],"product_brand":[],"product_cat":[16],"product_tag":[],"class_list":{"0":"post-3983","1":"product","2":"type-product","3":"status-publish","4":"has-post-thumbnail","6":"product_cat-visi-produkti","8":"first","9":"instock","10":"sale","11":"shipping-taxable","12":"purchasable","13":"product-type-simple"},"wcpa_form_fields":null,"_links":{"self":[{"href":"https:\/\/innosenta.com\/sv\/wp-json\/wp\/v2\/product\/3983","targetHints":{"allow":["GET"]}}],"collection":[{"href":"https:\/\/innosenta.com\/sv\/wp-json\/wp\/v2\/product"}],"about":[{"href":"https:\/\/innosenta.com\/sv\/wp-json\/wp\/v2\/types\/product"}],"wp:featuredmedia":[{"embeddable":true,"href":"https:\/\/innosenta.com\/sv\/wp-json\/wp\/v2\/media\/5187"}],"wp:attachment":[{"href":"https:\/\/innosenta.com\/sv\/wp-json\/wp\/v2\/media?parent=3983"}],"wp:term":[{"taxonomy":"product_brand","embeddable":true,"href":"https:\/\/innosenta.com\/sv\/wp-json\/wp\/v2\/product_brand?post=3983"},{"taxonomy":"product_cat","embeddable":true,"href":"https:\/\/innosenta.com\/sv\/wp-json\/wp\/v2\/product_cat?post=3983"},{"taxonomy":"product_tag","embeddable":true,"href":"https:\/\/innosenta.com\/sv\/wp-json\/wp\/v2\/product_tag?post=3983"}],"curies":[{"name":"wp","href":"https:\/\/api.w.org\/{rel}","templated":true}]}}