{"id":5189,"date":"2025-01-21T18:34:07","date_gmt":"2025-01-21T18:34:07","guid":{"rendered":"https:\/\/innosenta.com\/?post_type=product&#038;p=5189"},"modified":"2026-02-06T12:32:29","modified_gmt":"2026-02-06T12:32:29","slug":"mama-beauty-ogonbryn-och-ogonfransar-keratin-med-fixering","status":"publish","type":"product","link":"https:\/\/innosenta.com\/sv\/produkt\/mama-beauty-ogonbryn-och-ogonfransar-keratin-med-fixering\/","title":{"rendered":"MaMa BEAUTY Keratin f\u00f6r \u00f6gonbryn och \u00f6gonfransar med fixativ"},"content":{"rendered":"","protected":false},"excerpt":{"rendered":"<p><em>Innosenta<\/em> en produkt utvecklad f\u00f6r \u00f6gonbryn och \u00f6gonfransar med fixering. \u00c5terfuktar, \u00e5terst\u00e4ller, ger n\u00e4ring, m\u00e4ttar, fixerar och ger en h\u00e4lsosam glans. Hj\u00e4lper till att st\u00e4rka \u00f6gonbrynens form. Skyddar mot milj\u00f6ns skadliga effekter, \u00e5terst\u00e4ller det naturliga keratinlagret. F\u00f6rl\u00e4nger effekten efter lamineringsf\u00f6rfarandet.<\/p>\n<p><strong>Hydrolyserat keratin<\/strong> f\u00f6rb\u00e4ttrar h\u00e5rets struktur och g\u00f6r det starkare<strong>. <\/strong><strong>Arganolja<\/strong> hj\u00e4lper till att g\u00f6ra \u00f6gonbrynen glansigare, p\u00e5skyndar tillv\u00e4xten och f\u00f6rhindrar sk\u00f6rhet. <strong>Castorolja<\/strong> hj\u00e4lper till att st\u00e4rka h\u00e5ret.<\/p>\n<p>Volym: 4 ml.<\/p>","protected":false},"featured_media":5193,"template":"","meta":[],"product_brand":[],"product_cat":[16],"product_tag":[],"class_list":{"0":"post-5189","1":"product","2":"type-product","3":"status-publish","4":"has-post-thumbnail","6":"product_cat-visi-produkti","8":"first","9":"instock","10":"shipping-taxable","11":"purchasable","12":"product-type-simple"},"wcpa_form_fields":null,"_links":{"self":[{"href":"https:\/\/innosenta.com\/sv\/wp-json\/wp\/v2\/product\/5189","targetHints":{"allow":["GET"]}}],"collection":[{"href":"https:\/\/innosenta.com\/sv\/wp-json\/wp\/v2\/product"}],"about":[{"href":"https:\/\/innosenta.com\/sv\/wp-json\/wp\/v2\/types\/product"}],"wp:featuredmedia":[{"embeddable":true,"href":"https:\/\/innosenta.com\/sv\/wp-json\/wp\/v2\/media\/5193"}],"wp:attachment":[{"href":"https:\/\/innosenta.com\/sv\/wp-json\/wp\/v2\/media?parent=5189"}],"wp:term":[{"taxonomy":"product_brand","embeddable":true,"href":"https:\/\/innosenta.com\/sv\/wp-json\/wp\/v2\/product_brand?post=5189"},{"taxonomy":"product_cat","embeddable":true,"href":"https:\/\/innosenta.com\/sv\/wp-json\/wp\/v2\/product_cat?post=5189"},{"taxonomy":"product_tag","embeddable":true,"href":"https:\/\/innosenta.com\/sv\/wp-json\/wp\/v2\/product_tag?post=5189"}],"curies":[{"name":"wp","href":"https:\/\/api.w.org\/{rel}","templated":true}]}}