{"id":5195,"date":"2025-01-23T11:07:04","date_gmt":"2025-01-23T11:07:04","guid":{"rendered":"https:\/\/innosenta.com\/?post_type=product&#038;p=5195"},"modified":"2026-03-13T10:30:45","modified_gmt":"2026-03-13T10:30:45","slug":"barojoss-lupusbalsam","status":"publish","type":"product","link":"https:\/\/innosenta.com\/sv\/produkt\/barojoss-lupusbalsam\/","title":{"rendered":"V\u00e5rdande l\u00e4ppbalsam"},"content":{"rendered":"","protected":false},"excerpt":{"rendered":"<p>En naturlig formula med bisabolol, ringblomma och sheasm\u00f6r som hj\u00e4lper till att lugna, f\u00f6ryngra och bevara fukten under hela dagen.<\/p>\n<p>Doft- och f\u00e4rg\u00e4mnesfri. L\u00e4mplig f\u00f6r k\u00e4nsliga l\u00e4ppar och f\u00f6r anv\u00e4ndning i alla v\u00e4derf\u00f6rh\u00e5llanden.<\/p>","protected":false},"featured_media":5196,"template":"","meta":[],"product_brand":[],"product_cat":[16,102,101],"product_tag":[],"class_list":{"0":"post-5195","1":"product","2":"type-product","3":"status-publish","4":"has-post-thumbnail","6":"product_cat-visi-produkti","7":"product_cat-best-sellers","8":"product_cat-sakumlapa","10":"first","11":"instock","12":"shipping-taxable","13":"purchasable","14":"product-type-simple"},"wcpa_form_fields":null,"_links":{"self":[{"href":"https:\/\/innosenta.com\/sv\/wp-json\/wp\/v2\/product\/5195","targetHints":{"allow":["GET"]}}],"collection":[{"href":"https:\/\/innosenta.com\/sv\/wp-json\/wp\/v2\/product"}],"about":[{"href":"https:\/\/innosenta.com\/sv\/wp-json\/wp\/v2\/types\/product"}],"wp:featuredmedia":[{"embeddable":true,"href":"https:\/\/innosenta.com\/sv\/wp-json\/wp\/v2\/media\/5196"}],"wp:attachment":[{"href":"https:\/\/innosenta.com\/sv\/wp-json\/wp\/v2\/media?parent=5195"}],"wp:term":[{"taxonomy":"product_brand","embeddable":true,"href":"https:\/\/innosenta.com\/sv\/wp-json\/wp\/v2\/product_brand?post=5195"},{"taxonomy":"product_cat","embeddable":true,"href":"https:\/\/innosenta.com\/sv\/wp-json\/wp\/v2\/product_cat?post=5195"},{"taxonomy":"product_tag","embeddable":true,"href":"https:\/\/innosenta.com\/sv\/wp-json\/wp\/v2\/product_tag?post=5195"}],"curies":[{"name":"wp","href":"https:\/\/api.w.org\/{rel}","templated":true}]}}